{"id":3195,"date":"2024-10-26T11:18:45","date_gmt":"2024-10-26T09:18:45","guid":{"rendered":"https:\/\/34.88.231.180\/?post_type=product&#038;p=3195"},"modified":"2026-04-01T00:00:41","modified_gmt":"2026-03-31T22:00:41","slug":"protein-bites","status":"publish","type":"product","link":"https:\/\/www.selfprotein.com\/fi\/tuote\/protein-bites\/","title":{"rendered":"Protein Bites"},"content":{"rendered":"<p><strong>Protein Bites<\/strong><\/p>\n<p>Proteiinipalat ovat ihanteellisia v\u00e4lipalan himon tyydytt\u00e4miseen tinkim\u00e4tt\u00e4 tasapainosta ravitsemuksellisesti. Korkealaatuisten ainesosien ja ravitsemuksellisesti tasapainoisen profiilin ansiosta t\u00e4m\u00e4 v\u00e4lipala on loistava valinta niille, jotka etsiv\u00e4t terveellist\u00e4 ja t\u00e4ytt\u00e4v\u00e4\u00e4 v\u00e4lipalaa.<\/p>\n<p><strong>Tuotteen edut:<\/strong><\/p>\n<ul>\n<li><strong>V\u00e4hennetyt hiilihydraatit:<\/strong> Valmistettu tapioka ja resistentti t\u00e4rkkelys vehn\u00e4gluteeni, t\u00e4m\u00e4 v\u00e4lipala tarjoaa alennetun tason hiilihydraatteja, ihanteellinen niille, jotka noudattavat v\u00e4h\u00e4hiilihydraattista ruokavaliota tai haluaa valvoa hiilihydraattien saantia.<\/li>\n<li><strong>Runsaasti kuitua:<\/strong> Resistentin tapiokat\u00e4rkkelyksen ja leseiden lis\u00e4\u00e4misen ansiosta v\u00e4lipala on kuitupitoinen, mik\u00e4 parantaa ruoansulatusta ja edist\u00e4\u00e4 suoliston hyvinvointia.<\/li>\n<li><strong>Proteiinil\u00e4hde:<\/strong> Soijaproteiinit tarjoavat merkitt\u00e4v\u00e4n proteiinim\u00e4\u00e4r\u00e4n, joka on v\u00e4ltt\u00e4m\u00e4t\u00f6n lihasmassan kasvulle ja yll\u00e4pit\u00e4miselle.<\/li>\n<li><strong>Ekstra-neitsytoliivi\u00f6ljy:<\/strong> Ekstra-neitsytoliivi\u00f6ljy tarjoaa monityydyttym\u00e4tt\u00f6mi\u00e4 terveellisi\u00e4 rasvoja, jotka tukevat syd\u00e4n- ja verisuoniterveytt\u00e4 ja edist\u00e4v\u00e4t yleist\u00e4 hyvinvointia.<\/li>\n<\/ul>\n<p>&nbsp;<\/p>\n<p><strong>Ilmoitus:<\/strong><\/p>\n<ul>\n<li>allergeenit: gluteeni, soija.<\/li>\n<li>ristikontaminaatio: p\u00e4hkin\u00e4t, seesaminsiemenet.<\/li>\n<\/ul>","protected":false},"excerpt":{"rendered":"<p>Proteiinipurut Proteiinipurut ovat ihanteellisia v\u00e4lipalan himon tyydytt\u00e4miseen tinkim\u00e4tt\u00e4 tasapainosta ravitsemuksellisesti. Korkealaatuisten ainesosien ja ravitsemuksellisesti tasapainoisen profiilin ansiosta t\u00e4m\u00e4 v\u00e4lipala on loistava valinta niille, jotka etsiv\u00e4t terveellist\u00e4 ja t\u00e4ytt\u00e4v\u00e4\u00e4 v\u00e4lipalaa. Tuotteen edut: V\u00e4hennetyt hiilihydraatit: T\u00e4m\u00e4 v\u00e4lipala on valmistettu tapiokasta ja resistentist\u00e4 t\u00e4rkkelyksest\u00e4 vehn\u00e4gluteenista, [...].<\/p>","protected":false},"featured_media":8125,"template":"","meta":[],"product_cat":[313,210],"product_tag":[316,223],"class_list":{"0":"post-3195","1":"product","2":"type-product","3":"status-publish","4":"has-post-thumbnail","6":"product_cat-protein-snacks-and-fit-food","7":"product_cat-snacks-meal-solutions","8":"product_tag-protein-snacks-fit-food","9":"product_tag-snacks-meal-solutions","11":"first","12":"instock","13":"sale","14":"taxable","15":"shipping-taxable","16":"purchasable","17":"product-type-variable","18":"has-default-attributes"},"aioseo_notices":[],"_links":{"self":[{"href":"https:\/\/www.selfprotein.com\/fi\/wp-json\/wp\/v2\/product\/3195"}],"collection":[{"href":"https:\/\/www.selfprotein.com\/fi\/wp-json\/wp\/v2\/product"}],"about":[{"href":"https:\/\/www.selfprotein.com\/fi\/wp-json\/wp\/v2\/types\/product"}],"wp:featuredmedia":[{"embeddable":true,"href":"https:\/\/www.selfprotein.com\/fi\/wp-json\/wp\/v2\/media\/8125"}],"wp:attachment":[{"href":"https:\/\/www.selfprotein.com\/fi\/wp-json\/wp\/v2\/media?parent=3195"}],"wp:term":[{"taxonomy":"product_cat","embeddable":true,"href":"https:\/\/www.selfprotein.com\/fi\/wp-json\/wp\/v2\/product_cat?post=3195"},{"taxonomy":"product_tag","embeddable":true,"href":"https:\/\/www.selfprotein.com\/fi\/wp-json\/wp\/v2\/product_tag?post=3195"}],"curies":[{"name":"wp","href":"https:\/\/api.w.org\/{rel}","templated":true}]}}