{"id":3212,"date":"2024-02-28T15:23:56","date_gmt":"2024-02-28T14:23:56","guid":{"rendered":"https:\/\/34.88.231.180\/?post_type=product&#038;p=3212"},"modified":"2026-04-01T00:00:49","modified_gmt":"2026-03-31T22:00:49","slug":"100-micro-whey-active","status":"publish","type":"product","link":"https:\/\/www.selfprotein.com\/fi\/tuote\/100-micro-whey-active\/","title":{"rendered":"100% Micro Whey Active"},"content":{"rendered":"<p style=\"text-align: left\" align=\"center\"><strong><span lang=\"en-US\">100% Micro Whey Active<\/span><\/strong><\/p>\n<p><span lang=\"en-US\">Heraproteiini-isolaatti (WPI) on arvokas liittolainen kuntoilun ja kehonrakennuksen alalla. T\u00e4m\u00e4 maitoproteiiniuute, joka on saatu kohdennetun suodatusprosessin avulla, erottuu korkealla proteiinipitoisuudellaan ja poistaa suurimman osan hiilihydraateista ja rasvoista. T\u00e4m\u00e4 tekee siit\u00e4 ihanteellisen vaihtoehdon niille, jotka etsiv\u00e4t korkealaatuista proteiinitukea.<\/span><\/p>\n<p><span lang=\"en-US\">Heraproteiini-isolaatti tarjoaa useita etuja, jotka tekev\u00e4t siit\u00e4 yhden suosituimmista vaihtoehdoista kuntoilun ja kehonrakennuksen maailmassa:<\/span><\/p>\n<ul>\n<li><strong><span lang=\"en-US\">Korkea proteiinipitoisuus:<\/span><\/strong><span lang=\"en-US\"> Eristysprosessi v\u00e4hent\u00e4\u00e4 merkitt\u00e4v\u00e4sti hiilihydraattien ja rasvojen m\u00e4\u00e4r\u00e4\u00e4 ja maksimoi proteiinipitoisuuden. N\u00e4in varmistetaan proteiinien runsas saanti, joka on v\u00e4ltt\u00e4m\u00e4t\u00f6nt\u00e4 proteiinisynteesin ja lihasten kasvun kannalta.<\/span><\/li>\n<li><strong><span lang=\"en-US\">T\u00e4ydellinen aminohappoprofiili<\/span><\/strong><span lang=\"en-US\"><strong>:<\/strong> Heraproteiini-isolaatti sis\u00e4lt\u00e4\u00e4 kaikkia v\u00e4ltt\u00e4m\u00e4tt\u00f6mi\u00e4 aminohappoja, jotka tarjoavat keholle kaikki lihaskudoksen rakentamiseen ja yll\u00e4pit\u00e4miseen tarvittavat ravintoaineet.<\/span><\/li>\n<li><strong><span lang=\"en-US\">Nopea imeytyminen:<\/span><\/strong><span lang=\"en-US\"> Eritt\u00e4in liukoisen luonteensa ansiosta WPI imeytyy nopeasti elimist\u00f6\u00f6n. T\u00e4m\u00e4 ominaisuus tekee siit\u00e4 ihanteellisen kulutukseen ennen tai j\u00e4lkeen harjoitusten, auttaa optimoimaan palautumista ja lihasten kasvuprosesseja.<\/span><\/li>\n<li><strong><span lang=\"en-US\">Helppo sulavuus:<\/span><\/strong><span lang=\"en-US\"> Heraproteiini-isolaatti on yleisesti ottaen ruoansulatuskanavan hyvin siet\u00e4m\u00e4, mik\u00e4 v\u00e4hent\u00e4\u00e4 ruoansulatuskanavan ep\u00e4mukavuuden riski\u00e4. T\u00e4m\u00e4n vuoksi se sopii my\u00f6s niille, joilla voi olla ruoka-aineyliherkkyytt\u00e4 tai -intoleranssia.<\/span><\/li>\n<li><span lang=\"en-US\"><strong>Kulutuksen monipuolisuus<\/strong>: <\/span><span lang=\"en-US\">Heraproteiini-isolaattia on saatavilla eri muodoissa, kuten nesteisiin sekoitettavana jauheena tai juomavalmisteena, ja se tarjoaa joustavuutta p\u00e4ivitt\u00e4iseen ruokavalioon.<\/span><\/li>\n<li><strong><span lang=\"en-US\">T\u00e4ytt\u00e4\u00e4 proteiinivaatimukset:<\/span><\/strong><span lang=\"en-US\"> Heraproteiini-isolaatin s\u00e4\u00e4nn\u00f6llinen nauttiminen voi auttaa t\u00e4ytt\u00e4m\u00e4\u00e4n p\u00e4ivitt\u00e4iset proteiinitarpeet, edist\u00e4\u00e4 lihasmassan s\u00e4ilymist\u00e4 ja tukea harjoittelua.<\/span><\/li>\n<\/ul>\n<p>&nbsp;<\/p>\n<p><strong><span lang=\"en-US\">Suositeltu k\u00e4ytt\u00f6<\/span><\/strong><\/p>\n<p><span lang=\"en-US\">1-3 annosta p\u00e4iv\u00e4ss\u00e4 riippuen yksil\u00f6llisist\u00e4 tarpeista ja ottaen huomioon muut ravinnon proteiinil\u00e4hteet.<\/span><\/p>\n<p><strong>Ilmoitus:<\/strong><\/p>\n<ul>\n<li>Vain aikuisille, eik\u00e4 se korvaa monipuolista, tasapainoista ruokavaliota ja terveellisi\u00e4 el\u00e4m\u00e4ntapoja.<\/li>\n<li>\u00c4l\u00e4 ylit\u00e4 suositeltua annosta.<\/li>\n<li>\u00c4l\u00e4 k\u00e4yt\u00e4 sit\u00e4 imetyksen tai raskauden aikana neuvottelematta l\u00e4\u00e4k\u00e4rin kanssa.<\/li>\n<li>S\u00e4ilyt\u00e4 tuote viile\u00e4ss\u00e4, kuivassa paikassa hyvin suljetussa pakkauksessa alle 3-vuotiaiden lasten ulottumattomissa.<\/li>\n<li>Saattaa sis\u00e4lt\u00e4\u00e4 pieni\u00e4 m\u00e4\u00e4ri\u00e4 kauraa, kananmunaa ja soijaa.<\/li>\n<li>Gluteeniton.<\/li>\n<\/ul>","protected":false},"excerpt":{"rendered":"<p>100% Micro Whey Active Whey Protein Isolate (WPI) on arvokas liittolainen kuntoilun ja kehonrakennuksen alalla. T\u00e4m\u00e4 kohdennetun suodatusprosessin avulla saatu maitoproteiiniuute erottuu korkealla proteiinipitoisuudellaan, jolloin suurin osa hiilihydraateista ja rasvoista j\u00e4\u00e4 pois. T\u00e4m\u00e4 tekee siit\u00e4 ihanteellisen vaihtoehdon niille, jotka etsiv\u00e4t korkealaatuista proteiinitukea. Heraproteiini [...]<\/p>","protected":false},"featured_media":5673,"template":"","meta":[],"product_cat":[158,308],"product_tag":[18,318],"class_list":{"0":"post-3212","1":"product","2":"type-product","3":"status-publish","4":"has-post-thumbnail","6":"product_cat-proteins","7":"product_cat-strength-and-muscle-mass","8":"product_tag-proteins","9":"product_tag-strength-and-muscle-mass","11":"first","12":"instock","13":"taxable","14":"shipping-taxable","15":"purchasable","16":"product-type-variable"},"aioseo_notices":[],"_links":{"self":[{"href":"https:\/\/www.selfprotein.com\/fi\/wp-json\/wp\/v2\/product\/3212"}],"collection":[{"href":"https:\/\/www.selfprotein.com\/fi\/wp-json\/wp\/v2\/product"}],"about":[{"href":"https:\/\/www.selfprotein.com\/fi\/wp-json\/wp\/v2\/types\/product"}],"wp:featuredmedia":[{"embeddable":true,"href":"https:\/\/www.selfprotein.com\/fi\/wp-json\/wp\/v2\/media\/5673"}],"wp:attachment":[{"href":"https:\/\/www.selfprotein.com\/fi\/wp-json\/wp\/v2\/media?parent=3212"}],"wp:term":[{"taxonomy":"product_cat","embeddable":true,"href":"https:\/\/www.selfprotein.com\/fi\/wp-json\/wp\/v2\/product_cat?post=3212"},{"taxonomy":"product_tag","embeddable":true,"href":"https:\/\/www.selfprotein.com\/fi\/wp-json\/wp\/v2\/product_tag?post=3212"}],"curies":[{"name":"wp","href":"https:\/\/api.w.org\/{rel}","templated":true}]}}