{"id":322,"date":"2023-11-27T12:58:55","date_gmt":"2023-11-27T11:58:55","guid":{"rendered":"https:\/\/34.88.231.180\/product\/arginine-alpha-ketoglutarate-aakg\/"},"modified":"2026-04-01T00:00:07","modified_gmt":"2026-03-31T22:00:07","slug":"arginine-alpha-ketoglutarate-akg","status":"publish","type":"product","link":"https:\/\/www.selfprotein.com\/fi\/tuote\/arginine-alpha-ketoglutarate-akg\/","title":{"rendered":"Arginine Alpha Ketoglutarate (AKG)"},"content":{"rendered":"<p style=\"text-align: left;\" align=\"center\"><strong><span lang=\"en-US\">Arginiini alfa-ketoglutaraatti<\/span><\/strong><\/p>\n<p><span lang=\"en-US\">Arginiini alfa-ketoglutaraatti (AAKG) on yhdiste, joka on valmistettu aminohappo arginiinista ja alfa-ketoglutaraatista, joka on v\u00e4litt\u00e4j\u00e4aine sitruunahapposyklin\u00e4 tunnetussa aineenvaihduntaprosessissa. AAKG:t\u00e4 mainostetaan usein ravintolis\u00e4n\u00e4 kehonrakennus- ja kuntosaliteollisuudessa, ja sen katsotaan parantavan verenkiertoa, lis\u00e4\u00e4v\u00e4n energiatasoja ja parantavan urheilusuoritusta.<\/span><\/p>\n<p><span lang=\"en-US\">Tuotteen edut:<\/span><\/p>\n<ul>\n<li><strong><span lang=\"en-US\">Parannettu verenkierto:<\/span><\/strong><span lang=\"en-US\"> AAKG voi auttaa parantamaan verenkiertoa lis\u00e4\u00e4m\u00e4ll\u00e4 typpioksidin tuotantoa, molekyyli, joka edist\u00e4\u00e4 verisuonten rentoutumista ja parantaa verenkiertoa.<\/span><\/li>\n<li><strong><span lang=\"en-US\">Lis\u00e4\u00e4ntyneet energiatasot:<\/span><\/strong><span lang=\"en-US\"> AAKG:n lis\u00e4\u00e4minen ruokavalioon voi lis\u00e4t\u00e4 energiatasoa, mik\u00e4 tukee intensiivist\u00e4 ja pitk\u00e4kestoista fyysist\u00e4 toimintaa.<\/span><\/li>\n<li><strong><span lang=\"en-US\">Parannettu urheilullinen suorituskyky:<\/span><\/strong><span lang=\"en-US\"> AAKG:n uskotaan parantavan urheilusuoritusta mahdollistamalla paremman verisuonten laajentumisen ja suuremman ravinteiden ja hapen saannin lihaksiin harjoituksen aikana.<\/span><\/li>\n<li><strong><span lang=\"en-US\">Tuki kehonrakennukselle:<\/span><\/strong><span lang=\"en-US\"> Koska AAKG:ll\u00e4 on v\u00e4itetty olevan vaikutuksia verenkiertoon ja energiaan, sit\u00e4 k\u00e4ytet\u00e4\u00e4n usein kehonrakennuksen yhteydess\u00e4 edist\u00e4m\u00e4\u00e4n lihasten kasvua ja parantamaan palautumista intensiivisen harjoittelun j\u00e4lkeen.<\/span><\/li>\n<\/ul>\n<p>&nbsp;<\/p>\n<p><strong><span lang=\"en-US\">Suositeltu k\u00e4ytt\u00f6<\/span><\/strong><\/p>\n<p><span lang=\"en-US\">1 annos 30-45 minuuttia ennen liikuntaa ja 1 annos ennen nukkumaanmenoa.<\/span><\/p>\n<p><strong>Ilmoitus:<\/strong><\/p>\n<ul>\n<li>Vain aikuisille, eik\u00e4 se korvaa monipuolista, tasapainoista ruokavaliota ja terveellisi\u00e4 el\u00e4m\u00e4ntapoja.<\/li>\n<li>\u00c4l\u00e4 ylit\u00e4 suositeltua annosta.<\/li>\n<li>\u00c4l\u00e4 k\u00e4yt\u00e4 sit\u00e4 imetyksen tai raskauden aikana neuvottelematta l\u00e4\u00e4k\u00e4rin kanssa.<\/li>\n<li>S\u00e4ilyt\u00e4 tuote viile\u00e4ss\u00e4, kuivassa paikassa hyvin suljetussa pakkauksessa alle 3-vuotiaiden lasten ulottumattomissa.<\/li>\n<li>Saattaa sis\u00e4lt\u00e4\u00e4 pieni\u00e4 m\u00e4\u00e4ri\u00e4 kauraa, kananmunaa, soijaa ja maitoa.<\/li>\n<li>Laktoositon ja Gluteeniton.<\/li>\n<\/ul>","protected":false},"excerpt":{"rendered":"<details>\n<summary>Ainesosat<\/summary>\n<table style=\"text-align: center;\">\n<tbody>\n<tr>\n<th>Ainesosat<\/th>\n<th>3 v\u00e4lilehte\u00e4 kohti<\/th>\n<\/tr>\n<tr>\n<td>Arginiini alfa-ketoglutaraatti<\/td>\n<td>3000mg<\/td>\n<\/tr>\n<tr>\n<td colspan=\"2\"><strong>Muut ainesosat: <\/strong>stabilointiaineet (E460, E470b, E551)<\/td>\n<\/tr>\n<\/tbody>\n<\/table>\n<\/details>\n<p>&nbsp;<\/p>","protected":false},"featured_media":323,"template":"","meta":[],"product_cat":[310,217],"product_tag":[315,230],"class_list":{"0":"post-322","1":"product","2":"type-product","3":"status-publish","4":"has-post-thumbnail","6":"product_cat-performance-and-endurance","7":"product_cat-pre-workout-energy","8":"product_tag-performance-and-endurance","9":"product_tag-pre-workout-energy","11":"first","12":"instock","13":"taxable","14":"shipping-taxable","15":"purchasable","16":"product-type-simple"},"aioseo_notices":[],"_links":{"self":[{"href":"https:\/\/www.selfprotein.com\/fi\/wp-json\/wp\/v2\/product\/322"}],"collection":[{"href":"https:\/\/www.selfprotein.com\/fi\/wp-json\/wp\/v2\/product"}],"about":[{"href":"https:\/\/www.selfprotein.com\/fi\/wp-json\/wp\/v2\/types\/product"}],"wp:featuredmedia":[{"embeddable":true,"href":"https:\/\/www.selfprotein.com\/fi\/wp-json\/wp\/v2\/media\/323"}],"wp:attachment":[{"href":"https:\/\/www.selfprotein.com\/fi\/wp-json\/wp\/v2\/media?parent=322"}],"wp:term":[{"taxonomy":"product_cat","embeddable":true,"href":"https:\/\/www.selfprotein.com\/fi\/wp-json\/wp\/v2\/product_cat?post=322"},{"taxonomy":"product_tag","embeddable":true,"href":"https:\/\/www.selfprotein.com\/fi\/wp-json\/wp\/v2\/product_tag?post=322"}],"curies":[{"name":"wp","href":"https:\/\/api.w.org\/{rel}","templated":true}]}}