{"id":325,"date":"2023-11-27T12:59:00","date_gmt":"2023-11-27T11:59:00","guid":{"rendered":"https:\/\/34.88.231.180\/product\/b-complex-vitamin-c-zinc\/"},"modified":"2026-05-01T00:23:41","modified_gmt":"2026-04-30T22:23:41","slug":"b-complex-vitamin-c-zinc","status":"publish","type":"product","link":"https:\/\/www.selfprotein.com\/fi\/tuote\/b-complex-vitamin-c-zinc\/","title":{"rendered":"B Complex Vitamin C + Zinc"},"content":{"rendered":"<p style=\"text-align: left;\" align=\"center\"><strong><span lang=\"en-US\">B-kompleksi C-vitamiini + sinkki<\/span><\/strong><\/p>\n<p><span lang=\"en-US\">B-vitamiini on kahdeksan vesiliukoisen vitamiinin ryhm\u00e4, joka on v\u00e4ltt\u00e4m\u00e4t\u00f6n useille kehon toiminnoille, kuten energia-aineenvaihdunnalle, hermoston toiminnalle sek\u00e4 solujen kasvulle ja kehitykselle.<\/span><\/p>\n<p><span lang=\"en-US\">Riitt\u00e4v\u00e4n B-vitamiinin saannin varmistaminen ruokavalion tai lis\u00e4ravinteiden avulla voi edist\u00e4\u00e4 energia-aineenvaihduntaa, hermoston toimintaa ja solujen kasvua ja siten edist\u00e4\u00e4 yleist\u00e4 terveytt\u00e4 ja hyvinvointia.<\/span><\/p>\n<p><span lang=\"en-US\">T\u00e4ss\u00e4 ovat B-vitamiinin edut:<\/span><\/p>\n<ul>\n<li><strong><span lang=\"en-US\">Tiamiini (B1): <\/span><\/strong><span lang=\"en-US\">Auttaa elimist\u00f6\u00e4 muuntamaan ruoan energiaksi ja vaikuttaa hermojen, lihasten ja syd\u00e4men toimintaan.<\/span><\/li>\n<li><strong><span lang=\"en-US\">Riboflaviini (B2):<\/span><\/strong><span lang=\"en-US\"> Edist\u00e4\u00e4 ruoan muuntamista energiaksi ja on t\u00e4rke\u00e4 ihon, silmien ja hermoston terveydelle.<\/span><\/li>\n<li><strong><span lang=\"en-US\">Niasiini (B3):<\/span><\/strong><span lang=\"en-US\"> Edist\u00e4\u00e4 ruoan muuntumista energiaksi ja tukee ihon, ruoansulatuskanavan ja hermoston terveytt\u00e4.<\/span><\/li>\n<li><strong><span lang=\"en-US\">Pantoteenihappo (B5):<\/span><\/strong><span lang=\"en-US\"> V\u00e4ltt\u00e4m\u00e4t\u00f6n ravinnon muuntamisessa energiaksi ja ratkaisevan t\u00e4rke\u00e4 ihon, hiusten ja silmien terveydelle.<\/span><\/li>\n<li><strong><span lang=\"en-US\">Pyridoksiini (B6):<\/span><\/strong><span lang=\"en-US\"> Auttaa elimist\u00f6\u00e4 tuottamaan serotoniinin ja dopamiinin kaltaisia v\u00e4litt\u00e4j\u00e4aineita ja tukee immuunij\u00e4rjestelm\u00e4n toimintaa.<\/span><\/li>\n<li><strong><span lang=\"en-US\">Biotiini (B7):<\/span><\/strong><span lang=\"en-US\"> Edist\u00e4\u00e4 aineenvaihduntaa ja on t\u00e4rke\u00e4 hiusten, ihon ja kynsien terveydelle.<\/span><\/li>\n<li><strong><span lang=\"en-US\">Foolihappo (B9):<\/span><\/strong><span lang=\"en-US\"> T\u00e4rke\u00e4 solujen kasvulle ja kehitykselle, erityisesti raskauden aikana, ja tukee DNA:n ja punasolujen synteesi\u00e4.<\/span><\/li>\n<li><strong><span lang=\"en-US\">Kobalamiini (B12):<\/span><\/strong><span lang=\"en-US\"> V\u00e4ltt\u00e4m\u00e4t\u00f6n hermoston terveydelle ja punasolujen tuotannolle.<\/span><\/li>\n<\/ul>\n<p>&nbsp;<\/p>\n<p><strong><span lang=\"en-US\">Suositeltu k\u00e4ytt\u00f6<\/span><\/strong><\/p>\n<p><span lang=\"en-US\">Ota 1 kapseli p\u00e4iv\u00e4ss\u00e4.<\/span><\/p>\n<p><strong>Ilmoitus:<\/strong><\/p>\n<ul>\n<li>Vain aikuisille, eik\u00e4 se korvaa monipuolista, tasapainoista ruokavaliota ja terveellisi\u00e4 el\u00e4m\u00e4ntapoja.<\/li>\n<li>\u00c4l\u00e4 ylit\u00e4 suositeltua annosta.<\/li>\n<li>\u00c4l\u00e4 k\u00e4yt\u00e4 sit\u00e4 imetyksen tai raskauden aikana neuvottelematta l\u00e4\u00e4k\u00e4rin kanssa.<\/li>\n<li>S\u00e4ilyt\u00e4 tuote viile\u00e4ss\u00e4, kuivassa paikassa hyvin suljetussa pakkauksessa alle 3-vuotiaiden lasten ulottumattomissa.<\/li>\n<li>Saattaa sis\u00e4lt\u00e4\u00e4 pieni\u00e4 m\u00e4\u00e4ri\u00e4 kananmunaa, soijaa, kauraa, maitoa.<\/li>\n<li>Laktoositon ja Gluteeniton.<\/li>\n<\/ul>","protected":false},"excerpt":{"rendered":"<p>B-vitamiinikompleksi C-vitamiini + sinkki B-vitamiini on kahdeksan vesiliukoisen vitamiinin ryhm\u00e4, joka on v\u00e4ltt\u00e4m\u00e4t\u00f6n useille kehon toiminnoille, kuten energia-aineenvaihdunnalle, hermoston toiminnalle sek\u00e4 solujen kasvulle ja kehitykselle. Riitt\u00e4v\u00e4n B-vitamiinin saannin varmistaminen ruokavalion tai lis\u00e4ravinteiden avulla voi edist\u00e4\u00e4 energia-aineenvaihduntaa, hermoston toimintaa ja solujen kasvua ja siten edist\u00e4\u00e4 [...].<\/p>","protected":false},"featured_media":13898,"template":"","meta":[],"product_cat":[312,214],"product_tag":[314,258],"class_list":{"0":"post-325","1":"product","2":"type-product","3":"status-publish","4":"has-post-thumbnail","6":"product_cat-health-and-wellness","7":"product_cat-vitamins-wellness","8":"product_tag-health-and-wellness","9":"product_tag-vitamins-wellness","11":"first","12":"instock","13":"sale","14":"taxable","15":"shipping-taxable","16":"purchasable","17":"product-type-variable"},"aioseo_notices":[],"_links":{"self":[{"href":"https:\/\/www.selfprotein.com\/fi\/wp-json\/wp\/v2\/product\/325"}],"collection":[{"href":"https:\/\/www.selfprotein.com\/fi\/wp-json\/wp\/v2\/product"}],"about":[{"href":"https:\/\/www.selfprotein.com\/fi\/wp-json\/wp\/v2\/types\/product"}],"wp:featuredmedia":[{"embeddable":true,"href":"https:\/\/www.selfprotein.com\/fi\/wp-json\/wp\/v2\/media\/13898"}],"wp:attachment":[{"href":"https:\/\/www.selfprotein.com\/fi\/wp-json\/wp\/v2\/media?parent=325"}],"wp:term":[{"taxonomy":"product_cat","embeddable":true,"href":"https:\/\/www.selfprotein.com\/fi\/wp-json\/wp\/v2\/product_cat?post=325"},{"taxonomy":"product_tag","embeddable":true,"href":"https:\/\/www.selfprotein.com\/fi\/wp-json\/wp\/v2\/product_tag?post=325"}],"curies":[{"name":"wp","href":"https:\/\/api.w.org\/{rel}","templated":true}]}}