{"id":3255,"date":"2024-10-26T11:18:45","date_gmt":"2024-10-26T09:18:45","guid":{"rendered":"https:\/\/34.88.231.180\/?post_type=product&#038;p=3255"},"modified":"2026-04-01T00:00:41","modified_gmt":"2026-03-31T22:00:41","slug":"proti-cream","status":"publish","type":"product","link":"https:\/\/www.selfprotein.com\/fi\/tuote\/proti-cream\/","title":{"rendered":"Proti Cream"},"content":{"rendered":"<p style=\"text-align: left;\" align=\"center\"><strong><span lang=\"en-US\">Proti Cream<\/span><\/strong><\/p>\n<p><span lang=\"en-US\">Proti Cream on herkullinen levitett\u00e4v\u00e4 kerma, joka on rikastettu 20%-eristetyll\u00e4 heraproteiinilla. T\u00e4ydellinen ravitsevaksi aamiaiseksi tai maukkaaksi v\u00e4lipalaksi, t\u00e4m\u00e4 kerma on gluteeniton, joten se sopii erityisruokavaliota noudattaville tai erityisruokavaliota tarvitseville.<\/span><\/p>\n<p><span lang=\"en-US\">Proti Cream -voiteen edut:<\/span><\/p>\n<ul>\n<li><strong><span lang=\"en-US\">Fantastinen maku:<\/span><\/strong><span lang=\"en-US\"> Proti Cream tarjoaa vastustamattoman maun, joka tekee jokaisesta aamiaisesta tai v\u00e4lipalasta aidon nautinnon hetken.<\/span><\/li>\n<li><strong><span lang=\"en-US\">Eristetty heraproteiini:<\/span><\/strong><span lang=\"en-US\"> 20%-eristetty\u00e4 heraproteiinia sis\u00e4lt\u00e4v\u00e4 voide tarjoaa t\u00e4rke\u00e4n proteiininl\u00e4hteen, joka on ihanteellinen lihasmassan tukemiseen ja kyll\u00e4isyyden tunteen edist\u00e4miseen.<\/span><\/li>\n<li><strong><span lang=\"en-US\">Ihanteellinen aamiaiseksi tai v\u00e4lipalaksi<\/span><\/strong><span lang=\"en-US\"><strong>:<\/strong> Monipuolisuutensa ansiosta Proti Cream -voidetta voi nauttia aamulla aloittaakseen p\u00e4iv\u00e4n energialla tai maukkaana v\u00e4lipalana p\u00e4iv\u00e4n aikana.<\/span><\/li>\n<li><strong><span lang=\"en-US\">Gluteeniton<\/span><\/strong><span lang=\"en-US\"><strong>:<\/strong> Gluteenittomana Proti Cream sopii my\u00f6s terveydellisist\u00e4 tai muista syist\u00e4 gluteenitonta ruokavaliota noudattaville, sill\u00e4 se on turvallinen ja maukas vaihtoehto.<\/span><\/li>\n<\/ul>\n<p><span lang=\"en-US\">Proti Cream yhdist\u00e4\u00e4 vastustamattoman maun ja eristetyn heraproteiinin mukavuuden ja laadun, ja tarjoaa levittyv\u00e4n kerman, joka t\u00e4ytt\u00e4\u00e4 sek\u00e4 makuaistin ett\u00e4 ravitsemukselliset tarpeet.<\/span><\/p>\n<p><strong><span lang=\"en-US\">Suositeltu k\u00e4ytt\u00f6<\/span><\/strong><\/p>\n<p><span lang=\"en-US\">Nauti mieluiten aamiaisella tai v\u00e4lipalana.<\/span><\/p>\n<p><strong>Ilmoitus:<\/strong><\/p>\n<ul>\n<li>Saattaa sis\u00e4lt\u00e4\u00e4 pieni\u00e4 m\u00e4\u00e4ri\u00e4 soijatuotteita, kananmunaa ja kananmunatuotteita.<\/li>\n<li>Liiallinen k\u00e4ytt\u00f6 voi aiheuttaa laksatiivisia vaikutuksia.<\/li>\n<li>Gluteeniton.<\/li>\n<\/ul>","protected":false},"excerpt":{"rendered":"<p>Proti Cream Proti Cream on herkullinen levitett\u00e4v\u00e4 kerma, joka on rikastettu 20%-eristetyll\u00e4 heraproteiinilla. T\u00e4ydellinen ravitsevaksi aamiaiseksi tai maukkaaksi v\u00e4lipalaksi, t\u00e4m\u00e4 kerma on gluteeniton, joten se sopii erityisruokavaliota noudattaville tai erityisruokavaliota tarvitseville. Proti Cream -voiteen edut: Fantastinen maku: Proti Cream tarjoaa vastustamattoman maun [...]<\/p>","protected":false},"featured_media":3281,"template":"","meta":[],"product_cat":[313,210],"product_tag":[316,223],"class_list":{"0":"post-3255","1":"product","2":"type-product","3":"status-publish","4":"has-post-thumbnail","6":"product_cat-protein-snacks-and-fit-food","7":"product_cat-snacks-meal-solutions","8":"product_tag-protein-snacks-fit-food","9":"product_tag-snacks-meal-solutions","11":"first","12":"instock","13":"taxable","14":"shipping-taxable","15":"purchasable","16":"product-type-variable"},"aioseo_notices":[],"_links":{"self":[{"href":"https:\/\/www.selfprotein.com\/fi\/wp-json\/wp\/v2\/product\/3255"}],"collection":[{"href":"https:\/\/www.selfprotein.com\/fi\/wp-json\/wp\/v2\/product"}],"about":[{"href":"https:\/\/www.selfprotein.com\/fi\/wp-json\/wp\/v2\/types\/product"}],"wp:featuredmedia":[{"embeddable":true,"href":"https:\/\/www.selfprotein.com\/fi\/wp-json\/wp\/v2\/media\/3281"}],"wp:attachment":[{"href":"https:\/\/www.selfprotein.com\/fi\/wp-json\/wp\/v2\/media?parent=3255"}],"wp:term":[{"taxonomy":"product_cat","embeddable":true,"href":"https:\/\/www.selfprotein.com\/fi\/wp-json\/wp\/v2\/product_cat?post=3255"},{"taxonomy":"product_tag","embeddable":true,"href":"https:\/\/www.selfprotein.com\/fi\/wp-json\/wp\/v2\/product_tag?post=3255"}],"curies":[{"name":"wp","href":"https:\/\/api.w.org\/{rel}","templated":true}]}}