{"id":3293,"date":"2024-10-26T11:18:46","date_gmt":"2024-10-26T09:18:46","guid":{"rendered":"https:\/\/34.88.231.180\/?post_type=product&#038;p=3293"},"modified":"2026-04-01T00:00:39","modified_gmt":"2026-03-31T22:00:39","slug":"peanut-butter-smooth","status":"publish","type":"product","link":"https:\/\/www.selfprotein.com\/fi\/tuote\/peanut-butter-smooth\/","title":{"rendered":"Peanut Butter Smooth"},"content":{"rendered":"<p style=\"text-align: left;\" align=\"center\"><strong><span lang=\"en-US\">Peanut Butter Smooth<\/span><\/strong><\/p>\n<p><span lang=\"en-US\">Maap\u00e4hkin\u00e4voi on maap\u00e4hkin\u00f6iden jauhamisesta saatua maukasta levitett\u00e4v\u00e4\u00e4 voidetta, joka nauttii laajaa suosiota kaikkialla maailmassa. Maap\u00e4hkin\u00e4voita k\u00e4ytet\u00e4\u00e4n voileipien t\u00e4ytteen\u00e4 sek\u00e4 hedelmien ja vihannesten kastikkeena, mink\u00e4 lis\u00e4ksi se on ravitseva ja monipuolinen lis\u00e4 mihin tahansa ruokavalioon.<\/span><\/p>\n<p><span lang=\"en-US\">Maap\u00e4hkin\u00e4voin edut:<\/span><\/p>\n<ul>\n<li><strong><span lang=\"en-US\">Runsaasti proteiinia:<\/span><\/strong><span lang=\"en-US\"> Korkean proteiinipitoisuutensa ansiosta maap\u00e4hkin\u00e4voi t\u00e4ydent\u00e4\u00e4 erinomaisesti p\u00e4ivitt\u00e4ist\u00e4 proteiininsaantia, joka on v\u00e4ltt\u00e4m\u00e4t\u00f6nt\u00e4 lihasten kasvun ja yll\u00e4pidon kannalta.<\/span><\/li>\n<li><strong><span lang=\"en-US\">Terveellisten rasvojen l\u00e4hde:<\/span><\/strong><span lang=\"en-US\"> Maap\u00e4hkin\u00e4voin sis\u00e4lt\u00e4m\u00e4t rasvat ovat p\u00e4\u00e4asiassa tyydyttym\u00e4tt\u00f6mi\u00e4 rasvoja, jotka ovat tunnetusti hy\u00f6dyllisi\u00e4 syd\u00e4n- ja verisuoniterveyden kannalta. N\u00e4m\u00e4 terveelliset rasvat voivat auttaa v\u00e4hent\u00e4m\u00e4\u00e4n syd\u00e4nsairauksien riski\u00e4, kun niit\u00e4 nautitaan kohtuullisesti.<\/span><\/li>\n<li><strong><span lang=\"en-US\">Runsaasti kuitua:<\/span><\/strong><span lang=\"en-US\"> Maap\u00e4hkin\u00e4t sis\u00e4lt\u00e4v\u00e4t luonnostaan paljon kuitua, ja maap\u00e4hkin\u00e4voi s\u00e4ilytt\u00e4\u00e4 t\u00e4m\u00e4n ominaisuuden. Kuitu on t\u00e4rke\u00e4\u00e4 ruoansulatuskanavan terveydelle, ja se voi auttaa s\u00e4\u00e4telem\u00e4\u00e4n verensokeria ja edist\u00e4\u00e4 kyll\u00e4isyyden tunnetta.<\/span><\/li>\n<li><strong><span lang=\"en-US\">Monipuolisuus ruoanlaitossa:<\/span><\/strong><span lang=\"en-US\"> Maap\u00e4hkin\u00e4voi on uskomattoman monipuolinen ainesosa ruoanlaitossa, ja sit\u00e4 voidaan k\u00e4ytt\u00e4\u00e4 monenlaisissa makeissa ja suolaisissa ruokalajeissa. Kulinaariset mahdollisuudet ovat loputtomat makeista, kuten kekseist\u00e4 ja kakuista, suolaisiin ruokiin, kuten kastikkeisiin ja nuudelikastikkeisiin.<\/span><\/li>\n<li><strong><span lang=\"en-US\">V\u00e4ltt\u00e4m\u00e4tt\u00f6mien ravintoaineiden l\u00e4hde:<\/span><\/strong><span lang=\"en-US\"> Proteiinien, terveellisten rasvojen ja kuitujen lis\u00e4ksi maap\u00e4hkin\u00e4voi sis\u00e4lt\u00e4\u00e4 my\u00f6s monia muita t\u00e4rkeit\u00e4 ravintoaineita, kuten B-vitamiineja, E-vitamiinia, magnesiumia, sinkki\u00e4 ja kaliumia, jotka edist\u00e4v\u00e4t yleist\u00e4 terveytt\u00e4.<\/span><\/li>\n<\/ul>\n<p>&nbsp;<\/p>\n<p><strong>Ilmoitus:<\/strong><\/p>\n<ul>\n<li>Sis\u00e4lt\u00e4\u00e4 allergeeneja: p\u00e4hkin\u00e4t.<\/li>\n<li>Gluteeniton.<\/li>\n<\/ul>","protected":false},"excerpt":{"rendered":"<details>\n<summary>Ravitsemukselliset tiedot<\/summary>\n<table style=\"text-align: center;\">\n<tbody>\n<tr>\n<th>Ravitsemukselliset tiedot<\/th>\n<th>Per 100g<\/th>\n<th>Annosta kohti 25g<\/th>\n<\/tr>\n<tr>\n<td>Energia<\/td>\n<td>2569kj\/620kcal<\/td>\n<td>642kj\/155kcal<\/td>\n<\/tr>\n<tr>\n<td>Rasvat<\/td>\n<td>50g<\/td>\n<td>12,5g<\/td>\n<\/tr>\n<tr>\n<td>joista tyydyttyneit\u00e4<\/td>\n<td>7,4g<\/td>\n<td>1,8g<\/td>\n<\/tr>\n<tr>\n<td>Hiilihydraatit<\/td>\n<td>9g<\/td>\n<td>2,2g<\/td>\n<\/tr>\n<tr>\n<td>joista sokereita*<\/td>\n<td>5,7g<\/td>\n<td>1,4g<\/td>\n<\/tr>\n<tr>\n<td>Protein<\/td>\n<td>30g<\/td>\n<td>7,5g<\/td>\n<\/tr>\n<tr>\n<td>Kuidut<\/td>\n<td>7g<\/td>\n<td>1,75g<\/td>\n<\/tr>\n<tr>\n<td>Suola<\/td>\n<td>0,30g<\/td>\n<td>0,075g<\/td>\n<\/tr>\n<tr>\n<td colspan=\"3\">*Luonnossa esiintyv\u00e4t sokerit<\/td>\n<\/tr>\n<\/tbody>\n<\/table>\n<\/details>\n<p>&nbsp;<\/p>\n<details>\n<summary>Ainesosat<\/summary>\n<table style=\"text-align: center;\">\n<tbody>\n<tr>\n<td><strong>Ainesosat: <\/strong>100% paahdetut maap\u00e4hkin\u00e4t<\/td>\n<\/tr>\n<\/tbody>\n<\/table>\n<\/details>\n<p>&nbsp;<\/p>","protected":false},"featured_media":3279,"template":"","meta":[],"product_cat":[313,210],"product_tag":[316,223],"class_list":{"0":"post-3293","1":"product","2":"type-product","3":"status-publish","4":"has-post-thumbnail","6":"product_cat-protein-snacks-and-fit-food","7":"product_cat-snacks-meal-solutions","8":"product_tag-protein-snacks-fit-food","9":"product_tag-snacks-meal-solutions","11":"first","12":"instock","13":"taxable","14":"shipping-taxable","15":"purchasable","16":"product-type-simple"},"aioseo_notices":[],"_links":{"self":[{"href":"https:\/\/www.selfprotein.com\/fi\/wp-json\/wp\/v2\/product\/3293"}],"collection":[{"href":"https:\/\/www.selfprotein.com\/fi\/wp-json\/wp\/v2\/product"}],"about":[{"href":"https:\/\/www.selfprotein.com\/fi\/wp-json\/wp\/v2\/types\/product"}],"wp:featuredmedia":[{"embeddable":true,"href":"https:\/\/www.selfprotein.com\/fi\/wp-json\/wp\/v2\/media\/3279"}],"wp:attachment":[{"href":"https:\/\/www.selfprotein.com\/fi\/wp-json\/wp\/v2\/media?parent=3293"}],"wp:term":[{"taxonomy":"product_cat","embeddable":true,"href":"https:\/\/www.selfprotein.com\/fi\/wp-json\/wp\/v2\/product_cat?post=3293"},{"taxonomy":"product_tag","embeddable":true,"href":"https:\/\/www.selfprotein.com\/fi\/wp-json\/wp\/v2\/product_tag?post=3293"}],"curies":[{"name":"wp","href":"https:\/\/api.w.org\/{rel}","templated":true}]}}