{"id":3294,"date":"2024-02-29T10:13:27","date_gmt":"2024-02-29T09:13:27","guid":{"rendered":"https:\/\/34.88.231.180\/?post_type=product&#038;p=3294"},"modified":"2026-05-04T09:29:54","modified_gmt":"2026-05-04T07:29:54","slug":"bcaa-811-2","status":"publish","type":"product","link":"https:\/\/www.selfprotein.com\/fi\/tuote\/bcaa-811-2\/","title":{"rendered":"BCAA 8:1:1"},"content":{"rendered":"<p style=\"text-align: left;\" align=\"center\"><strong><span lang=\"en-US\">BCAA 8:1:1<\/span><\/strong><\/p>\n<p><span lang=\"en-US\">BCAA:t eli haaraketjuiset aminohapot muodostavat v\u00e4ltt\u00e4m\u00e4tt\u00f6m\u00e4n ryhm\u00e4n, joka koostuu leusiinista, isoleusiinista ja valiinista suhteessa 8:1:1.<\/span><\/p>\n<p><span lang=\"en-US\">BCAA:t muodostavat noin kolmanneksen ihmiskehon lihasproteiineista, ja niill\u00e4 on ratkaiseva rooli lihasten kasvussa ja korjaamisessa. Urheilijat ja kuntoilijat k\u00e4ytt\u00e4v\u00e4t BCAA-lis\u00e4ravinteita laajalti parantamaan suorituskyky\u00e4 ja edist\u00e4m\u00e4\u00e4n harjoituksen j\u00e4lkeist\u00e4 palautumista.<\/span><\/p>\n<p><span lang=\"en-US\">BCAA 8:1:1 edut<\/span><\/p>\n<ul>\n<li><strong><span lang=\"en-US\">Tukee lihasten kasvua:<\/span><\/strong><span lang=\"en-US\"> BCAA:t edist\u00e4v\u00e4t proteiinisynteesi\u00e4, mik\u00e4 auttaa lihasmassan kasvussa ja yll\u00e4pidossa. Leusiinin hallitseva osuus 8:1:1-suhteessa vahvistaa t\u00e4t\u00e4 hy\u00f6ty\u00e4, sill\u00e4 leusiini osallistuu erityisesti proteiinisynteesin stimulointiin.<\/span><\/li>\n<li><strong><span lang=\"en-US\">Lihasten kipeytymisen v\u00e4hent\u00e4minen:<\/span><\/strong><span lang=\"en-US\"> Tutkimukset osoittavat, ett\u00e4 BCAA-lis\u00e4ys voi auttaa v\u00e4hent\u00e4m\u00e4\u00e4n harjoituksen j\u00e4lkeist\u00e4 lihaskipua, mik\u00e4 nopeuttaa palautumista ja parantaa sietokyky\u00e4 my\u00f6hemp\u00e4\u00e4 rasitusta kohtaan.<\/span><\/li>\n<li><strong><span lang=\"en-US\">V\u00e4symyksen v\u00e4heneminen:<\/span><\/strong><span lang=\"en-US\"> Urheilijat kokevat usein energian v\u00e4henev\u00e4n pitk\u00e4aikaisen liikunnan aikana. BCAA:t voivat auttaa viiv\u00e4stytt\u00e4m\u00e4\u00e4n v\u00e4symyst\u00e4 ja tarjota vaihtoehtoisen energial\u00e4hteen fyysisen aktiivisuuden aikana.<\/span><\/li>\n<\/ul>\n<p>&nbsp;<\/p>\n<p><span lang=\"en-US\">Fyysisen suorituskyvyn parantaminen: <\/span><span lang=\"en-US\">BCAA-valmisteiden lis\u00e4\u00e4minen on yhdistetty fyysisen suorituskyvyn mahdolliseen paranemiseen, jolloin yksil\u00f6t pystyv\u00e4t jatkamaan intensiivisi\u00e4 ponnisteluja pidempi\u00e4 aikoja.<\/span><\/p>\n<p><strong><span lang=\"en-US\">Suositeltu k\u00e4ytt\u00f6<\/span><\/strong><\/p>\n<p><span lang=\"en-US\">1 annos ennen liikuntaa, sen aikana tai sen j\u00e4lkeen.<\/span><\/p>\n<p><strong>Ilmoitus:<\/strong><\/p>\n<ul>\n<li>Vain aikuisille, eik\u00e4 se korvaa monipuolista, tasapainoista ruokavaliota ja terveellisi\u00e4 el\u00e4m\u00e4ntapoja.<\/li>\n<li>\u00c4l\u00e4 ylit\u00e4 suositeltua annosta.<\/li>\n<li>Suositeltu p\u00e4iv\u00e4annos: sekoita 1 mittalusikallinen (noin 8 g) 200 ml:aan vett\u00e4.<\/li>\n<li>\u00c4l\u00e4 k\u00e4yt\u00e4 sit\u00e4 imetyksen tai raskauden aikana neuvottelematta l\u00e4\u00e4k\u00e4rin kanssa.<\/li>\n<li>S\u00e4ilyt\u00e4 tuote viile\u00e4ss\u00e4, kuivassa paikassa hyvin suljetussa pakkauksessa alle 3-vuotiaiden lasten ulottumattomissa.<\/li>\n<li>Saattaa sis\u00e4lt\u00e4\u00e4 pieni\u00e4 m\u00e4\u00e4ri\u00e4 maitoa, kauraa, kananmunaa ja soijaa.<\/li>\n<li>Laktoositon ja Gluteeniton.<\/li>\n<\/ul>","protected":false},"excerpt":{"rendered":"<p>BCAA 8:1:1 BCAA:t eli haaraketjuiset aminohapot muodostavat v\u00e4ltt\u00e4m\u00e4tt\u00f6m\u00e4n ryhm\u00e4n, joka koostuu leusiinista, isoleusiinista ja valiinista ja jonka suhde on 8:1:1. BCAA:t muodostavat noin kolmanneksen ihmiskehon lihasproteiineista, ja niill\u00e4 on ratkaiseva rooli lihasten kasvussa ja korjaamisessa. Urheilijat ja kuntoilijat k\u00e4ytt\u00e4v\u00e4t BCAA-lis\u00e4ravinteita laajalti suorituskyvyn parantamiseen [...].<\/p>","protected":false},"featured_media":3303,"template":"","meta":[],"product_cat":[151,311],"product_tag":[161,317],"class_list":{"0":"post-3294","1":"product","2":"type-product","3":"status-publish","4":"has-post-thumbnail","6":"product_cat-amino-acids-creatine","7":"product_cat-recovery-and-regeneration","8":"product_tag-amino-acids-creatine","9":"product_tag-recovery-and-regeneration","11":"first","12":"instock","13":"taxable","14":"shipping-taxable","15":"purchasable","16":"product-type-variable"},"aioseo_notices":[],"_links":{"self":[{"href":"https:\/\/www.selfprotein.com\/fi\/wp-json\/wp\/v2\/product\/3294"}],"collection":[{"href":"https:\/\/www.selfprotein.com\/fi\/wp-json\/wp\/v2\/product"}],"about":[{"href":"https:\/\/www.selfprotein.com\/fi\/wp-json\/wp\/v2\/types\/product"}],"wp:featuredmedia":[{"embeddable":true,"href":"https:\/\/www.selfprotein.com\/fi\/wp-json\/wp\/v2\/media\/3303"}],"wp:attachment":[{"href":"https:\/\/www.selfprotein.com\/fi\/wp-json\/wp\/v2\/media?parent=3294"}],"wp:term":[{"taxonomy":"product_cat","embeddable":true,"href":"https:\/\/www.selfprotein.com\/fi\/wp-json\/wp\/v2\/product_cat?post=3294"},{"taxonomy":"product_tag","embeddable":true,"href":"https:\/\/www.selfprotein.com\/fi\/wp-json\/wp\/v2\/product_tag?post=3294"}],"curies":[{"name":"wp","href":"https:\/\/api.w.org\/{rel}","templated":true}]}}