{"id":365,"date":"2023-11-27T13:00:33","date_gmt":"2023-11-27T12:00:33","guid":{"rendered":"https:\/\/34.88.231.180\/product\/bcaa-811-tab\/"},"modified":"2026-04-01T00:00:10","modified_gmt":"2026-03-31T22:00:10","slug":"bcaa-811-tabs","status":"publish","type":"product","link":"https:\/\/www.selfprotein.com\/fi\/tuote\/bcaa-811-tabs\/","title":{"rendered":"BCAA 8:1:1 Tabs"},"content":{"rendered":"<p style=\"text-align: left;\" align=\"center\"><strong><span lang=\"en-US\">BCAA 8:1:1 Tabs<\/span><\/strong><\/p>\n<p><span lang=\"en-US\">BCAA:t, jotka ovat lyhenne sanoista haaraketjuiset aminohapot, sis\u00e4lt\u00e4v\u00e4t kolme v\u00e4ltt\u00e4m\u00e4t\u00f6nt\u00e4 aminohappoa: leusiini, isoleusiini ja valiini, joiden suhde on 8:1:1. N\u00e4m\u00e4 komponentit muodostavat noin kolmanneksen ihmiskehon lihasproteiineista, ja niill\u00e4 on ratkaiseva rooli lihasten kasvussa ja korjaamisessa. Urheilijat ja kuntoilijat k\u00e4ytt\u00e4v\u00e4t laajalti pillerimuodossa olevia BCAA-lis\u00e4ravinteita parantaakseen suorituskyky\u00e4 ja helpottaakseen lihasten palautumista harjoituksen j\u00e4lkeen.<\/span><\/p>\n<p><span lang=\"en-US\">BCAA 8:1:1 -tablettien edut:<\/span><\/p>\n<ul>\n<li><strong><span lang=\"en-US\">Lihasten kipeytymisen v\u00e4hent\u00e4minen<\/span><\/strong><span lang=\"en-US\"><strong>:<\/strong> BCAA-tabletit voivat auttaa v\u00e4hent\u00e4m\u00e4\u00e4n harjoittelun j\u00e4lkeist\u00e4 lihaskipua, mik\u00e4 mahdollistaa fyysisen toiminnan nopean jatkamisen ilman liiallista ep\u00e4mukavuutta.<\/span><\/li>\n<li><strong><span lang=\"en-US\">Lihasv\u00e4symyksen minimointi:<\/span><\/strong><span lang=\"en-US\"> V\u00e4hent\u00e4m\u00e4ll\u00e4 lihasten v\u00e4symist\u00e4 harjoituksen aikana BCAA-pillerit lis\u00e4\u00e4v\u00e4t kest\u00e4vyytt\u00e4, mik\u00e4 mahdollistaa pidemm\u00e4t ja intensiivisemm\u00e4t harjoitusjaksot.<\/span><\/li>\n<li><strong><span lang=\"en-US\">Lihasten kasvun stimulointi<\/span><\/strong><span lang=\"en-US\"><strong>:<\/strong> BCAA:iden tiedet\u00e4\u00e4n tukevan lihasproteiinisynteesi\u00e4 ja edist\u00e4v\u00e4n v\u00e4h\u00e4rasvaisen lihasmassan kasvua ja yll\u00e4pitoa, mik\u00e4 on olennainen tekij\u00e4 niille, jotka harrastavat urheilua ja etsiv\u00e4t optimaalisia tuloksia.<\/span><\/li>\n<li><strong><span lang=\"en-US\">Fyysisen suorituskyvyn parantaminen:<\/span><\/strong><span lang=\"en-US\"> BCAA:iden sis\u00e4llytt\u00e4minen ruokavalioon voi johtaa fyysisen suorituskyvyn yleiseen paranemiseen, jolloin urheilijat voivat saavuttaa kuntotavoitteensa tehokkaammin ja tyydytt\u00e4v\u00e4mmin.<\/span><\/li>\n<\/ul>\n<p>&nbsp;<\/p>\n<p><strong><span lang=\"en-US\">Suositeltu k\u00e4ytt\u00f6<\/span><\/strong><\/p>\n<p><span lang=\"en-US\">1 annos ennen liikuntaa, sen aikana tai sen j\u00e4lkeen.<\/span><\/p>\n<p><strong>Ilmoitus:<\/strong><\/p>\n<ul>\n<li>Vain aikuisille, eik\u00e4 se korvaa monipuolista, tasapainoista ruokavaliota ja terveellisi\u00e4 el\u00e4m\u00e4ntapoja.<\/li>\n<li>\u00c4l\u00e4 ylit\u00e4 suositeltua annosta.<\/li>\n<li>Suositeltu p\u00e4iv\u00e4annos: 5 tabl.<\/li>\n<li>\u00c4l\u00e4 k\u00e4yt\u00e4 sit\u00e4 imetyksen tai raskauden aikana neuvottelematta l\u00e4\u00e4k\u00e4rin kanssa.<\/li>\n<li>S\u00e4ilyt\u00e4 tuote viile\u00e4ss\u00e4, kuivassa paikassa hyvin suljetussa pakkauksessa alle 3-vuotiaiden lasten ulottumattomissa.<\/li>\n<li>Saattaa sis\u00e4lt\u00e4\u00e4 pieni\u00e4 m\u00e4\u00e4ri\u00e4 maitoa, kauraa, kananmunaa ja soijaa.<\/li>\n<li>Laktoositon ja Gluteeniton.<\/li>\n<\/ul>","protected":false},"excerpt":{"rendered":"<p>BCAA 8:1:1 Tabs BCAA:t, jotka ovat lyhenne sanoista haaraketjuiset aminohapot, sis\u00e4lt\u00e4v\u00e4t kolme v\u00e4ltt\u00e4m\u00e4t\u00f6nt\u00e4 aminohappoa: leusiini, isoleusiini ja valiini, ja niiden suhde on 8:1:1. N\u00e4m\u00e4 komponentit muodostavat noin kolmanneksen ihmiskehon lihasproteiineista, ja niill\u00e4 on ratkaiseva rooli lihasten kasvussa ja korjaamisessa. BCAA-lis\u00e4ravinteet pillerimuodossa ovat laajalti k\u00e4yt\u00f6ss\u00e4 [...]<\/p>","protected":false},"featured_media":367,"template":"","meta":[],"product_cat":[151,311],"product_tag":[161,317],"class_list":{"0":"post-365","1":"product","2":"type-product","3":"status-publish","4":"has-post-thumbnail","6":"product_cat-amino-acids-creatine","7":"product_cat-recovery-and-regeneration","8":"product_tag-amino-acids-creatine","9":"product_tag-recovery-and-regeneration","11":"first","12":"instock","13":"taxable","14":"shipping-taxable","15":"purchasable","16":"product-type-variable"},"aioseo_notices":[],"_links":{"self":[{"href":"https:\/\/www.selfprotein.com\/fi\/wp-json\/wp\/v2\/product\/365"}],"collection":[{"href":"https:\/\/www.selfprotein.com\/fi\/wp-json\/wp\/v2\/product"}],"about":[{"href":"https:\/\/www.selfprotein.com\/fi\/wp-json\/wp\/v2\/types\/product"}],"wp:featuredmedia":[{"embeddable":true,"href":"https:\/\/www.selfprotein.com\/fi\/wp-json\/wp\/v2\/media\/367"}],"wp:attachment":[{"href":"https:\/\/www.selfprotein.com\/fi\/wp-json\/wp\/v2\/media?parent=365"}],"wp:term":[{"taxonomy":"product_cat","embeddable":true,"href":"https:\/\/www.selfprotein.com\/fi\/wp-json\/wp\/v2\/product_cat?post=365"},{"taxonomy":"product_tag","embeddable":true,"href":"https:\/\/www.selfprotein.com\/fi\/wp-json\/wp\/v2\/product_tag?post=365"}],"curies":[{"name":"wp","href":"https:\/\/api.w.org\/{rel}","templated":true}]}}