{"id":371,"date":"2023-11-27T13:00:44","date_gmt":"2023-11-27T12:00:44","guid":{"rendered":"https:\/\/34.88.231.180\/product\/beta-carotene\/"},"modified":"2026-05-01T00:23:40","modified_gmt":"2026-04-30T22:23:40","slug":"beta-carotene","status":"publish","type":"product","link":"https:\/\/www.selfprotein.com\/fi\/tuote\/beta-carotene\/","title":{"rendered":"Beta Carotene"},"content":{"rendered":"<p style=\"text-align: left;\" align=\"center\"><strong><span lang=\"en-US\">Beta Carotene<\/span><\/strong><\/p>\n<p><span lang=\"en-US\">Beetakaroteeni on voimakas antioksidantti, joka suojaa elimist\u00f6\u00e4 vapaiden radikaalien aiheuttamilta vaurioilta est\u00e4m\u00e4ll\u00e4 muiden molekyylien hapettumista.<\/span><\/p>\n<p><span lang=\"en-US\">T\u00e4ydent\u00e4m\u00e4ll\u00e4 ruokavaliota beetakaroteenilla voidaan siis parantaa yleist\u00e4 terveydentilaa ja v\u00e4hent\u00e4\u00e4 lukuisten kroonisten sairauksien riski\u00e4, sill\u00e4 se tarjoaa elimist\u00f6lle tehokkaan antioksidantin ja t\u00e4rkeit\u00e4 ravintoaineita.<\/span><\/p>\n<p><span lang=\"en-US\">T\u00e4ss\u00e4 ovat beetakaroteenin edut:<\/span><\/p>\n<ul>\n<li><strong><span lang=\"en-US\">Antioksidantti:<\/span><\/strong><span lang=\"en-US\"> Beetakaroteeni torjuu vapaiden radikaalien vahingollista vaikutusta elimist\u00f6ss\u00e4 ja auttaa suojaamaan soluja ja kudoksia hapettumiselta ja hapettumisstressilt\u00e4.<\/span><\/li>\n<li><strong><span lang=\"en-US\">Ihon terveys:<\/span><\/strong><span lang=\"en-US\"> Beetakaroteenin k\u00e4ytt\u00f6 voi parantaa ihon terveytt\u00e4 v\u00e4hent\u00e4m\u00e4ll\u00e4 ryppyjen esiintymist\u00e4, ik\u00e4\u00e4ntymisen merkkej\u00e4 ja UV-s\u00e4teiden aiheuttamia vaurioita.<\/span><\/li>\n<li><strong><span lang=\"en-US\">Silmien terveys:<\/span><\/strong><span lang=\"en-US\"> Beetakaroteeni on n\u00e4\u00f6n kannalta t\u00e4rke\u00e4n A-vitamiinin esiaste. Se voi auttaa yll\u00e4pit\u00e4m\u00e4\u00e4n silmien terveytt\u00e4 ja v\u00e4hent\u00e4\u00e4 ik\u00e4\u00e4ntymiseen liittyvien silm\u00e4sairauksien, kuten makuladegeneraation, riski\u00e4.<\/span><\/li>\n<li><strong><span lang=\"en-US\">Immuunij\u00e4rjestelm\u00e4:<\/span><\/strong><span lang=\"en-US\"> Se auttaa tukemaan immuunij\u00e4rjestelm\u00e4\u00e4 edist\u00e4m\u00e4ll\u00e4 infektioita ja sairauksia vastaan taistelevien immuunisolujen tuotantoa.<\/span><\/li>\n<li><strong><span lang=\"en-US\">Syd\u00e4men terveys:<\/span><\/strong><span lang=\"en-US\"> Beetakaroteeni saattaa vaikuttaa syd\u00e4nterveyden suojeluun v\u00e4hent\u00e4m\u00e4ll\u00e4 tulehdusta ja syd\u00e4n- ja verisuonitautien riski\u00e4.<\/span><\/li>\n<li><strong><span lang=\"en-US\">Keuhkojen terveys:<\/span><\/strong><span lang=\"en-US\"> Joidenkin tutkimusten mukaan beetakaroteenilla voi olla keuhkosoluja suojaavia vaikutuksia ja se voi v\u00e4hent\u00e4\u00e4 kroonisten keuhkosairauksien, kuten keuhkosy\u00f6v\u00e4n, riski\u00e4.<\/span><\/li>\n<\/ul>\n<p>&nbsp;<\/p>\n<p><strong><span lang=\"en-US\">Suositeltu k\u00e4ytt\u00f6<\/span><\/strong><\/p>\n<p><span lang=\"en-US\">Ota 1 kapseli p\u00e4iv\u00e4ss\u00e4.<\/span><\/p>\n<p><strong>Ilmoitus:<\/strong><\/p>\n<ul>\n<li>Vain aikuisille, eik\u00e4 se korvaa monipuolista, tasapainoista ruokavaliota ja terveellisi\u00e4 el\u00e4m\u00e4ntapoja.<\/li>\n<li>\u00c4l\u00e4 ylit\u00e4 suositeltua annosta.<\/li>\n<li>\u00c4l\u00e4 k\u00e4yt\u00e4 sit\u00e4 imetyksen tai raskauden aikana neuvottelematta l\u00e4\u00e4k\u00e4rin kanssa.<\/li>\n<li>S\u00e4ilyt\u00e4 tuote viile\u00e4ss\u00e4, kuivassa paikassa hyvin suljetussa pakkauksessa alle 3-vuotiaiden lasten ulottumattomissa.<\/li>\n<li>Laktoositon ja Gluteeniton.<\/li>\n<\/ul>","protected":false},"excerpt":{"rendered":"<details>\n<summary>Ainesosat<\/summary>\n<table style=\"text-align: center;\">\n<tbody>\n<tr>\n<th>AINESOSAT<\/th>\n<th>per 1cps<\/th>\n<\/tr>\n<tr>\n<td>Beetakaroteeni (Pro A-vitamiini 1200\u03bcg 150%*)<\/td>\n<td>7,5mg<\/td>\n<\/tr>\n<tr>\n<td colspan=\"2\"><strong>Muut ainesosat: <\/strong>antioksidantti (E300), stabilointiaineet (E460, veg. E470b), vegaaninen kapseli (E1204).<\/td>\n<\/tr>\n<tr>\n<td colspan=\"2\">*% P\u00e4ivitt\u00e4inen ravintoaineiden viitearvo (NRV)<\/td>\n<\/tr>\n<\/tbody>\n<\/table>\n<\/details>\n<p>&nbsp;<\/p>","protected":false},"featured_media":13880,"template":"","meta":[],"product_cat":[312,214],"product_tag":[314,258],"class_list":{"0":"post-371","1":"product","2":"type-product","3":"status-publish","4":"has-post-thumbnail","6":"product_cat-health-and-wellness","7":"product_cat-vitamins-wellness","8":"product_tag-health-and-wellness","9":"product_tag-vitamins-wellness","11":"first","12":"instock","13":"taxable","14":"shipping-taxable","15":"purchasable","16":"product-type-simple"},"aioseo_notices":[],"_links":{"self":[{"href":"https:\/\/www.selfprotein.com\/fi\/wp-json\/wp\/v2\/product\/371"}],"collection":[{"href":"https:\/\/www.selfprotein.com\/fi\/wp-json\/wp\/v2\/product"}],"about":[{"href":"https:\/\/www.selfprotein.com\/fi\/wp-json\/wp\/v2\/types\/product"}],"wp:featuredmedia":[{"embeddable":true,"href":"https:\/\/www.selfprotein.com\/fi\/wp-json\/wp\/v2\/media\/13880"}],"wp:attachment":[{"href":"https:\/\/www.selfprotein.com\/fi\/wp-json\/wp\/v2\/media?parent=371"}],"wp:term":[{"taxonomy":"product_cat","embeddable":true,"href":"https:\/\/www.selfprotein.com\/fi\/wp-json\/wp\/v2\/product_cat?post=371"},{"taxonomy":"product_tag","embeddable":true,"href":"https:\/\/www.selfprotein.com\/fi\/wp-json\/wp\/v2\/product_tag?post=371"}],"curies":[{"name":"wp","href":"https:\/\/api.w.org\/{rel}","templated":true}]}}