{"id":374,"date":"2023-11-27T13:03:49","date_gmt":"2023-11-27T12:03:49","guid":{"rendered":"https:\/\/34.88.231.180\/product\/bromelain\/"},"modified":"2026-05-01T00:23:40","modified_gmt":"2026-04-30T22:23:40","slug":"bromelain","status":"publish","type":"product","link":"https:\/\/www.selfprotein.com\/fi\/tuote\/bromelain\/","title":{"rendered":"Bromelain"},"content":{"rendered":"<p style=\"text-align: left;\" align=\"center\"><strong><span lang=\"en-US\">Bromelain<\/span><\/strong><\/p>\n<p><span lang=\"en-US\">Bromelaiini, ananaksen (Ananas comosus) varresta ja hedelmist\u00e4 uutettu entsyymiryhm\u00e4, on luonnon aarre, jota on sovellettu perinteisess\u00e4 l\u00e4\u00e4ketieteess\u00e4 vuosisatojen ajan. T\u00e4m\u00e4 proteaaseiksi kutsuttu entsyymiluokka vastaa proteiinien hajottamisesta.<\/span><\/p>\n<p><span lang=\"en-US\">Joitakin bromelaiinin monista eduista ihmisten terveydelle ovat:<\/span><\/p>\n<ul>\n<li><strong><span lang=\"en-US\">Ruoansulatuskanavan tuki:<\/span><\/strong><span lang=\"en-US\"> Bromelaiini on tunnettu kyvyst\u00e4\u00e4n helpottaa proteiinien pilkkomista ja hajottaa ne pienemmiksi peptideiksi ja aminohapoiksi. T\u00e4m\u00e4 voi olla eritt\u00e4in hy\u00f6dyllist\u00e4 niille, joilla on ruoansulatusongelmia tai joilla on vaikeuksia sulattaa proteiineja.<\/span><\/li>\n<li><strong><span lang=\"en-US\">Anti-inflammatoriset ominaisuudet<\/span><\/strong><span lang=\"en-US\"><strong>:<\/strong> Toinen bromelaiinin merkitt\u00e4v\u00e4 ominaisuus on sen tulehdusta ehk\u00e4isev\u00e4 vaikutus. Useat tutkimukset ovat osoittaneet, ett\u00e4 t\u00e4m\u00e4 aine voi v\u00e4hent\u00e4\u00e4 merkitt\u00e4v\u00e4sti tulehdusta ja turvotusta, mik\u00e4 tarjoaa arvokasta helpotusta esimerkiksi nivelrikossa, nivelreumassa ja urheiluvammoissa. Sen uskotaan saavuttavan t\u00e4m\u00e4n v\u00e4hent\u00e4m\u00e4ll\u00e4 elimist\u00f6n tulehdusta edist\u00e4vi\u00e4 molekyylej\u00e4.<\/span><\/li>\n<li><strong><span lang=\"en-US\">Sinuiitti helpotus:<\/span><\/strong><span lang=\"en-US\"> Bromelaiini on osoittautunut tehokkaaksi liittolaiseksi sinuiitin ep\u00e4miellytt\u00e4vien oireiden torjunnassa. Tutkimukset osoittavat, ett\u00e4 se voi auttaa v\u00e4hent\u00e4m\u00e4\u00e4n nen\u00e4n tukkoisuutta, parantaa hengityst\u00e4 ja v\u00e4hent\u00e4\u00e4 liman liiallista tuotantoa, mik\u00e4 tarjoaa helpotusta t\u00e4st\u00e4 hengitystiesairaudesta k\u00e4rsiville.<\/span><\/li>\n<\/ul>\n<p>&nbsp;<\/p>\n<p><strong><span lang=\"en-US\">Suositeltu k\u00e4ytt\u00f6<\/span><\/strong><\/p>\n<p><span lang=\"en-US\">Enint\u00e4\u00e4n 3 kapselia p\u00e4iv\u00e4ss\u00e4.<\/span><\/p>\n<p><strong>Ilmoitus:<\/strong><\/p>\n<ul>\n<li>Vain aikuisille, eik\u00e4 se korvaa monipuolista, tasapainoista ruokavaliota ja terveellisi\u00e4 el\u00e4m\u00e4ntapoja.<\/li>\n<li>\u00c4l\u00e4 ylit\u00e4 suositeltua annosta.<\/li>\n<li>\u00c4l\u00e4 k\u00e4yt\u00e4 sit\u00e4 imetyksen tai raskauden aikana neuvottelematta l\u00e4\u00e4k\u00e4rin kanssa.<\/li>\n<li>S\u00e4ilyt\u00e4 tuote viile\u00e4ss\u00e4, kuivassa paikassa hyvin suljetussa pakkauksessa alle 3-vuotiaiden lasten ulottumattomissa.<\/li>\n<li>Saattaa sis\u00e4lt\u00e4\u00e4 pieni\u00e4 m\u00e4\u00e4ri\u00e4 kauraa, kananmunaa ja soijaa.<\/li>\n<li>Laktoositon ja Gluteeniton.<\/li>\n<\/ul>","protected":false},"excerpt":{"rendered":"<details>\n<summary>Ainesosat<\/summary>\n<table style=\"text-align: center;\">\n<tbody>\n<tr>\n<th>Ainesosat<\/th>\n<th>per 3 cps<\/th>\n<\/tr>\n<tr>\n<td>Bromelaiini (1200 GDU\/g) (da Ananas comosus (L.) Merr. varsi)<\/td>\n<td>1500mg<\/td>\n<\/tr>\n<tr>\n<td colspan=\"3\"><strong>Muut ainesosat: <\/strong>stabilointiaineet (E460, E470b, E551), vegaaninen kapseli (E1204).<\/td>\n<\/tr>\n<\/tbody>\n<\/table>\n<\/details>\n<p>&nbsp;<\/p>","protected":false},"featured_media":375,"template":"","meta":[],"product_cat":[312,214],"product_tag":[314,258],"class_list":{"0":"post-374","1":"product","2":"type-product","3":"status-publish","4":"has-post-thumbnail","6":"product_cat-health-and-wellness","7":"product_cat-vitamins-wellness","8":"product_tag-health-and-wellness","9":"product_tag-vitamins-wellness","11":"first","12":"instock","13":"sale","14":"taxable","15":"shipping-taxable","16":"purchasable","17":"product-type-simple"},"aioseo_notices":[],"_links":{"self":[{"href":"https:\/\/www.selfprotein.com\/fi\/wp-json\/wp\/v2\/product\/374"}],"collection":[{"href":"https:\/\/www.selfprotein.com\/fi\/wp-json\/wp\/v2\/product"}],"about":[{"href":"https:\/\/www.selfprotein.com\/fi\/wp-json\/wp\/v2\/types\/product"}],"wp:featuredmedia":[{"embeddable":true,"href":"https:\/\/www.selfprotein.com\/fi\/wp-json\/wp\/v2\/media\/375"}],"wp:attachment":[{"href":"https:\/\/www.selfprotein.com\/fi\/wp-json\/wp\/v2\/media?parent=374"}],"wp:term":[{"taxonomy":"product_cat","embeddable":true,"href":"https:\/\/www.selfprotein.com\/fi\/wp-json\/wp\/v2\/product_cat?post=374"},{"taxonomy":"product_tag","embeddable":true,"href":"https:\/\/www.selfprotein.com\/fi\/wp-json\/wp\/v2\/product_tag?post=374"}],"curies":[{"name":"wp","href":"https:\/\/api.w.org\/{rel}","templated":true}]}}