{"id":377,"date":"2023-11-27T13:03:53","date_gmt":"2023-11-27T12:03:53","guid":{"rendered":"https:\/\/34.88.231.180\/product\/caffeine\/"},"modified":"2026-04-01T00:00:09","modified_gmt":"2026-03-31T22:00:09","slug":"caffeine","status":"publish","type":"product","link":"https:\/\/www.selfprotein.com\/fi\/tuote\/caffeine\/","title":{"rendered":"Caffeine"},"content":{"rendered":"<p style=\"text-align: left;\" align=\"center\"><strong><span lang=\"en-US\">Caffeine<\/span><\/strong><\/p>\n<p><span lang=\"en-US\">Tutustu moniin hy\u00f6tyihin, joita kofeiini voi tarjota urheilijoille ja s\u00e4\u00e4nn\u00f6llisesti liikuntaa harrastaville. T\u00e4m\u00e4 stimulantti, jota k\u00e4ytet\u00e4\u00e4n yleisesti eri muodoissa, kuten kahvissa, teess\u00e4, energiajuomissa ja ravintolisiss\u00e4, on osoittautunut arvokkaaksi liittolaiseksi urheilusuorituksen parantamisessa.<\/span><\/p>\n<p><span lang=\"en-US\">Kofeiinin hy\u00f6dyt:<\/span><\/p>\n<ul>\n<li><strong><span lang=\"en-US\">Parempi kest\u00e4vyys:<\/span><\/strong><span lang=\"en-US\"> Kofeiinin tiedet\u00e4\u00e4n lis\u00e4\u00e4v\u00e4n elimist\u00f6n kyky\u00e4 k\u00e4ytt\u00e4\u00e4 rasvaa polttoaineen l\u00e4hteen\u00e4 harjoituksen aikana, mik\u00e4 auttaa parantamaan kest\u00e4vyyssuorituskyky\u00e4.<\/span><\/li>\n<li><strong><span lang=\"en-US\">Lis\u00e4\u00e4ntynyt keskittyminen ja valppaus:<\/span><\/strong><span lang=\"en-US\"> Kofeiinin stimuloiva vaikutus voi auttaa urheilijoita pit\u00e4m\u00e4\u00e4n keskittymiskyvyn ja valppauden korkealla tasolla harjoittelun ja kilpailun aikana, mik\u00e4 parantaa kognitiivista suorituskyky\u00e4.<\/span><\/li>\n<li><strong><span lang=\"en-US\">Lihaskivun v\u00e4hent\u00e4minen:<\/span><\/strong><span lang=\"en-US\"> Kipua lievitt\u00e4vien ominaisuuksiensa ansiosta kofeiini voi auttaa v\u00e4hent\u00e4m\u00e4\u00e4n lihaskipua ja arkuutta harjoituksen j\u00e4lkeen, jolloin urheilijat voivat toipua nopeammin ja kohdata seuraavat harjoitukset v\u00e4hemm\u00e4ll\u00e4 ep\u00e4mukavuudella.<\/span><\/li>\n<li><strong><span lang=\"en-US\">Tehostettu aineenvaihdunta:<\/span><\/strong><span lang=\"en-US\"> Kofeiini pystyy lis\u00e4\u00e4m\u00e4\u00e4n aineenvaihduntaa, mik\u00e4 edist\u00e4\u00e4 ylim\u00e4\u00e4r\u00e4isten kalorien polttamista ja mahdollisesti tukee urheilijoiden pyrkimyksi\u00e4 laihtua tai yll\u00e4pit\u00e4\u00e4 optimaalista kehon koostumusta.<\/span><\/li>\n<\/ul>\n<p><\/p>\n<p><span lang=\"en-US\">Kun kofeiini on osa treeni\u00e4 edelt\u00e4v\u00e4\u00e4 tai kilpailurutiinia, voit kokea monia etuja, jotka voivat parantaa suorituskyky\u00e4si ja palautumista, jolloin voit saavuttaa urheilulliset tavoitteesi helpommin.<\/span>\n<\/p>\n<p><strong><span lang=\"en-US\">Suositeltu k\u00e4ytt\u00f6<\/span><\/strong><\/p>\n<p><span lang=\"en-US\">1 annos 30-45 minuuttia ennen harjoitusta tai fyysisen tai henkisen v\u00e4symyksen aikana.<\/span><\/p>\n<p><strong>Ilmoitus:<\/strong><\/p>\n<ul>\n<li>Vain aikuisille, eik\u00e4 se korvaa monipuolista, tasapainoista ruokavaliota ja terveellisi\u00e4 el\u00e4m\u00e4ntapoja.<\/li>\n<li>\u00c4l\u00e4 ylit\u00e4 suositeltua annosta.<\/li>\n<li>\u00c4l\u00e4 k\u00e4yt\u00e4 sit\u00e4 imetyksen tai raskauden aikana neuvottelematta l\u00e4\u00e4k\u00e4rin kanssa.<\/li>\n<li>S\u00e4ilyt\u00e4 tuote viile\u00e4ss\u00e4, kuivassa paikassa hyvin suljetussa pakkauksessa alle 3-vuotiaiden lasten ulottumattomissa.<\/li>\n<li>Saattaa sis\u00e4lt\u00e4\u00e4 pieni\u00e4 m\u00e4\u00e4ri\u00e4 maitoa, kauraa, kananmunaa ja soijaa.<\/li>\n<li>Laktoositon ja Gluteeniton.<\/li>\n<\/ul>","protected":false},"excerpt":{"rendered":"<details>\n<summary>Ainesosat<\/summary>\n<table style=\"text-align: center;\">\n<tbody>\n<tr>\n<th>Ainesosat<\/th>\n<th>annosta kohti 1 tabl.<\/th>\n<\/tr>\n<tr>\n<td>Caffeine<\/td>\n<td>200mg<\/td>\n<\/tr>\n<tr>\n<td colspan=\"3\"><strong>Muut ainesosat: <\/strong>stabilointiaineet (E953, E470b, E551, E460).<\/td>\n<\/tr>\n<\/tbody>\n<\/table>\n<\/details>\n<p>&nbsp;<\/p>","protected":false},"featured_media":378,"template":"","meta":[],"product_cat":[310,217],"product_tag":[315,163],"class_list":{"0":"post-377","1":"product","2":"type-product","3":"status-publish","4":"has-post-thumbnail","6":"product_cat-performance-and-endurance","7":"product_cat-pre-workout-energy","8":"product_tag-performance-and-endurance","9":"product_tag-weight-control-metabolism","11":"first","12":"instock","13":"taxable","14":"shipping-taxable","15":"purchasable","16":"product-type-simple"},"aioseo_notices":[],"_links":{"self":[{"href":"https:\/\/www.selfprotein.com\/fi\/wp-json\/wp\/v2\/product\/377"}],"collection":[{"href":"https:\/\/www.selfprotein.com\/fi\/wp-json\/wp\/v2\/product"}],"about":[{"href":"https:\/\/www.selfprotein.com\/fi\/wp-json\/wp\/v2\/types\/product"}],"wp:featuredmedia":[{"embeddable":true,"href":"https:\/\/www.selfprotein.com\/fi\/wp-json\/wp\/v2\/media\/378"}],"wp:attachment":[{"href":"https:\/\/www.selfprotein.com\/fi\/wp-json\/wp\/v2\/media?parent=377"}],"wp:term":[{"taxonomy":"product_cat","embeddable":true,"href":"https:\/\/www.selfprotein.com\/fi\/wp-json\/wp\/v2\/product_cat?post=377"},{"taxonomy":"product_tag","embeddable":true,"href":"https:\/\/www.selfprotein.com\/fi\/wp-json\/wp\/v2\/product_tag?post=377"}],"curies":[{"name":"wp","href":"https:\/\/api.w.org\/{rel}","templated":true}]}}