{"id":380,"date":"2023-11-27T13:03:57","date_gmt":"2023-11-27T12:03:57","guid":{"rendered":"https:\/\/34.88.231.180\/product\/calcium-pyruvate\/"},"modified":"2026-04-01T00:00:09","modified_gmt":"2026-03-31T22:00:09","slug":"calcium-pyruvate","status":"publish","type":"product","link":"https:\/\/www.selfprotein.com\/fi\/tuote\/calcium-pyruvate\/","title":{"rendered":"Calcium Pyruvate"},"content":{"rendered":"<p style=\"text-align: left;\" align=\"center\"><strong><span lang=\"en-US\">Calcium Pyruvate<\/span><\/strong><\/p>\n<p><span lang=\"en-US\">Kalsiumpyruvaatti on er\u00e4s pyruvaatin muoto, joka on luonnollinen yhdiste, jota elimist\u00f6 tuottaa energia-aineenvaihdunnan v\u00e4lituotteena. Kalsiumpyruvaattilis\u00e4t sis\u00e4lt\u00e4v\u00e4t t\u00e4t\u00e4 ainetta v\u00e4kev\u00e4ss\u00e4 muodossa.<\/span><\/p>\n<p><span lang=\"en-US\">T\u00e4ss\u00e4 ovat kalsiumpyruvaatin k\u00e4yt\u00f6n mahdolliset hy\u00f6dyt:<\/span><\/p>\n<ul>\n<li><strong><span lang=\"en-US\">Energia-aineenvaihdunnan tuki:<\/span><\/strong><span lang=\"en-US\"> Kalsiumpyruvaatti on hiilihydraatti- ja rasva-aineenvaihduntaan osallistuvan luonnollisen yhdisteen, pyruvaatin, v\u00e4kev\u00f6ity muoto. Se edist\u00e4\u00e4 solujen energiantuotantoa. Kalsiumpyruvaattilis\u00e4t voivat tarjota arvokasta tukea energia-aineenvaihdunnalle ja tarjota lis\u00e4energiaa fyysisen aktiivisuuden ja palautumisen aikana.<\/span><\/li>\n<li><strong><span lang=\"en-US\">Mahdollinen suorituskyvyn parantaminen:<\/span><\/strong><span lang=\"en-US\"> Viimeaikaiset tutkimukset viittaavat siihen, ett\u00e4 kalsiumpyruvaatin saannilla voi olla my\u00f6nteisi\u00e4 vaikutuksia fyysiseen suorituskykyyn. T\u00e4m\u00e4 voi johtaa kest\u00e4vyyden ja kest\u00e4vyyden lis\u00e4\u00e4ntymiseen liikunnan aikana, jolloin urheilijat voivat ylitt\u00e4\u00e4 rajojaan.<\/span><\/li>\n<li><strong><span lang=\"en-US\">Mahdollinen laihdutusvaikutus:<\/span><\/strong><span lang=\"en-US\"> Er\u00e4\u00e4t tutkimukset ovat osoittaneet, ett\u00e4 kalsiumpyruvaatti voi vaikuttaa my\u00f6nteisesti painonpudotukseen. T\u00e4m\u00e4 tapahtuu lis\u00e4\u00e4ntyneen aineenvaihdunnan ja rasvanpolton edist\u00e4misen kautta. Kalsiumpyruvaattilis\u00e4t voivat siis olla hy\u00f6dyllisi\u00e4 niille, jotka pyrkiv\u00e4t saavuttamaan laihtumistavoitteensa tehokkaasti.<\/span><\/li>\n<\/ul>\n<p>&nbsp;<\/p>\n<p><span lang=\"en-US\">On t\u00e4rke\u00e4\u00e4 huomata, ett\u00e4 vaikutukset voivat vaihdella henkil\u00f6st\u00e4 toiseen, ja on aina suositeltavaa konsultoida terveydenhuollon ammattilaista ennen lis\u00e4ravinteiden k\u00e4yt\u00f6n aloittamista.<\/span><\/p>\n<p><strong><span lang=\"en-US\">Suositeltu k\u00e4ytt\u00f6<\/span><\/strong><\/p>\n<p><span lang=\"en-US\">Enint\u00e4\u00e4n 3 kapselia p\u00e4iv\u00e4ss\u00e4.<\/span><\/p>\n<p><strong>Ilmoitus:<\/strong><\/p>\n<ul>\n<li>Vain aikuisille, eik\u00e4 se korvaa monipuolista, tasapainoista ruokavaliota ja terveellisi\u00e4 el\u00e4m\u00e4ntapoja.<\/li>\n<li>\u00c4l\u00e4 ylit\u00e4 suositeltua annosta.<\/li>\n<li>\u00c4l\u00e4 k\u00e4yt\u00e4 sit\u00e4 imetyksen tai raskauden aikana neuvottelematta l\u00e4\u00e4k\u00e4rin kanssa.<\/li>\n<li>S\u00e4ilyt\u00e4 tuote viile\u00e4ss\u00e4, kuivassa paikassa hyvin suljetussa pakkauksessa alle 3-vuotiaiden lasten ulottumattomissa.<\/li>\n<li>Saattaa sis\u00e4lt\u00e4\u00e4 pieni\u00e4 m\u00e4\u00e4ri\u00e4 kauraa, kananmunaa ja soijaa.<\/li>\n<li>Laktoositon ja Gluteeniton.<\/li>\n<\/ul>","protected":false},"excerpt":{"rendered":"<details>\n<summary>Ainesosat<\/summary>\n<table style=\"text-align: center;\">\n<tbody>\n<tr>\n<th>Ainesosat<\/th>\n<th>per 3 cps<\/th>\n<th>%NRV*<\/th>\n<\/tr>\n<tr>\n<td>Calcium Pyruvate<\/td>\n<td>1800mg<\/td>\n<td><\/td>\n<\/tr>\n<tr>\n<td>joista<\/td>\n<td><\/td>\n<td><\/td>\n<\/tr>\n<tr>\n<td>Kalsium<\/td>\n<td>360mg<\/td>\n<td>45<\/td>\n<\/tr>\n<tr>\n<td>Pyruviitti<\/td>\n<td>1440mg<\/td>\n<td><\/td>\n<\/tr>\n<tr>\n<td colspan=\"3\"><strong>Muut ainesosat: <\/strong>stabilointiaineet (E460, E470b) vegaaninen kapseli (E1204)<\/td>\n<\/tr>\n<tr>\n<td colspan=\"3\">*Ravitsemuksellinen viitearvo<\/td>\n<\/tr>\n<\/tbody>\n<\/table>\n<\/details>\n<p>&nbsp;<\/p>","protected":false},"featured_media":381,"template":"","meta":[],"product_cat":[312,214],"product_tag":[314,258],"class_list":{"0":"post-380","1":"product","2":"type-product","3":"status-publish","4":"has-post-thumbnail","6":"product_cat-health-and-wellness","7":"product_cat-vitamins-wellness","8":"product_tag-health-and-wellness","9":"product_tag-vitamins-wellness","11":"first","12":"instock","13":"taxable","14":"shipping-taxable","15":"purchasable","16":"product-type-simple"},"aioseo_notices":[],"_links":{"self":[{"href":"https:\/\/www.selfprotein.com\/fi\/wp-json\/wp\/v2\/product\/380"}],"collection":[{"href":"https:\/\/www.selfprotein.com\/fi\/wp-json\/wp\/v2\/product"}],"about":[{"href":"https:\/\/www.selfprotein.com\/fi\/wp-json\/wp\/v2\/types\/product"}],"wp:featuredmedia":[{"embeddable":true,"href":"https:\/\/www.selfprotein.com\/fi\/wp-json\/wp\/v2\/media\/381"}],"wp:attachment":[{"href":"https:\/\/www.selfprotein.com\/fi\/wp-json\/wp\/v2\/media?parent=380"}],"wp:term":[{"taxonomy":"product_cat","embeddable":true,"href":"https:\/\/www.selfprotein.com\/fi\/wp-json\/wp\/v2\/product_cat?post=380"},{"taxonomy":"product_tag","embeddable":true,"href":"https:\/\/www.selfprotein.com\/fi\/wp-json\/wp\/v2\/product_tag?post=380"}],"curies":[{"name":"wp","href":"https:\/\/api.w.org\/{rel}","templated":true}]}}