{"id":383,"date":"2023-11-27T13:04:01","date_gmt":"2023-11-27T12:04:01","guid":{"rendered":"https:\/\/34.88.231.180\/product\/carnitine\/"},"modified":"2026-05-01T00:23:40","modified_gmt":"2026-04-30T22:23:40","slug":"l-carnitine","status":"publish","type":"product","link":"https:\/\/www.selfprotein.com\/fi\/tuote\/l-carnitine\/","title":{"rendered":"L-Carnitine"},"content":{"rendered":"<p style=\"text-align: left;\" align=\"center\"><strong>L-Carnitine<\/strong><\/p>\n<p><span lang=\"en-US\">Tutustu L-karnitiinin, joka on v\u00e4ltt\u00e4m\u00e4t\u00f6n aminohappojohdannainen rasva-aineenvaihdunnassa, ratkaisevaan rooliin, sill\u00e4 sill\u00e4 on keskeinen rooli rasvahappojen kuljettamisessa mitokondrioihin, joissa ne muunnetaan elimist\u00f6n energiaksi. L-karnitiinia esiintyy luonnossa ja sit\u00e4 on saatavissa my\u00f6s ravinnonl\u00e4hteist\u00e4, kuten punaisesta lihasta, kalasta ja maitotuotteista, ja se on sis\u00e4llytetty elintarvikkeisiin tai laajalti saatavilla oleviin lis\u00e4ravinteisiin, joita k\u00e4ytet\u00e4\u00e4n erilaisiin tarkoituksiin, kuten urheilusuorituksen parantamiseen, painonpudotuksen edist\u00e4miseen ja kognitiivisten toimintojen tukemiseen.<\/span><\/p>\n<p><span lang=\"en-US\">L-karnitiinilis\u00e4n hy\u00f6dyt:<\/span><\/p>\n<ul>\n<li><strong><span lang=\"en-US\">Parempi fyysinen suorituskyky<\/span><\/strong><span lang=\"en-US\"><strong>:<\/strong> L-karnitiinilla t\u00e4ydent\u00e4minen voi lis\u00e4t\u00e4 kest\u00e4vyytt\u00e4 ja v\u00e4hent\u00e4\u00e4 v\u00e4symyst\u00e4 liikunnan aikana, optimoida rasvojen k\u00e4ytt\u00f6\u00e4 energial\u00e4hteen\u00e4 ja siten parantaa fyysist\u00e4 suorituskyky\u00e4.<\/span><\/li>\n<li><strong><span lang=\"en-US\">Painonpudotus:<\/span><\/strong><span lang=\"en-US\"> L-karnitiinilis\u00e4t voivat stimuloida rasva-aineenvaihduntaa ja v\u00e4hent\u00e4\u00e4 ruokahalua, mik\u00e4 helpottaa laihdutusprosessia ja antaa lis\u00e4tukea kehon painonhallintaan.<\/span><\/li>\n<li><strong><span lang=\"en-US\">Kognitiivisten toimintojen parantaminen:<\/span><\/strong><span lang=\"en-US\"> L-karnitiini voi edist\u00e4\u00e4 aivotoimintaa ja auttaa parantamaan keskittymist\u00e4 ja muistia erityisesti i\u00e4kk\u00e4ill\u00e4 aikuisilla, mik\u00e4 auttaa yll\u00e4pit\u00e4m\u00e4\u00e4n henkist\u00e4 ketteryytt\u00e4.<\/span><\/li>\n<li><strong><span lang=\"en-US\">Syd\u00e4men terveyden parantaminen:<\/span><\/strong><span lang=\"en-US\"> L-karnitiinilla t\u00e4ydent\u00e4minen voi parantaa syd\u00e4men toimintaa ja v\u00e4hent\u00e4\u00e4 syd\u00e4n- ja verisuonitautien riski\u00e4, mik\u00e4 tukee arvokkaasti syd\u00e4men ja verenkiertoelimist\u00f6n yleist\u00e4 terveytt\u00e4.<\/span><\/li>\n<\/ul>\n<p>&nbsp;<\/p>\n<p><strong><span lang=\"en-US\">Suositeltu k\u00e4ytt\u00f6<\/span><\/strong><\/p>\n<p><span lang=\"en-US\">2 kapselia p\u00e4iv\u00e4n aikana tai 30-45 minuuttia ennen harjoitusta.<\/span><\/p>\n<p><strong>Ilmoitus:<\/strong><\/p>\n<ul>\n<li>Vain aikuisille, eik\u00e4 se korvaa monipuolista, tasapainoista ruokavaliota ja terveellisi\u00e4 el\u00e4m\u00e4ntapoja.<\/li>\n<li>\u00c4l\u00e4 ylit\u00e4 suositeltua annosta.<\/li>\n<li>\u00c4l\u00e4 k\u00e4yt\u00e4 sit\u00e4 imetyksen tai raskauden aikana neuvottelematta l\u00e4\u00e4k\u00e4rin kanssa.<\/li>\n<li>S\u00e4ilyt\u00e4 tuote viile\u00e4ss\u00e4, kuivassa paikassa hyvin suljetussa pakkauksessa alle 3-vuotiaiden lasten ulottumattomissa.<\/li>\n<li>Saattaa sis\u00e4lt\u00e4\u00e4 pieni\u00e4 m\u00e4\u00e4ri\u00e4 maitoa, kauraa, kananmunaa ja soijaa.<\/li>\n<li>Laktoositon ja Gluteeniton.<\/li>\n<\/ul>","protected":false},"excerpt":{"rendered":"<details>\n<summary>Ainesosat<\/summary>\n<table style=\"text-align: center;\">\n<tbody>\n<tr>\n<th>Ainesosat<\/th>\n<th>per 2 cps<\/th>\n<\/tr>\n<tr>\n<td>L-karnitiinitartraatti<\/td>\n<td>1000mg<\/td>\n<\/tr>\n<tr>\n<td colspan=\"2\"><strong>Muut ainesosat: <\/strong>stabilointiaineet (E460, E470b, E551), vegaaninen kapseli (E1204).<\/td>\n<\/tr>\n<\/tbody>\n<\/table>\n<\/details>\n<p>&nbsp;<\/p>","protected":false},"featured_media":384,"template":"","meta":[],"product_cat":[155,309],"product_tag":[163,319],"class_list":{"0":"post-383","1":"product","2":"type-product","3":"status-publish","4":"has-post-thumbnail","6":"product_cat-weight-control-metabolism","7":"product_cat-weight-management-and-definition","8":"product_tag-weight-control-metabolism","9":"product_tag-weight-management-and-definition","11":"first","12":"instock","13":"taxable","14":"shipping-taxable","15":"purchasable","16":"product-type-simple"},"aioseo_notices":[],"_links":{"self":[{"href":"https:\/\/www.selfprotein.com\/fi\/wp-json\/wp\/v2\/product\/383"}],"collection":[{"href":"https:\/\/www.selfprotein.com\/fi\/wp-json\/wp\/v2\/product"}],"about":[{"href":"https:\/\/www.selfprotein.com\/fi\/wp-json\/wp\/v2\/types\/product"}],"wp:featuredmedia":[{"embeddable":true,"href":"https:\/\/www.selfprotein.com\/fi\/wp-json\/wp\/v2\/media\/384"}],"wp:attachment":[{"href":"https:\/\/www.selfprotein.com\/fi\/wp-json\/wp\/v2\/media?parent=383"}],"wp:term":[{"taxonomy":"product_cat","embeddable":true,"href":"https:\/\/www.selfprotein.com\/fi\/wp-json\/wp\/v2\/product_cat?post=383"},{"taxonomy":"product_tag","embeddable":true,"href":"https:\/\/www.selfprotein.com\/fi\/wp-json\/wp\/v2\/product_tag?post=383"}],"curies":[{"name":"wp","href":"https:\/\/api.w.org\/{rel}","templated":true}]}}