{"id":386,"date":"2023-11-27T13:04:05","date_gmt":"2023-11-27T12:04:05","guid":{"rendered":"https:\/\/34.88.231.180\/product\/carnitine-1000\/"},"modified":"2026-04-01T00:00:09","modified_gmt":"2026-03-31T22:00:09","slug":"l-carnitine-1000","status":"publish","type":"product","link":"https:\/\/www.selfprotein.com\/fi\/tuote\/l-carnitine-1000\/","title":{"rendered":"L-Carnitine 1000"},"content":{"rendered":"<p style=\"text-align: left;\" align=\"center\"><strong><span lang=\"en-US\">L-Carnitine 1000<\/span><\/strong><\/p>\n<p><span lang=\"en-US\">Tutustu L-karnitiinin, luonnossa luonnostaan esiintyv\u00e4n aminohappojohdannaisen, perustavanlaatuiseen rooliin rasva-aineenvaihdunnassa ja rasvahappojen kuljettamisessa mitokondrioihin, joissa niit\u00e4 k\u00e4ytet\u00e4\u00e4n kehon energianl\u00e4hteen\u00e4. L-karnitiinia, jota elimist\u00f6 tuottaa pieni\u00e4 m\u00e4\u00e4ri\u00e4 ja jota esiintyy ravinnonl\u00e4hteiss\u00e4, kuten punaisessa lihassa, kalassa ja maitotuotteissa, on my\u00f6s laajalti saatavilla ravintolisien muodossa, joita k\u00e4ytet\u00e4\u00e4n fyysisen suorituskyvyn parantamiseen, painonpudotuksen edist\u00e4miseen ja kognitiivisen terveyden tukemiseen.<\/span><\/p>\n<p><span lang=\"en-US\">L-karnitiinin edut:<\/span><\/p>\n<ul>\n<li><strong><span lang=\"en-US\">Parempi fyysinen suorituskyky:<\/span><\/strong><span lang=\"en-US\"> Kun L-karnitiini sis\u00e4llytet\u00e4\u00e4n ruokavalioon, voi kest\u00e4vyys lis\u00e4\u00e4nty\u00e4 ja v\u00e4symys v\u00e4henty\u00e4 liikunnan aikana, koska se edist\u00e4\u00e4 rasvojen k\u00e4ytt\u00f6\u00e4 ensisijaisena energianl\u00e4hteen\u00e4.<\/span><\/li>\n<li><strong><span lang=\"en-US\">Painonpudotus:<\/span><\/strong><span lang=\"en-US\"> L-karnitiinilis\u00e4t voivat stimuloida rasva-aineenvaihduntaa ja v\u00e4hent\u00e4\u00e4 ruokahalua, mik\u00e4 tukee laihdutus- ja ruokahalunhallintapyrkimyksi\u00e4.<\/span><\/li>\n<li><strong><span lang=\"en-US\">Kognitiivisten toimintojen parantaminen:<\/span><\/strong><span lang=\"en-US\"> L-karnitiini voi hy\u00f6dytt\u00e4\u00e4 aivojen terveytt\u00e4 parantamalla kognitiivisia toimintoja erityisesti i\u00e4kk\u00e4ill\u00e4 aikuisilla, mik\u00e4 auttaa pit\u00e4m\u00e4\u00e4n mielen ter\u00e4v\u00e4n\u00e4 ja aktiivisena.<\/span><\/li>\n<li><strong><span lang=\"en-US\">Syd\u00e4men terveyden parantaminen:<\/span><\/strong><span lang=\"en-US\"> L-karnitiinin sis\u00e4llytt\u00e4minen ruokavalioon voi auttaa parantamaan syd\u00e4men toimintaa ja v\u00e4hent\u00e4m\u00e4\u00e4n syd\u00e4n- ja verisuonitautien riski\u00e4, mik\u00e4 hy\u00f6dytt\u00e4\u00e4 syd\u00e4men ja verenkiertoj\u00e4rjestelm\u00e4n terveytt\u00e4.<\/span><\/li>\n<\/ul>\n<p>&nbsp;<\/p>\n<p><span lang=\"en-US\">L-karnitiinilis\u00e4t, joita on saatavana useissa eri muodoissa, kuten kapseleina, tabletteina ja nestein\u00e4, tarjoavat k\u00e4tev\u00e4n tavan hy\u00f6ty\u00e4 lukuisista eduista, joita t\u00e4m\u00e4 aminohappo voi tuoda terveydellesi ja kokonaisvaltaiselle hyvinvoinnillesi.<\/span><\/p>\n<p><strong><span lang=\"en-US\">Suositeltu k\u00e4ytt\u00f6<\/span><\/strong><\/p>\n<p><span lang=\"en-US\">1 tabletti p\u00e4iv\u00e4n aikana tai 30-45 minuuttia ennen harjoitusta.<\/span><\/p>\n<p><strong>Ilmoitus:<\/strong><\/p>\n<ul>\n<li>Vain aikuisille, eik\u00e4 se korvaa monipuolista, tasapainoista ruokavaliota ja terveellisi\u00e4 el\u00e4m\u00e4ntapoja.<\/li>\n<li>\u00c4l\u00e4 ylit\u00e4 suositeltua annosta.<\/li>\n<li>\u00c4l\u00e4 k\u00e4yt\u00e4 sit\u00e4 imetyksen tai raskauden aikana neuvottelematta l\u00e4\u00e4k\u00e4rin kanssa.<\/li>\n<li>S\u00e4ilyt\u00e4 tuote viile\u00e4ss\u00e4, kuivassa paikassa hyvin suljetussa pakkauksessa alle 3-vuotiaiden lasten ulottumattomissa.<\/li>\n<li>Saattaa sis\u00e4lt\u00e4\u00e4 pieni\u00e4 m\u00e4\u00e4ri\u00e4 maitoa, kauraa, kananmunaa ja soijaa.<\/li>\n<li>Laktoositon ja Gluteeniton.<\/li>\n<\/ul>","protected":false},"excerpt":{"rendered":"<details>\n<summary>Ainesosat<\/summary>\n<table style=\"text-align: center;\">\n<tbody>\n<tr>\n<th>Ainesosat<\/th>\n<th>per 1 v\u00e4lilehti<\/th>\n<\/tr>\n<tr>\n<td>L-karnitiinitartraatti<\/td>\n<td>1000mg<\/td>\n<\/tr>\n<tr>\n<td colspan=\"2\"><strong>Muut ainesosat: <\/strong>stabilointiaineet (E460, E470b, E551)<\/td>\n<\/tr>\n<\/tbody>\n<\/table>\n<\/details>\n<p>&nbsp;<\/p>","protected":false},"featured_media":387,"template":"","meta":[],"product_cat":[155,309],"product_tag":[163,319],"class_list":{"0":"post-386","1":"product","2":"type-product","3":"status-publish","4":"has-post-thumbnail","6":"product_cat-weight-control-metabolism","7":"product_cat-weight-management-and-definition","8":"product_tag-weight-control-metabolism","9":"product_tag-weight-management-and-definition","11":"first","12":"instock","13":"taxable","14":"shipping-taxable","15":"purchasable","16":"product-type-simple"},"aioseo_notices":[],"_links":{"self":[{"href":"https:\/\/www.selfprotein.com\/fi\/wp-json\/wp\/v2\/product\/386"}],"collection":[{"href":"https:\/\/www.selfprotein.com\/fi\/wp-json\/wp\/v2\/product"}],"about":[{"href":"https:\/\/www.selfprotein.com\/fi\/wp-json\/wp\/v2\/types\/product"}],"wp:featuredmedia":[{"embeddable":true,"href":"https:\/\/www.selfprotein.com\/fi\/wp-json\/wp\/v2\/media\/387"}],"wp:attachment":[{"href":"https:\/\/www.selfprotein.com\/fi\/wp-json\/wp\/v2\/media?parent=386"}],"wp:term":[{"taxonomy":"product_cat","embeddable":true,"href":"https:\/\/www.selfprotein.com\/fi\/wp-json\/wp\/v2\/product_cat?post=386"},{"taxonomy":"product_tag","embeddable":true,"href":"https:\/\/www.selfprotein.com\/fi\/wp-json\/wp\/v2\/product_tag?post=386"}],"curies":[{"name":"wp","href":"https:\/\/api.w.org\/{rel}","templated":true}]}}