{"id":389,"date":"2023-11-27T13:04:09","date_gmt":"2023-11-27T12:04:09","guid":{"rendered":"https:\/\/34.88.231.180\/product\/carnitine-liquid\/"},"modified":"2026-04-14T12:18:32","modified_gmt":"2026-04-14T10:18:32","slug":"carnitine-liquid","status":"publish","type":"product","link":"https:\/\/www.selfprotein.com\/fi\/tuote\/carnitine-liquid\/","title":{"rendered":"Carnitine Liquid"},"content":{"rendered":"<p style=\"text-align: left;\" align=\"center\"><strong><span lang=\"en-US\">Carnitine Liquid<\/span><\/strong><\/p>\n<p><span lang=\"en-US\">Tutustu L-karnitiinin, aminohappojohdannaisen, perustavanlaatuiseen rooliin rasva-aineenvaihdunnassa ja rasvahappojen kuljettamisessa mitokondrioihin, joissa niit\u00e4 k\u00e4ytet\u00e4\u00e4n elimist\u00f6n energianl\u00e4hteen\u00e4. L-karnitiinia on saatavissa sek\u00e4 ravinnosta, kuten punaisesta lihasta, kalasta ja maitotuotteista, ett\u00e4 lis\u00e4ravinteista, joita k\u00e4ytet\u00e4\u00e4n laajalti urheilusuorituksen parantamiseen, painonpudotuksen edist\u00e4miseen ja kognitiivisten toimintojen tehostamiseen.<\/span><\/p>\n<p><span lang=\"en-US\">Nestem\u00e4isen L-karnitiinin edut:<\/span><\/p>\n<ul>\n<li><strong><span lang=\"en-US\">Nopea imeytyminen<\/span><\/strong><span lang=\"en-US\"><strong>:<\/strong> L-karnitiinin nestem\u00e4inen muoto mahdollistaa nopeamman imeytymisen elimist\u00f6\u00f6n, jolloin hy\u00f6dyt ilmenev\u00e4t nopeammin kuin muissa lis\u00e4ravinteissa.<\/span><\/li>\n<li><strong><span lang=\"en-US\">Parempi biologinen hy\u00f6tyosuus:<\/span><\/strong><span lang=\"en-US\"> Nestem\u00e4inen L-karnitiini voi tarjota paremman biologisen hy\u00f6tyosuuden verrattuna kapseleihin tai tabletteihin, mik\u00e4 varmistaa, ett\u00e4 suurempi m\u00e4\u00e4r\u00e4 yhdistett\u00e4 p\u00e4\u00e4see verenkiertoj\u00e4rjestelm\u00e4\u00e4n elimist\u00f6n hy\u00f6dynnett\u00e4v\u00e4ksi.<\/span><\/li>\n<li><strong><span lang=\"en-US\">Annostusjoustavuus:<\/span><\/strong><span lang=\"en-US\"> Nestem\u00e4isen L-karnitiinin avulla annostusta on helpompi s\u00e4\u00e4t\u00e4\u00e4 yksil\u00f6llisten tarpeiden mukaan, mik\u00e4 mahdollistaa paremman kontrollin p\u00e4ivitt\u00e4isest\u00e4 yhdisteen saannista.<\/span><\/li>\n<li><strong><span lang=\"en-US\">Mukavuus:<\/span><\/strong><span lang=\"en-US\"> Nestem\u00e4inen L-karnitiini voidaan helposti sekoittaa juomiin tai lis\u00e4t\u00e4 smoothieihin, mik\u00e4 tekee p\u00e4ivitt\u00e4isest\u00e4 rutiinista helpompaa ja miellytt\u00e4v\u00e4mp\u00e4\u00e4.<\/span><\/li>\n<li><strong><span lang=\"en-US\">Monipuolisuus:<\/span><\/strong><span lang=\"en-US\"> Nestem\u00e4isen muotonsa ansiosta L-karnitiini voidaan helposti sekoittaa muihin lis\u00e4ravinteisiin tai juomiin t\u00e4ydellisen ja yksil\u00f6llisen ravitsemusprofiilin aikaansaamiseksi.<\/span><\/li>\n<\/ul>\n<p>&nbsp;<\/p>\n<p><span lang=\"en-US\">Nestem\u00e4isen L-karnitiinin avulla voit kokea kaikki t\u00e4m\u00e4n t\u00e4rke\u00e4n aminohapon hy\u00f6dyt nopeasti, tehokkaasti ja k\u00e4tev\u00e4sti, mik\u00e4 tukee yleist\u00e4 terveytt\u00e4si sek\u00e4 fyysist\u00e4 ja henkist\u00e4 hyvinvointiasi.<\/span><\/p>\n<p><strong><span lang=\"en-US\">Suositeltu k\u00e4ytt\u00f6<\/span><\/strong><\/p>\n<p><span lang=\"en-US\">1 annos p\u00e4iv\u00e4n aikana tai 30-45 minuuttia ennen harjoitusta.<\/span><\/p>\n<p><strong>Ilmoitus:<\/strong><\/p>\n<ul>\n<li>Vain aikuisille, eik\u00e4 se korvaa monipuolista, tasapainoista ruokavaliota ja terveellisi\u00e4 el\u00e4m\u00e4ntapoja.<\/li>\n<li>\u00c4l\u00e4 ylit\u00e4 suositeltua annosta.<\/li>\n<li>\u00c4l\u00e4 k\u00e4yt\u00e4 sit\u00e4 imetyksen tai raskauden aikana neuvottelematta l\u00e4\u00e4k\u00e4rin kanssa.<\/li>\n<li>S\u00e4ilyt\u00e4 tuote viile\u00e4ss\u00e4, kuivassa paikassa hyvin suljetussa pakkauksessa alle 3-vuotiaiden lasten ulottumattomissa.<\/li>\n<li>Saattaa sis\u00e4lt\u00e4\u00e4 pieni\u00e4 m\u00e4\u00e4ri\u00e4 maitoa, kauraa, kananmunaa ja soijaa.<\/li>\n<li>Laktoositon ja Gluteeniton.<\/li>\n<\/ul>","protected":false},"excerpt":{"rendered":"<details>\n<summary>Ainesosat<\/summary>\n<table style=\"text-align: center;\">\n<tbody>\n<tr>\n<th>Ainesosat<\/th>\n<th>per 100ml<\/th>\n<th>annosta kohti 10ml<\/th>\n<\/tr>\n<tr>\n<td>L-Carnitine<\/td>\n<td>10000mg<\/td>\n<td>1000mg<\/td>\n<\/tr>\n<tr>\n<td colspan=\"3\"><strong>Muut ainesosat: <\/strong>vesi, happamuudens\u00e4\u00e4t\u00f6aine (E330), s\u00e4il\u00f6nt\u00e4aineet (E211, E202), aromit, makeutusaine (E955).<\/td>\n<\/tr>\n<\/tbody>\n<\/table>\n<\/details>\n<p>&nbsp;<\/p>","protected":false},"featured_media":390,"template":"","meta":[],"product_cat":[155,309],"product_tag":[163,319],"class_list":{"0":"post-389","1":"product","2":"type-product","3":"status-publish","4":"has-post-thumbnail","6":"product_cat-weight-control-metabolism","7":"product_cat-weight-management-and-definition","8":"product_tag-weight-control-metabolism","9":"product_tag-weight-management-and-definition","11":"first","12":"instock","13":"taxable","14":"shipping-taxable","15":"purchasable","16":"product-type-simple"},"aioseo_notices":[],"_links":{"self":[{"href":"https:\/\/www.selfprotein.com\/fi\/wp-json\/wp\/v2\/product\/389"}],"collection":[{"href":"https:\/\/www.selfprotein.com\/fi\/wp-json\/wp\/v2\/product"}],"about":[{"href":"https:\/\/www.selfprotein.com\/fi\/wp-json\/wp\/v2\/types\/product"}],"wp:featuredmedia":[{"embeddable":true,"href":"https:\/\/www.selfprotein.com\/fi\/wp-json\/wp\/v2\/media\/390"}],"wp:attachment":[{"href":"https:\/\/www.selfprotein.com\/fi\/wp-json\/wp\/v2\/media?parent=389"}],"wp:term":[{"taxonomy":"product_cat","embeddable":true,"href":"https:\/\/www.selfprotein.com\/fi\/wp-json\/wp\/v2\/product_cat?post=389"},{"taxonomy":"product_tag","embeddable":true,"href":"https:\/\/www.selfprotein.com\/fi\/wp-json\/wp\/v2\/product_tag?post=389"}],"curies":[{"name":"wp","href":"https:\/\/api.w.org\/{rel}","templated":true}]}}