{"id":408,"date":"2023-11-27T13:04:46","date_gmt":"2023-11-27T12:04:46","guid":{"rendered":"https:\/\/34.88.231.180\/product\/cdz-vitamin-c-d-and-zinc\/"},"modified":"2026-04-01T00:00:09","modified_gmt":"2026-03-31T22:00:09","slug":"cdz-vitamin-c-d-zinc","status":"publish","type":"product","link":"https:\/\/www.selfprotein.com\/fi\/tuote\/cdz-vitamin-c-d-zinc\/","title":{"rendered":"CDZ \u2013 Vitamin C-D-Zinc"},"content":{"rendered":"<p style=\"text-align: left\" align=\"center\"><strong><span lang=\"en-US\">CDZ C-vitamiini, D-vitamiini ja sinkki<\/span><\/strong><\/p>\n<p><span lang=\"en-US\">C-vitamiini, D-vitamiini ja sinkki ovat elint\u00e4rkeit\u00e4 ravintoaineita, jotka edist\u00e4v\u00e4t ihmiskehon yleist\u00e4 terveytt\u00e4 ja hyvinvointia. Kullakin n\u00e4ist\u00e4 ravintoaineista on perustavanlaatuinen rooli kehon eri toiminnoissa, sill\u00e4 ne edist\u00e4v\u00e4t luuston terveytt\u00e4, immuunij\u00e4rjestelm\u00e4n toimintaa ja antioksidanttisuojaa. Vaikka kullakin ravintoaineella on omat erityiset teht\u00e4v\u00e4ns\u00e4 elimist\u00f6ss\u00e4, ne toimivat synergisesti optimoidakseen yleisen terveyden ja hyvinvoinnin.<\/span><\/p>\n<p><span lang=\"en-US\">Tuotteen edut:<\/span><\/p>\n<ul>\n<li><strong><span lang=\"en-US\">C-vitamiini (askorbiinihappo):<\/span><\/strong><\/li>\n<\/ul>\n<p><span lang=\"en-US\">- Edist\u00e4\u00e4 kollageenin tuotantoa, joka on v\u00e4ltt\u00e4m\u00e4t\u00f6nt\u00e4 ihon ja nivelten terveydelle.<\/span><br \/>\n<span lang=\"en-US\">- Tukee immuunij\u00e4rjestelm\u00e4n toimintaa ja auttaa torjumaan infektioita ja kausiluonteisia sairauksia.<\/span><br \/>\n<span lang=\"en-US\">- Tarjoaa antioksidanttisuojaa, joka auttaa torjumaan vapaiden radikaalien aiheuttamia vaurioita elimist\u00f6ss\u00e4.<\/span><\/p>\n<ul>\n<li><strong><span lang=\"en-US\">D-vitamiini (\"auringonpaistevitamiini\"):<\/span><\/strong><\/li>\n<\/ul>\n<p><span lang=\"en-US\">- V\u00e4ltt\u00e4m\u00e4t\u00f6n luuston terveydelle, sill\u00e4 se edist\u00e4\u00e4 kalsiumin imeytymist\u00e4 elimist\u00f6\u00f6n.<\/span><br \/>\n<span lang=\"en-US\">- Auttaa yll\u00e4pit\u00e4m\u00e4\u00e4n immuunij\u00e4rjestelm\u00e4n terveytt\u00e4, ehk\u00e4isem\u00e4\u00e4n infektioita ja edist\u00e4m\u00e4\u00e4n immuunivastetta.<\/span><br \/>\n<span lang=\"en-US\">- Saattaa vaikuttaa mielialan s\u00e4\u00e4telyyn ja masennuksen ehk\u00e4isyyn.<\/span><\/p>\n<ul>\n<li><strong><span lang=\"en-US\">Zinc<\/span><span lang=\"en-US\">:<\/span><\/strong><\/li>\n<\/ul>\n<p><span lang=\"en-US\">- Tukee immuunij\u00e4rjestelm\u00e4n toimintaa ja auttaa elimist\u00f6\u00e4 puolustautumaan infektioita ja sairauksia vastaan.<\/span><br \/>\n<span lang=\"en-US\">- Edist\u00e4\u00e4 haavojen paranemista ja auttaa kehoa korjaamaan ja uudistamaan vaurioituneita kudoksia.<\/span><br \/>\n<span lang=\"en-US\">- V\u00e4ltt\u00e4m\u00e4t\u00f6n kasvulle ja solujen jakautumiselle, mik\u00e4 edist\u00e4\u00e4 kehon kudosten asianmukaista kehityst\u00e4 ja yll\u00e4pitoa.<\/span><\/p>\n<p><span lang=\"en-US\">C-vitamiinin, D-vitamiinin ja sinkin riitt\u00e4v\u00e4n saannin varmistaminen tasapainoisella ruokavaliolla on ratkaisevan t\u00e4rke\u00e4\u00e4 yleisen terveyden tukemiseksi ja terveysongelmia aiheuttavien puutosten ehk\u00e4isemiseksi. N\u00e4iden ravintoaineiden t\u00e4ydent\u00e4mist\u00e4 voidaan harkita tarvittaessa riitt\u00e4v\u00e4n saannin varmistamiseksi.<\/span><\/p>\n<p><strong><span lang=\"en-US\">Suositeltu k\u00e4ytt\u00f6<\/span><\/strong><\/p>\n<p><span lang=\"en-US\">Yksi annos (20 ml) p\u00e4iv\u00e4ss\u00e4.<\/span><\/p>\n<p><strong>Ilmoitus:<\/strong><\/p>\n<ul>\n<li>Vain aikuisille, eik\u00e4 se korvaa monipuolista, tasapainoista ruokavaliota ja terveellisi\u00e4 el\u00e4m\u00e4ntapoja.<\/li>\n<li>\u00c4l\u00e4 ylit\u00e4 suositeltua annosta.<\/li>\n<li>\u00c4l\u00e4 k\u00e4yt\u00e4 sit\u00e4 imetyksen tai raskauden aikana neuvottelematta l\u00e4\u00e4k\u00e4rin kanssa.<\/li>\n<li>S\u00e4ilyt\u00e4 tuote viile\u00e4ss\u00e4, kuivassa paikassa hyvin suljetussa pakkauksessa alle 3-vuotiaiden lasten ulottumattomissa.<\/li>\n<li>Saattaa sis\u00e4lt\u00e4\u00e4 pieni\u00e4 m\u00e4\u00e4ri\u00e4 kauraa, maitoa, kananmunaa, soijaa.<\/li>\n<li>Laktoositon ja Gluteeniton.<\/li>\n<\/ul>","protected":false},"excerpt":{"rendered":"<details>\n<summary>Ainesosat<\/summary>\n<table style=\"text-align: center\">\n<tbody>\n<tr>\n<th>Ainesosat<\/th>\n<th>100 ml<\/th>\n<th>annosta kohti<br \/>\n20ml<\/th>\n<th>%NRV*<br \/>\nannosta kohti<\/th>\n<\/tr>\n<tr>\n<td>C-vitamiini<\/td>\n<td>25000mg<\/td>\n<td>1000mg<\/td>\n<td>1250<\/td>\n<\/tr>\n<tr>\n<td>Vitamin D<\/td>\n<td>1250\u03bcg<\/td>\n<td>50\u03bcg (2000ie)<\/td>\n<td>1000<\/td>\n<\/tr>\n<tr>\n<td>Zinc<\/td>\n<td>250mg<\/td>\n<td>10mg<\/td>\n<td>100<\/td>\n<\/tr>\n<tr>\n<td colspan=\"4\"><strong>Muut ainesosat: <\/strong>vesi, kalsiumaskorbaatti, L-askorbiinihappo, sinkki (sitraatti), d-vitamiini (kolekalsiferoli), s\u00e4il\u00f6nt\u00e4aineet (E211, E202), aromit, makeutusaine (E995).<\/td>\n<\/tr>\n<tr>\n<td colspan=\"4\"><strong>*%NRV <\/strong>ravitsemuksellinen viitearvo<\/td>\n<\/tr>\n<\/tbody>\n<\/table>\n<\/details>\n<p>&nbsp;<\/p>","protected":false},"featured_media":409,"template":"","meta":[],"product_cat":[214],"product_tag":[258],"class_list":{"0":"post-408","1":"product","2":"type-product","3":"status-publish","4":"has-post-thumbnail","6":"product_cat-vitamins-wellness","7":"product_tag-vitamins-wellness","9":"first","10":"instock","11":"taxable","12":"shipping-taxable","13":"purchasable","14":"product-type-simple"},"aioseo_notices":[],"_links":{"self":[{"href":"https:\/\/www.selfprotein.com\/fi\/wp-json\/wp\/v2\/product\/408"}],"collection":[{"href":"https:\/\/www.selfprotein.com\/fi\/wp-json\/wp\/v2\/product"}],"about":[{"href":"https:\/\/www.selfprotein.com\/fi\/wp-json\/wp\/v2\/types\/product"}],"wp:featuredmedia":[{"embeddable":true,"href":"https:\/\/www.selfprotein.com\/fi\/wp-json\/wp\/v2\/media\/409"}],"wp:attachment":[{"href":"https:\/\/www.selfprotein.com\/fi\/wp-json\/wp\/v2\/media?parent=408"}],"wp:term":[{"taxonomy":"product_cat","embeddable":true,"href":"https:\/\/www.selfprotein.com\/fi\/wp-json\/wp\/v2\/product_cat?post=408"},{"taxonomy":"product_tag","embeddable":true,"href":"https:\/\/www.selfprotein.com\/fi\/wp-json\/wp\/v2\/product_tag?post=408"}],"curies":[{"name":"wp","href":"https:\/\/api.w.org\/{rel}","templated":true}]}}