{"id":411,"date":"2023-11-27T13:04:50","date_gmt":"2023-11-27T12:04:50","guid":{"rendered":"https:\/\/34.88.231.180\/product\/citrulline-1000\/"},"modified":"2026-04-01T00:00:10","modified_gmt":"2026-03-31T22:00:10","slug":"citrulline-1000","status":"publish","type":"product","link":"https:\/\/www.selfprotein.com\/fi\/tuote\/citrulline-1000\/","title":{"rendered":"Citrulline 1000"},"content":{"rendered":"<p style=\"text-align: left;\" align=\"center\"><strong><span lang=\"en-US\">Citrulline 1000<\/span><\/strong><\/p>\n<p><span lang=\"en-US\">Sitrulliinimalaattipillerit ovat suosittu ravintolis\u00e4, jonka tiedet\u00e4\u00e4n parantavan fyysist\u00e4 suorituskyky\u00e4 ja v\u00e4hent\u00e4v\u00e4n lihasv\u00e4symyst\u00e4. T\u00e4m\u00e4 yhdiste on aminohappo sitrulliinin ja orgaanisen omenahapon yhdistelm\u00e4. Sen suosio johtuu sen v\u00e4itetyst\u00e4 kyvyst\u00e4 parantaa verenkiertoa ja lis\u00e4t\u00e4 typpioksidin tuotantoa, molekyyli, joka edist\u00e4\u00e4 verisuonten rentoutumista ja parantaa verenkiertoa.<\/span><\/p>\n<p><span lang=\"en-US\">Citrulline 1000:n edut:<\/span><\/p>\n<ul>\n<li><strong><span lang=\"en-US\">Fyysisen suorituskyvyn parantaminen:<\/span><\/strong><span lang=\"en-US\"> Sitrulliinimalaatti tunnetaan sen mahdollisuudesta parantaa urheilusuoritusta, jolloin ihmiset voivat harjoittaa korkean intensiteetin fyysist\u00e4 toimintaa pidempi\u00e4 aikoja ilman, ett\u00e4 he v\u00e4syv\u00e4t liikaa.<\/span><\/li>\n<li><strong><span lang=\"en-US\">Lihasv\u00e4symyksen v\u00e4hent\u00e4minen:<\/span><\/strong><span lang=\"en-US\"> Verenkiertoa ja typpioksidin tuotantoa lis\u00e4\u00e4vien ominaisuuksiensa ansiosta t\u00e4m\u00e4 lis\u00e4aine voi auttaa v\u00e4hent\u00e4m\u00e4\u00e4n lihasv\u00e4symyst\u00e4 intensiivisen fyysisen harjoittelun aikana ja sen j\u00e4lkeen, mik\u00e4 mahdollistaa nopeamman palautumisen.<\/span><\/li>\n<li><strong><span lang=\"en-US\">Lis\u00e4\u00e4ntynyt verenkierto:<\/span><\/strong><span lang=\"en-US\"> Sitrulliinimalaatti voi edist\u00e4\u00e4 parempaa verenkiertoa, jolloin lihakset saavat enemm\u00e4n happea ja ravinteita fyysisen aktiivisuuden aikana, mik\u00e4 parantaa suorituskyky\u00e4 ja nopeuttaa palautumista.<\/span><\/li>\n<li><strong><span lang=\"en-US\">Mahdollinen verenkierron paraneminen:<\/span><\/strong><span lang=\"en-US\"> Lis\u00e4\u00e4ntynyt typpioksidin tuotanto voi parantaa yleist\u00e4 verenkiertoa, mik\u00e4 hy\u00f6dytt\u00e4\u00e4 paitsi urheilusuoritusta my\u00f6s yleist\u00e4 syd\u00e4n- ja verisuoniterveytt\u00e4.<\/span><\/li>\n<li><strong><span lang=\"en-US\">Syd\u00e4n- ja verisuoniterveyden tukeminen:<\/span><\/strong><span lang=\"en-US\"> Positiiviset vaikutukset typpioksidiin voivat auttaa yll\u00e4pit\u00e4m\u00e4\u00e4n syd\u00e4n- ja verisuoniterveytt\u00e4 auttamalla pit\u00e4m\u00e4\u00e4n verenpaineen terveell\u00e4 alueella ja parantamalla verisuonten laajentumista.<\/span><\/li>\n<li><strong><span lang=\"en-US\">Monipuolinen ravintolis\u00e4:<\/span><\/strong><span lang=\"en-US\"> Citrulliinimalaattia voivat k\u00e4ytt\u00e4\u00e4 ammattiurheilijat, amat\u00f6\u00f6rit tai aktiiviset henkil\u00f6t, jotka haluavat parantaa fyysist\u00e4 suorituskyky\u00e4\u00e4n ja v\u00e4hent\u00e4\u00e4 lihasv\u00e4symyst\u00e4, mik\u00e4 tekee siit\u00e4 monipuolisen vaihtoehdon monenlaisille henkil\u00f6ille.<\/span><\/li>\n<\/ul>\n<p><\/p>\n<p><strong><span lang=\"en-US\">Suositeltu k\u00e4ytt\u00f6<\/span><\/strong><\/p>\n<p><span lang=\"en-US\">Ota 1 annos noin 30-45 minuuttia ennen harjoitusta.<\/span>\n<\/p>\n<p><strong>Ilmoitus:<\/strong><\/p>\n<ul>\n<li>Vain aikuisille, eik\u00e4 se korvaa monipuolista, tasapainoista ruokavaliota ja terveellisi\u00e4 el\u00e4m\u00e4ntapoja.<\/li>\n<li>\u00c4l\u00e4 ylit\u00e4 suositeltua annosta.<\/li>\n<li>\u00c4l\u00e4 k\u00e4yt\u00e4 sit\u00e4 imetyksen tai raskauden aikana neuvottelematta l\u00e4\u00e4k\u00e4rin kanssa.<\/li>\n<li>S\u00e4ilyt\u00e4 tuote viile\u00e4ss\u00e4, kuivassa paikassa hyvin suljetussa pakkauksessa alle 3-vuotiaiden lasten ulottumattomissa.<\/li>\n<li>Saattaa sis\u00e4lt\u00e4\u00e4 pieni\u00e4 m\u00e4\u00e4ri\u00e4 maitoa, kauraa, kananmunaa ja soijaa.<\/li>\n<li>Laktoositon ja Gluteeniton.<\/li>\n<\/ul>","protected":false},"excerpt":{"rendered":"<details>\n<summary>Ainesosat<\/summary>\n<table style=\"text-align: center;\">\n<tbody>\n<tr>\n<th>Ainesosat<\/th>\n<th>per 3 v\u00e4lilehte\u00e4<\/th>\n<\/tr>\n<tr>\n<td>Citrulline Malate<\/td>\n<td>3000mg<\/td>\n<\/tr>\n<tr>\n<td colspan=\"3\"><strong>Muut ainesosat: <\/strong>stabilointiaineet (E460, E470b, E551)<\/td>\n<\/tr>\n<\/tbody>\n<\/table>\n<\/details>\n<p>&nbsp;<\/p>","protected":false},"featured_media":412,"template":"","meta":[],"product_cat":[310,217],"product_tag":[315,230],"class_list":{"0":"post-411","1":"product","2":"type-product","3":"status-publish","4":"has-post-thumbnail","6":"product_cat-performance-and-endurance","7":"product_cat-pre-workout-energy","8":"product_tag-performance-and-endurance","9":"product_tag-pre-workout-energy","11":"first","12":"instock","13":"sale","14":"taxable","15":"shipping-taxable","16":"purchasable","17":"product-type-simple"},"aioseo_notices":[],"_links":{"self":[{"href":"https:\/\/www.selfprotein.com\/fi\/wp-json\/wp\/v2\/product\/411"}],"collection":[{"href":"https:\/\/www.selfprotein.com\/fi\/wp-json\/wp\/v2\/product"}],"about":[{"href":"https:\/\/www.selfprotein.com\/fi\/wp-json\/wp\/v2\/types\/product"}],"wp:featuredmedia":[{"embeddable":true,"href":"https:\/\/www.selfprotein.com\/fi\/wp-json\/wp\/v2\/media\/412"}],"wp:attachment":[{"href":"https:\/\/www.selfprotein.com\/fi\/wp-json\/wp\/v2\/media?parent=411"}],"wp:term":[{"taxonomy":"product_cat","embeddable":true,"href":"https:\/\/www.selfprotein.com\/fi\/wp-json\/wp\/v2\/product_cat?post=411"},{"taxonomy":"product_tag","embeddable":true,"href":"https:\/\/www.selfprotein.com\/fi\/wp-json\/wp\/v2\/product_tag?post=411"}],"curies":[{"name":"wp","href":"https:\/\/api.w.org\/{rel}","templated":true}]}}