{"id":414,"date":"2023-11-27T13:04:54","date_gmt":"2023-11-27T12:04:54","guid":{"rendered":"https:\/\/34.88.231.180\/product\/citrulline-malate\/"},"modified":"2026-04-09T11:52:46","modified_gmt":"2026-04-09T09:52:46","slug":"citrulline-malate","status":"publish","type":"product","link":"https:\/\/www.selfprotein.com\/fi\/tuote\/citrulline-malate\/","title":{"rendered":"Citrulline Malate"},"content":{"rendered":"<p style=\"text-align: left;\" align=\"center\"><strong><span lang=\"en-US\">Citrulline Malate<\/span><\/strong><\/p>\n<p><span lang=\"en-US\">Sitrulliinimalaatti on aminohapon sitrulliinin ja orgaanisen omenahapon suolan yhdistelm\u00e4. T\u00e4t\u00e4 ravintolis\u00e4\u00e4 k\u00e4ytet\u00e4\u00e4n laajalti fyysisen suorituskyvyn optimoimiseksi ja lihasv\u00e4symyksen lievitt\u00e4miseksi erityisesti korkean intensiteetin harjoitusten aikana. Sen jauhemainen muotoilu mahdollistaa helpon annostelun ja nopean imeytymisen elimist\u00f6\u00f6n.<\/span><\/p>\n<p><span lang=\"en-US\">Citrulliinimalaatin edut:<\/span><\/p>\n<ul>\n<li><strong><span lang=\"en-US\">Kulutuksen mukavuus<\/span><\/strong><span lang=\"en-US\"><strong>:<\/strong> Sitrulliinimalaatin jauhemainen muoto tekee tuotteen t\u00e4ydent\u00e4misest\u00e4 eritt\u00e4in k\u00e4tev\u00e4\u00e4, sill\u00e4 se voidaan nopeasti sekoittaa juomiin, mik\u00e4 helpottaa saantia p\u00e4ivitt\u00e4isten rutiinien aikana tai ennen fyysist\u00e4 aktiivisuutta.<\/span><\/li>\n<li><strong><span lang=\"en-US\">Fyysisen suorituskyvyn parantaminen:<\/span><\/strong><span lang=\"en-US\"> Sitrulliinimalaattijauheen ottaminen voi edist\u00e4\u00e4 parempaa suorituskyky\u00e4 intensiivisen fyysisen aktiivisuuden aikana, koska sen v\u00e4itetyn vaikutuksen ansiosta verenkierto ja typpioksidin tuotanto paranevat, mik\u00e4 voi lis\u00e4t\u00e4 lihasten kest\u00e4vyytt\u00e4 ja voimaa.<\/span><\/li>\n<li><strong><span lang=\"en-US\">Lihasv\u00e4symyksen v\u00e4hent\u00e4minen:<\/span><\/strong><span lang=\"en-US\"> Sitrulliinimalaattijauhetta kuluttavat henkil\u00f6t voivat kokea lihasv\u00e4symyksen v\u00e4henemisen harjoituksen aikana ja sen j\u00e4lkeen, mik\u00e4 mahdollistaa nopeamman elpymisen ja paremman kyvyn yll\u00e4pit\u00e4\u00e4 intensiivist\u00e4 harjoittelua.<\/span><\/li>\n<li><strong><span lang=\"en-US\">Nopea imeytyminen:<\/span><\/strong><span lang=\"en-US\"> Jauhemuoto mahdollistaa sitrulliinimalaatin nopean imeytymisen elimist\u00f6\u00f6n, jolloin sen hy\u00f6dylliset vaikutukset verenkiertoon ja verenkiertoon tulevat nopeammin esiin.<\/span><\/li>\n<li><strong><span lang=\"en-US\">Sovitettavuus henkil\u00f6kohtaiseen k\u00e4ytt\u00f6\u00f6n<\/span><\/strong><span lang=\"en-US\"><strong>:<\/strong> Kyky s\u00e4\u00e4t\u00e4\u00e4 sitrulliinimalaattijauheen annosta antaa yksil\u00f6ille mahdollisuuden r\u00e4\u00e4t\u00e4l\u00f6id\u00e4 saanti heid\u00e4n erityistarpeisiinsa, mik\u00e4 mahdollistaa tarkemman hallinnan halutuista vaikutuksista.<\/span><\/li>\n<\/ul>\n<p>&nbsp;<\/p>\n<p><strong><span lang=\"en-US\">Suositeltu k\u00e4ytt\u00f6<\/span><\/strong><\/p>\n<p><span lang=\"en-US\">Ota 1 annos noin 30-45 minuuttia ennen harjoittelua.<\/span><\/p>\n<p><strong>Ilmoitus:<\/strong><\/p>\n<ul>\n<li>Vain aikuisille, eik\u00e4 se korvaa monipuolista, tasapainoista ruokavaliota ja terveellisi\u00e4 el\u00e4m\u00e4ntapoja.<\/li>\n<li>\u00c4l\u00e4 ylit\u00e4 suositeltua annosta.<\/li>\n<li>\u00c4l\u00e4 k\u00e4yt\u00e4 sit\u00e4 imetyksen tai raskauden aikana neuvottelematta l\u00e4\u00e4k\u00e4rin kanssa.<\/li>\n<li>S\u00e4ilyt\u00e4 tuote viile\u00e4ss\u00e4, kuivassa paikassa hyvin suljetussa pakkauksessa alle 3-vuotiaiden lasten ulottumattomissa.<\/li>\n<li>Saattaa sis\u00e4lt\u00e4\u00e4 pieni\u00e4 m\u00e4\u00e4ri\u00e4 maitoa, kauraa, kananmunaa ja soijaa.<\/li>\n<li>Laktoositon ja Gluteeniton.<\/li>\n<\/ul>","protected":false},"excerpt":{"rendered":"<details>\n<summary>Ainesosat<\/summary>\n<table style=\"text-align: center;\">\n<tbody>\n<tr>\n<th>Ainesosat<\/th>\n<th>annosta kohti<\/th>\n<\/tr>\n<tr>\n<td>Citrulline Malate<\/td>\n<td>3g<\/td>\n<\/tr>\n<tr>\n<td colspan=\"2\"><strong>Muut ainesosat: <\/strong>stabilointiaine (E953), paakkuuntumisenestoaine (E551), hapettumisenestoaine (E341), emulgointiaine (E470b).<\/td>\n<\/tr>\n<\/tbody>\n<\/table>\n<\/details>\n<p>&nbsp;<\/p>","protected":false},"featured_media":416,"template":"","meta":[],"product_cat":[310,217],"product_tag":[315,230],"class_list":{"0":"post-414","1":"product","2":"type-product","3":"status-publish","4":"has-post-thumbnail","6":"product_cat-performance-and-endurance","7":"product_cat-pre-workout-energy","8":"product_tag-performance-and-endurance","9":"product_tag-pre-workout-energy","11":"first","12":"instock","13":"sale","14":"taxable","15":"shipping-taxable","16":"purchasable","17":"product-type-simple"},"aioseo_notices":[],"_links":{"self":[{"href":"https:\/\/www.selfprotein.com\/fi\/wp-json\/wp\/v2\/product\/414"}],"collection":[{"href":"https:\/\/www.selfprotein.com\/fi\/wp-json\/wp\/v2\/product"}],"about":[{"href":"https:\/\/www.selfprotein.com\/fi\/wp-json\/wp\/v2\/types\/product"}],"wp:featuredmedia":[{"embeddable":true,"href":"https:\/\/www.selfprotein.com\/fi\/wp-json\/wp\/v2\/media\/416"}],"wp:attachment":[{"href":"https:\/\/www.selfprotein.com\/fi\/wp-json\/wp\/v2\/media?parent=414"}],"wp:term":[{"taxonomy":"product_cat","embeddable":true,"href":"https:\/\/www.selfprotein.com\/fi\/wp-json\/wp\/v2\/product_cat?post=414"},{"taxonomy":"product_tag","embeddable":true,"href":"https:\/\/www.selfprotein.com\/fi\/wp-json\/wp\/v2\/product_tag?post=414"}],"curies":[{"name":"wp","href":"https:\/\/api.w.org\/{rel}","templated":true}]}}