{"id":419,"date":"2023-11-27T13:05:14","date_gmt":"2023-11-27T12:05:14","guid":{"rendered":"https:\/\/34.88.231.180\/product\/cla\/"},"modified":"2026-05-01T00:23:42","modified_gmt":"2026-04-30T22:23:42","slug":"cla","status":"publish","type":"product","link":"https:\/\/www.selfprotein.com\/fi\/tuote\/cla\/","title":{"rendered":"CLA Conjugated Linoleic Acid"},"content":{"rendered":"<p style=\"text-align: left;\" align=\"center\"><strong><span lang=\"en-US\">CLA<\/span><\/strong><\/p>\n<p><span lang=\"en-US\">Konjugoitu linolihappo (CLA) on monityydyttym\u00e4t\u00f6n rasva, joka on her\u00e4tt\u00e4nyt kiinnostusta painonpudotuksen lis\u00e4aineena, mutta josta voi olla hy\u00f6ty\u00e4 my\u00f6s urheilijoille.<\/span><\/p>\n<p><span lang=\"en-US\">CLA:n sis\u00e4llytt\u00e4minen osaksi kokonaisvaltaista ravitsemusstrategiaa voi tarjota urheilijoille lis\u00e4etua suorituskyvyn ja yleisen hyvinvoinnin tavoitteiden saavuttamisessa. On kuitenkin t\u00e4rke\u00e4\u00e4 neuvotella terveydenhuollon ammattilaisen kanssa, ennen kuin uusi lis\u00e4ravinne sis\u00e4llytet\u00e4\u00e4n ruokavalioon.<\/span><\/p>\n<p><span lang=\"en-US\">Seuraavassa on lueteltu joitakin CLA:n urheilusuoritukseen tarjoamia etuja:<\/span><\/p>\n<ul>\n<li><strong><span lang=\"en-US\">Kehon rasvan v\u00e4hent\u00e4minen:<\/span><\/strong><span lang=\"en-US\"> CLA voi auttaa v\u00e4hent\u00e4m\u00e4\u00e4n kehon rasvaa, mik\u00e4 on erityisen hy\u00f6dyllist\u00e4 urheilijoille, joiden on s\u00e4ilytett\u00e4v\u00e4 v\u00e4h\u00e4rasvainen kehon koostumus urheilusuoritustensa optimoimiseksi.<\/span><\/li>\n<li><strong><span lang=\"en-US\">Tukee lihasten kasvua:<\/span><\/strong><span lang=\"en-US\"> CLA voi edist\u00e4\u00e4 lihasten kasvua, mik\u00e4 on ratkaisevan t\u00e4rke\u00e4\u00e4 urheilijoille, jotka haluavat parantaa voimaa, kest\u00e4vyytt\u00e4 ja tehoa.<\/span><\/li>\n<li><strong><span lang=\"en-US\">Immuunitoiminnan tehostaminen:<\/span><\/strong><span lang=\"en-US\"> CLA saattaa parantaa immuunij\u00e4rjestelm\u00e4n toimintaa ja tarjota urheilijoille paremman suojan infektioita vastaan, etenkin kun otetaan huomioon korkeaan fyysiseen aktiivisuuteen liittyv\u00e4t riskit.<\/span><\/li>\n<li><strong><span lang=\"en-US\">Tulehduksen v\u00e4hent\u00e4minen:<\/span><\/strong><span lang=\"en-US\"> Tulehdusta ehk\u00e4isevien ominaisuuksiensa ansiosta CLA voi auttaa v\u00e4hent\u00e4m\u00e4\u00e4n voimakkaan liikunnan aiheuttamaa tulehdusta ja lihaskipua, mink\u00e4 ansiosta urheilijat voivat palautua nopeammin ja yll\u00e4pit\u00e4\u00e4 korkean suorituskyvyn pitk\u00e4ll\u00e4 aikav\u00e4lill\u00e4.<\/span><\/li>\n<\/ul>\n<p>&nbsp;<\/p>\n<p><strong><span lang=\"en-US\">Suositeltu k\u00e4ytt\u00f6<\/span><\/strong><\/p>\n<p><span lang=\"en-US\">Ota 3 kapselia p\u00e4iv\u00e4n aikana<\/span><\/p>\n<p><strong>Ilmoitus:<\/strong><\/p>\n<ul>\n<li>Vain aikuisille, eik\u00e4 se korvaa monipuolista, tasapainoista ruokavaliota ja terveellisi\u00e4 el\u00e4m\u00e4ntapoja.<\/li>\n<li>\u00c4l\u00e4 ylit\u00e4 suositeltua annosta.<\/li>\n<li>\u00c4l\u00e4 k\u00e4yt\u00e4 sit\u00e4 imetyksen tai raskauden aikana neuvottelematta l\u00e4\u00e4k\u00e4rin kanssa.<\/li>\n<li>S\u00e4ilyt\u00e4 tuote viile\u00e4ss\u00e4, kuivassa paikassa hyvin suljetussa pakkauksessa alle 3-vuotiaiden lasten ulottumattomissa.<\/li>\n<li>Saattaa sis\u00e4lt\u00e4\u00e4 pieni\u00e4 m\u00e4\u00e4ri\u00e4 maitoa, kauraa, kananmunaa ja soijaa.<\/li>\n<li>Laktoositon ja Gluteeniton.<\/li>\n<\/ul>","protected":false},"excerpt":{"rendered":"<details>\n<summary>Ainesosat<\/summary>\n<table style=\"text-align: center;\">\n<tbody>\n<tr>\n<th>Ainesosat<\/th>\n<th>per 3 korkkia<\/th>\n<\/tr>\n<tr>\n<td>CLA - konjugoitu linolihappo<\/td>\n<td>3000mg<\/td>\n<\/tr>\n<tr>\n<td>(saflorin siemen\u00f6ljy)<\/td>\n<td><\/td>\n<\/tr>\n<tr>\n<td colspan=\"2\"><strong>Muut ainesosat: <\/strong>pehmytgeelikapseli (naudan gelatiini), glyseriini, puhdistettu vesi.<\/td>\n<\/tr>\n<\/tbody>\n<\/table>\n<\/details>\n<p>&nbsp;<\/p>","protected":false},"featured_media":7141,"template":"","meta":[],"product_cat":[155,309],"product_tag":[163,319],"class_list":{"0":"post-419","1":"product","2":"type-product","3":"status-publish","4":"has-post-thumbnail","6":"product_cat-weight-control-metabolism","7":"product_cat-weight-management-and-definition","8":"product_tag-weight-control-metabolism","9":"product_tag-weight-management-and-definition","11":"first","12":"instock","13":"taxable","14":"shipping-taxable","15":"purchasable","16":"product-type-simple"},"aioseo_notices":[],"_links":{"self":[{"href":"https:\/\/www.selfprotein.com\/fi\/wp-json\/wp\/v2\/product\/419"}],"collection":[{"href":"https:\/\/www.selfprotein.com\/fi\/wp-json\/wp\/v2\/product"}],"about":[{"href":"https:\/\/www.selfprotein.com\/fi\/wp-json\/wp\/v2\/types\/product"}],"wp:featuredmedia":[{"embeddable":true,"href":"https:\/\/www.selfprotein.com\/fi\/wp-json\/wp\/v2\/media\/7141"}],"wp:attachment":[{"href":"https:\/\/www.selfprotein.com\/fi\/wp-json\/wp\/v2\/media?parent=419"}],"wp:term":[{"taxonomy":"product_cat","embeddable":true,"href":"https:\/\/www.selfprotein.com\/fi\/wp-json\/wp\/v2\/product_cat?post=419"},{"taxonomy":"product_tag","embeddable":true,"href":"https:\/\/www.selfprotein.com\/fi\/wp-json\/wp\/v2\/product_tag?post=419"}],"curies":[{"name":"wp","href":"https:\/\/api.w.org\/{rel}","templated":true}]}}