{"id":422,"date":"2023-11-27T13:05:19","date_gmt":"2023-11-27T12:05:19","guid":{"rendered":"https:\/\/34.88.231.180\/product\/clear-way-isolate\/"},"modified":"2026-04-01T00:00:14","modified_gmt":"2026-03-31T22:00:14","slug":"clear-way-isolate","status":"publish","type":"product","link":"https:\/\/www.selfprotein.com\/fi\/tuote\/clear-way-isolate\/","title":{"rendered":"Clear Whey Isolate"},"content":{"rendered":"<p><strong>Clear Whey Isolate<\/strong><\/p>\n<p><strong>Uuden sukupolven proteiini: kevyt, virkist\u00e4v\u00e4 ja tehokas.<\/strong><\/p>\n<p>Clear Whey Isolate tarjoaa innovatiivisen ratkaisun niille, jotka etsiv\u00e4t vaihtoehtoa perinteisille maitoproteiinipirtel\u00f6ille. Kehittyneen suodatusprosessin ansiosta se s\u00e4ilytt\u00e4\u00e4 heraproteiini-isolaatin kaikki ravitsemukselliset ominaisuudet, mutta ilman laktoosia, rasvaa ja hiilihydraatteja, ja sen raikas ja kevyt maku yll\u00e4tt\u00e4\u00e4 sinut.<\/p>\n<p><strong>Miksi pid\u00e4t siit\u00e4<\/strong><\/p>\n<ul>\n<li><strong>T\u00e4ydellinen, korkealaatuinen proteiini<\/strong>: Jokainen annos sis\u00e4lt\u00e4\u00e4 20-25 g proteiinia, joka on v\u00e4ltt\u00e4m\u00e4t\u00f6nt\u00e4 lihasten kasvulle ja palautumiselle.<\/li>\n<li><strong>Eritt\u00e4in nopea imeytyminen<\/strong>T\u00e4ydellinen treenin j\u00e4lkeen, jotta lihakset saavat ravintoa silloin, kun ne sit\u00e4 eniten tarvitsevat.<\/li>\n<li><strong>Ihanteellinen erityisruokavalioihin<\/strong>: laktoositon, v\u00e4h\u00e4sokerinen ja v\u00e4h\u00e4rasvainen, sopii niille, joilla on intoleransseja tai jotka noudattavat valvottua ruokavaliota.<\/li>\n<li><strong>Raikas ja janoa sammuttava maku<\/strong>: hedelm\u00e4iset maut ja selke\u00e4 koostumus, joka saa sinut unohtamaan perinteiset kermaiset smoothiet.<\/li>\n<li><strong>Monipuolinen<\/strong>: hyv\u00e4 mihin aikaan p\u00e4iv\u00e4st\u00e4 tahansa, k\u00e4yt\u00e4nn\u00f6llinen ja miellytt\u00e4v\u00e4 tapa lis\u00e4t\u00e4 proteiinia rutiineihisi.<\/li>\n<\/ul>\n<p><\/p>\n<p>\n<strong>Suositeltu annos<\/strong><\/p>\n<p>Liuota <strong>25 g<\/strong> (noin 1 mittalusikallinen) Clear Whey Isolate -valmistetta. <strong>300 ml kylm\u00e4\u00e4 vett\u00e4<\/strong>. Ravista hyvin, kunnes se on t\u00e4ysin liuennut.<\/p>\n<p>R\u00e4j\u00e4hdysm\u00e4inen raikkaus, joka ravitsee lihaksia painamatta sinua.<\/p>\n<p><strong>Ilmoitus<\/strong><\/p>\n<ul>\n<li>Vain aikuisille.<\/li>\n<li>Ei korvaa monipuolista, tasapainoista ruokavaliota ja terveellisi\u00e4 el\u00e4m\u00e4ntapoja.<\/li>\n<li>\u00c4l\u00e4 ylit\u00e4 suositeltua annosta.<\/li>\n<li>Ota yhteytt\u00e4 l\u00e4\u00e4k\u00e4riin raskauden tai imetyksen aikana.<\/li>\n<li>S\u00e4ilyt\u00e4 viile\u00e4ss\u00e4, kuivassa paikassa, suojattuna suoralta valolta.<\/li>\n<li>Saattaa sis\u00e4lt\u00e4\u00e4 pieni\u00e4 m\u00e4\u00e4ri\u00e4 maitoa, kauraa, kananmunia ja soijaa.<\/li>\n<li><strong>Laktoositon<\/strong> ja <strong>gluteeniton<\/strong>.<\/li>\n<\/ul>\n<p><\/p>\n<p><strong>T\u00e4ydellinen: niille, jotka etsiv\u00e4t kevytt\u00e4, virkist\u00e4v\u00e4\u00e4 ja laadukasta vaihtoehtoa harjoituksen j\u00e4lkeiseen palautumiseen.<\/strong><\/p>","protected":false},"excerpt":{"rendered":"<p>Clear Whey Isolate Uuden sukupolven proteiini: kevyt, virkist\u00e4v\u00e4 ja tehokas. Clear Whey Isolate tarjoaa innovatiivisen ratkaisun niille, jotka etsiv\u00e4t vaihtoehtoa perinteisille maitoproteiinipirtel\u00f6ille. Kehittyneen suodatusprosessin ansiosta se s\u00e4ilytt\u00e4\u00e4 heraproteiini-isolaatin kaikki ravitsemukselliset ominaisuudet, mutta ilman laktoosia, rasvaa ja hiilihydraatteja, mik\u00e4 antaa raikkaan [...].<\/p>","protected":false},"featured_media":424,"template":"","meta":[],"product_cat":[158,308],"product_tag":[18,318],"class_list":{"0":"post-422","1":"product","2":"type-product","3":"status-publish","4":"has-post-thumbnail","6":"product_cat-proteins","7":"product_cat-strength-and-muscle-mass","8":"product_tag-proteins","9":"product_tag-strength-and-muscle-mass","11":"first","12":"outofstock","13":"taxable","14":"shipping-taxable","15":"purchasable","16":"product-type-variable"},"aioseo_notices":[],"_links":{"self":[{"href":"https:\/\/www.selfprotein.com\/fi\/wp-json\/wp\/v2\/product\/422"}],"collection":[{"href":"https:\/\/www.selfprotein.com\/fi\/wp-json\/wp\/v2\/product"}],"about":[{"href":"https:\/\/www.selfprotein.com\/fi\/wp-json\/wp\/v2\/types\/product"}],"wp:featuredmedia":[{"embeddable":true,"href":"https:\/\/www.selfprotein.com\/fi\/wp-json\/wp\/v2\/media\/424"}],"wp:attachment":[{"href":"https:\/\/www.selfprotein.com\/fi\/wp-json\/wp\/v2\/media?parent=422"}],"wp:term":[{"taxonomy":"product_cat","embeddable":true,"href":"https:\/\/www.selfprotein.com\/fi\/wp-json\/wp\/v2\/product_cat?post=422"},{"taxonomy":"product_tag","embeddable":true,"href":"https:\/\/www.selfprotein.com\/fi\/wp-json\/wp\/v2\/product_tag?post=422"}],"curies":[{"name":"wp","href":"https:\/\/api.w.org\/{rel}","templated":true}]}}