{"id":430,"date":"2023-11-27T13:05:33","date_gmt":"2023-11-27T12:05:33","guid":{"rendered":"https:\/\/34.88.231.180\/product\/collagen-powder\/"},"modified":"2026-05-01T00:23:46","modified_gmt":"2026-04-30T22:23:46","slug":"collagen-powder","status":"publish","type":"product","link":"https:\/\/www.selfprotein.com\/fi\/tuote\/collagen-powder\/","title":{"rendered":"Collagen Powder"},"content":{"rendered":"<p style=\"text-align: left;\" align=\"center\"><strong><span lang=\"en-US\">Collagen Powder<\/span><\/strong><\/p>\n<p><span lang=\"en-US\">Kollageeni, joka on sidekudoksissa, kuten ihossa, j\u00e4nteiss\u00e4, nivelsiteiss\u00e4 ja rustoissa, esiintyv\u00e4 perusproteiini, muodostaa kehon tukirakenteen, joka antaa kudoksille lujuutta ja joustavuutta. T\u00e4m\u00e4 p\u00e4\u00e4asiassa glysiinin, proliinin ja hydroksiproliinin kaltaisista aminohapoista koostuva proteiini on v\u00e4ltt\u00e4m\u00e4t\u00f6n sidekudosten terveyden ja eheyden yll\u00e4pit\u00e4miseksi. I\u00e4n my\u00f6t\u00e4 kollageenin tuotanto kuitenkin v\u00e4henee, mik\u00e4 johtaa fysiologisiin muutoksiin, kuten ihon kimmoisuuden heikkenemiseen ja nivelkipuihin. Kollageenivalmisteita mainostetaan laajasti niiden mahdollisten terveyshy\u00f6tyjen vuoksi, mukaan lukien ihon ulkon\u00e4\u00f6n, nivelten terveyden ja suoliston terveyden parantuminen.<\/span><\/p>\n<p><span lang=\"en-US\">Kollageenilisien edut:<\/span><\/p>\n<ul>\n<li><strong><span lang=\"en-US\">I<\/span><span lang=\"en-US\">Ihon elastisuuden parantaminen: <\/span><\/strong><span lang=\"en-US\">Kollageenilis\u00e4t voivat auttaa yll\u00e4pit\u00e4m\u00e4\u00e4n ihon kimmoisuutta, v\u00e4hent\u00e4\u00e4 ryppyj\u00e4 ja v\u00e4hent\u00e4\u00e4 ihon s\u00e4vyn heikkenemist\u00e4, mik\u00e4 edist\u00e4\u00e4 nuorekkaampaa ja kirkkaampaa ulkon\u00e4k\u00f6\u00e4.<\/span><\/li>\n<li><strong><span lang=\"en-US\">Parannettu nivelten terveys:<\/span><\/strong><span lang=\"en-US\"> Kollageenilis\u00e4 voi tukea nivelten terveytt\u00e4 tarjoamalla niille optimaaliseen toimintaan tarvittavan rakenteen ja voitelun, mik\u00e4 v\u00e4hent\u00e4\u00e4 nivelkipujen ja ik\u00e4\u00e4ntymiseen liittyvien ongelmien riski\u00e4.<\/span><\/li>\n<li><strong><span lang=\"en-US\">Suoliston terveyden edist\u00e4minen:<\/span><\/strong><span lang=\"en-US\"> Kollageeni on t\u00e4rke\u00e4\u00e4 my\u00f6s suoliston terveyden kannalta, sill\u00e4 se edist\u00e4\u00e4 suolen limakalvon uudistumista ja suolen sein\u00e4m\u00e4n eheyden yll\u00e4pit\u00e4mist\u00e4, mik\u00e4 saattaa v\u00e4hent\u00e4\u00e4 tulehduksia ja parantaa ruoansulatusta.<\/span><\/li>\n<li><strong><span lang=\"en-US\">Tuki luuston terveydelle:<\/span><\/strong><span lang=\"en-US\"> Kollageeni on merkitt\u00e4v\u00e4 osa luun rakennetta, joten lis\u00e4ravinteet voivat auttaa yll\u00e4pit\u00e4m\u00e4\u00e4n luiden terveytt\u00e4 ja tiheytt\u00e4 ja v\u00e4hent\u00e4\u00e4 osteoporoosin ja murtumien riski\u00e4.<\/span><\/li>\n<li><strong><span lang=\"en-US\">Hiusten ja kynsien terveyden edist\u00e4minen:<\/span><\/strong><span lang=\"en-US\"> Joidenkin tutkimusten mukaan kollageenilis\u00e4t voivat my\u00f6s edist\u00e4\u00e4 hiusten kasvua ja parantaa kynsien terveytt\u00e4, jolloin ne ovat vahvempia ja kest\u00e4v\u00e4mpi\u00e4.<\/span><\/li>\n<\/ul>\n<p>&nbsp;<\/p>\n<p><strong><span lang=\"en-US\">Suositeltu k\u00e4ytt\u00f6<\/span><\/strong><\/p>\n<p><span lang=\"en-US\">Yksi annos p\u00e4iv\u00e4ss\u00e4: sekoitetaan 200 ml:aan vett\u00e4.<\/span><\/p>\n<p><strong>Ilmoitus:<\/strong><\/p>\n<ul>\n<li>Vain aikuisille, eik\u00e4 se korvaa monipuolista, tasapainoista ruokavaliota ja terveellisi\u00e4 el\u00e4m\u00e4ntapoja.<\/li>\n<li>\u00c4l\u00e4 ylit\u00e4 suositeltua annosta.<\/li>\n<li>\u00c4l\u00e4 k\u00e4yt\u00e4 sit\u00e4 imetyksen tai raskauden aikana neuvottelematta l\u00e4\u00e4k\u00e4rin kanssa.<\/li>\n<li>S\u00e4ilyt\u00e4 tuote viile\u00e4ss\u00e4, kuivassa paikassa hyvin suljetussa pakkauksessa alle 3-vuotiaiden lasten ulottumattomissa.<\/li>\n<li>Saattaa sis\u00e4lt\u00e4\u00e4 pieni\u00e4 m\u00e4\u00e4ri\u00e4 maitoa, kauraa, kananmunaa ja soijaa.<\/li>\n<li>Laktoositon ja Gluteeniton.<\/li>\n<\/ul>","protected":false},"excerpt":{"rendered":"<p>Kollageenijauhe Kollageeni on sidekudoksissa, kuten ihossa, j\u00e4nteiss\u00e4, nivelsiteiss\u00e4 ja rustoissa, esiintyv\u00e4 perusproteiini, joka muodostaa kehon tukirakenteen ja antaa kudoksille lujuutta ja joustavuutta. T\u00e4m\u00e4 p\u00e4\u00e4asiassa glysiinin, proliinin ja hydroksiproliinin kaltaisista aminohapoista koostuva proteiini on v\u00e4ltt\u00e4m\u00e4t\u00f6n sidekudosten terveyden ja eheyden yll\u00e4pit\u00e4miseksi. Kuitenkin i\u00e4n my\u00f6t\u00e4 [...]<\/p>","protected":false},"featured_media":432,"template":"","meta":[],"product_cat":[311],"product_tag":[317,258],"class_list":{"0":"post-430","1":"product","2":"type-product","3":"status-publish","4":"has-post-thumbnail","6":"product_cat-recovery-and-regeneration","7":"product_tag-recovery-and-regeneration","8":"product_tag-vitamins-wellness","10":"first","11":"instock","12":"taxable","13":"shipping-taxable","14":"purchasable","15":"product-type-variable"},"aioseo_notices":[],"_links":{"self":[{"href":"https:\/\/www.selfprotein.com\/fi\/wp-json\/wp\/v2\/product\/430"}],"collection":[{"href":"https:\/\/www.selfprotein.com\/fi\/wp-json\/wp\/v2\/product"}],"about":[{"href":"https:\/\/www.selfprotein.com\/fi\/wp-json\/wp\/v2\/types\/product"}],"wp:featuredmedia":[{"embeddable":true,"href":"https:\/\/www.selfprotein.com\/fi\/wp-json\/wp\/v2\/media\/432"}],"wp:attachment":[{"href":"https:\/\/www.selfprotein.com\/fi\/wp-json\/wp\/v2\/media?parent=430"}],"wp:term":[{"taxonomy":"product_cat","embeddable":true,"href":"https:\/\/www.selfprotein.com\/fi\/wp-json\/wp\/v2\/product_cat?post=430"},{"taxonomy":"product_tag","embeddable":true,"href":"https:\/\/www.selfprotein.com\/fi\/wp-json\/wp\/v2\/product_tag?post=430"}],"curies":[{"name":"wp","href":"https:\/\/api.w.org\/{rel}","templated":true}]}}