{"id":539,"date":"2023-11-27T13:17:56","date_gmt":"2023-11-27T12:17:56","guid":{"rendered":"https:\/\/34.88.231.180\/product\/corticut\/"},"modified":"2026-05-01T00:23:43","modified_gmt":"2026-04-30T22:23:43","slug":"corticut","status":"publish","type":"product","link":"https:\/\/www.selfprotein.com\/fi\/tuote\/corticut\/","title":{"rendered":"CortiCut"},"content":{"rendered":"<p style=\"text-align: left\" align=\"center\"><strong><span lang=\"en-US\">Corticut<\/span><\/strong><\/p>\n<p><span lang=\"en-US\">Tutustu Corticutin moninaisiin hy\u00f6tyihin, sill\u00e4 se on lis\u00e4ravinne, joka on suunniteltu parantamaan henkist\u00e4 ja fyysist\u00e4 terveytt\u00e4si. Kohdennetun koostumuksen ansiosta Corticut on suunniteltu v\u00e4hent\u00e4m\u00e4\u00e4n v\u00e4symyst\u00e4 stressin aikana, tukemaan hermoston normaalia toimintaa sek\u00e4 parantamaan keskittymist\u00e4 ja tarkkaavaisuutta. Lis\u00e4ksi se on gluteeniton ja laktoositon, joten se sopii monille ihmisille, joilla on erityisruokavaliota.<\/span><\/p>\n<p><span lang=\"en-US\">Corticutin edut:<\/span><\/p>\n<ul>\n<li><strong><span lang=\"en-US\">V\u00e4symyksen v\u00e4hent\u00e4minen<\/span><\/strong><span lang=\"en-US\"><strong>:<\/strong> Erityisen koostumuksensa ansiosta Corticut voi auttaa v\u00e4hent\u00e4m\u00e4\u00e4n v\u00e4symyst\u00e4 stressin aikana, jolloin voit tarttua p\u00e4ivitt\u00e4isiin haasteisiin energisemmin ja elinvoimaisemmin.<\/span><\/li>\n<li><strong><span lang=\"en-US\">Hermoston tukeminen:<\/span><\/strong><span lang=\"en-US\"> Corticut on suunniteltu tukemaan hermoston normaalia toimintaa ja siten yll\u00e4pit\u00e4m\u00e4\u00e4n optimaalista mielenterveytt\u00e4.<\/span><\/li>\n<li><strong><span lang=\"en-US\">Keskittymisen ja tarkkaavaisuuden parantaminen:<\/span><\/strong><span lang=\"en-US\"> Corticutin ainesosat on valittu edist\u00e4m\u00e4\u00e4n parempaa keskittymist\u00e4 ja tarkkaavaisuutta, jotta voit olla keskittyneempi ja tuottavampi p\u00e4ivitt\u00e4isiss\u00e4 toimissasi.<\/span><\/li>\n<li><strong><span lang=\"en-US\">Fyysisten ja henkisten kykyjen stimulointi:<\/span><\/strong><span lang=\"en-US\"> Sis\u00e4llytt\u00e4m\u00e4ll\u00e4 Corticutin rutiiniin voit kokea fyysisten ja henkisten kykyjen lis\u00e4\u00e4ntyv\u00e4n, mik\u00e4 auttaa sinua saavuttamaan suorituskyky- ja hyvinvointitavoitteesi.<\/span><\/li>\n<li><strong><span lang=\"en-US\">Gluteeniton ja laktoositon:<\/span><\/strong><span lang=\"en-US\"> Corticut on gluteeniton ja laktoositon, joten se sopii my\u00f6s henkil\u00f6ille, joilla on ruoka-aineintoleransseja tai jotka noudattavat erityisruokavaliota, mik\u00e4 takaa turvallisen ja terveellisen valinnan.<\/span><\/li>\n<\/ul>\n<p><\/p>\n<p><span lang=\"en-US\">Corticutin avulla voit nauttia monista eduista, jotka tukevat yleist\u00e4 hyvinvointiasi ja antavat sinulle mahdollisuuden kohdata el\u00e4m\u00e4si entist\u00e4 elinvoimaisemmin, keskittymiskykyisemmin ja joustavammin ilman, ett\u00e4 sinun tarvitsee huolehtia erityisist\u00e4 ravitsemuksellisista tarpeistasi.<\/span>\n<\/p>\n<p><strong><span lang=\"en-US\">Suositeltu k\u00e4ytt\u00f6<\/span><\/strong><\/p>\n<p><span lang=\"en-US\">4 kapselia p\u00e4iv\u00e4ss\u00e4, suoraan harjoittelun j\u00e4lkeen tai jaettuna p\u00e4iv\u00e4n aikana.<\/span><\/p>\n<p><strong>Ilmoitus:<\/strong><\/p>\n<ul>\n<li>Vain aikuisille, eik\u00e4 se korvaa monipuolista, tasapainoista ruokavaliota ja terveellisi\u00e4 el\u00e4m\u00e4ntapoja.<\/li>\n<li>\u00c4l\u00e4 ylit\u00e4 suositeltua annosta.<\/li>\n<li>Suositeltu p\u00e4iv\u00e4annos: 4 kapselia.<\/li>\n<li>\u00c4l\u00e4 k\u00e4yt\u00e4 sit\u00e4 imetyksen tai raskauden aikana neuvottelematta l\u00e4\u00e4k\u00e4rin kanssa.<\/li>\n<li>S\u00e4ilyt\u00e4 tuote viile\u00e4ss\u00e4, kuivassa paikassa hyvin suljetussa pakkauksessa alle 3-vuotiaiden lasten ulottumattomissa.<\/li>\n<li>Saattaa sis\u00e4lt\u00e4\u00e4 pieni\u00e4 m\u00e4\u00e4ri\u00e4 maitoa, kauraa, kananmunaa ja soijaa.<\/li>\n<li>Laktoositon ja Gluteeniton.<\/li>\n<\/ul>","protected":false},"excerpt":{"rendered":"<details>\n<summary>Ainesosat<\/summary>\n<table style=\"text-align: center\">\n<tbody>\n<tr>\n<th>Ainesosat<\/th>\n<th>per 4 cps<\/th>\n<\/tr>\n<tr>\n<td>C-vitamiini (askorbiinihappo)<\/td>\n<td>1000mg 1250%<\/td>\n<\/tr>\n<tr>\n<td>fosfatidyyliseriini (soija)<\/td>\n<td>600mg<\/td>\n<\/tr>\n<tr>\n<td>Roseroot e.s-uute (Rhodiola Rosea, radix)<\/td>\n<td>500mg<\/td>\n<\/tr>\n<tr>\n<td>GABA (gamma-aminovoihappo)<\/td>\n<td>250mg<\/td>\n<\/tr>\n<tr>\n<td>Magnesiumglysinaatti<\/td>\n<td>250mg<\/td>\n<\/tr>\n<tr>\n<td>L-teaniini<\/td>\n<td>240mg<\/td>\n<\/tr>\n<tr>\n<td colspan=\"2\"><strong>Muut ainesosat: <\/strong>stabilointiaineet (E953, E470b, E551). vegaaninen kapseli (E1204).<\/td>\n<\/tr>\n<\/tbody>\n<\/table>\n<\/details>\n<p>&nbsp;<\/p>","protected":false},"featured_media":540,"template":"","meta":[],"product_cat":[155,309],"product_tag":[163,319],"class_list":{"0":"post-539","1":"product","2":"type-product","3":"status-publish","4":"has-post-thumbnail","6":"product_cat-weight-control-metabolism","7":"product_cat-weight-management-and-definition","8":"product_tag-weight-control-metabolism","9":"product_tag-weight-management-and-definition","11":"first","12":"instock","13":"taxable","14":"shipping-taxable","15":"purchasable","16":"product-type-simple"},"aioseo_notices":[],"_links":{"self":[{"href":"https:\/\/www.selfprotein.com\/fi\/wp-json\/wp\/v2\/product\/539"}],"collection":[{"href":"https:\/\/www.selfprotein.com\/fi\/wp-json\/wp\/v2\/product"}],"about":[{"href":"https:\/\/www.selfprotein.com\/fi\/wp-json\/wp\/v2\/types\/product"}],"wp:featuredmedia":[{"embeddable":true,"href":"https:\/\/www.selfprotein.com\/fi\/wp-json\/wp\/v2\/media\/540"}],"wp:attachment":[{"href":"https:\/\/www.selfprotein.com\/fi\/wp-json\/wp\/v2\/media?parent=539"}],"wp:term":[{"taxonomy":"product_cat","embeddable":true,"href":"https:\/\/www.selfprotein.com\/fi\/wp-json\/wp\/v2\/product_cat?post=539"},{"taxonomy":"product_tag","embeddable":true,"href":"https:\/\/www.selfprotein.com\/fi\/wp-json\/wp\/v2\/product_tag?post=539"}],"curies":[{"name":"wp","href":"https:\/\/api.w.org\/{rel}","templated":true}]}}