{"id":548,"date":"2023-11-27T13:18:08","date_gmt":"2023-11-27T12:18:08","guid":{"rendered":"https:\/\/34.88.231.180\/product\/dextrose\/"},"modified":"2026-05-01T00:23:43","modified_gmt":"2026-04-30T22:23:43","slug":"dextrose","status":"publish","type":"product","link":"https:\/\/www.selfprotein.com\/fi\/tuote\/dextrose\/","title":{"rendered":"Dextrose"},"content":{"rendered":"<p style=\"text-align: left;\" align=\"center\"><strong><span lang=\"en-US\">Dextrose<\/span><\/strong><\/p>\n<p><span lang=\"en-US\">Dekstroosi, joka tunnetaan yleisesti glukoosina, on monissa elintarvikkeissa esiintyv\u00e4 yksinkertainen sokeri, jota arvostetaan sen kyvyn vuoksi toimia makeutusaineena ja v\u00e4litt\u00f6m\u00e4n\u00e4 energianl\u00e4hteen\u00e4. Koska dekstroosi on monosakkaridi eli yksitt\u00e4inen sokerimolekyyli, se on yksi ihmiskehon ensisijaisista polttoainel\u00e4hteist\u00e4. Sen nopea assimilaatio verenkiertoon tuottaa v\u00e4lit\u00f6nt\u00e4 energiaa, mink\u00e4 vuoksi se on olennainen osa urheilulis\u00e4ravinteita ja palautumistuotteita.<\/span><\/p>\n<p><span lang=\"en-US\">Dekstroosin edut:<\/span><\/p>\n<ul>\n<li><strong><span lang=\"en-US\">V\u00e4lit\u00f6n energianl\u00e4hde:<\/span><\/strong><span lang=\"en-US\"> Monosakkaridirakenteensa ansiosta dekstroosi imeytyy nopeasti elimist\u00f6\u00f6n, ja se tarjoaa nopeaa energian t\u00e4ydennyst\u00e4 intensiivisen tai pitk\u00e4kestoisen fyysisen aktiivisuuden aikana.<\/span><\/li>\n<li><strong><span lang=\"en-US\">Tukee lihasten palautumista:<\/span><\/strong><span lang=\"en-US\"> Dekstroosin nauttiminen harjoittelun j\u00e4lkeen voi auttaa palauttamaan tyhjentyneet lihasten glykogeenivarastot, helpottaa lihasten palautumisprosessia ja v\u00e4hent\u00e4\u00e4 v\u00e4symyksen riski\u00e4.<\/span><\/li>\n<li><strong><span lang=\"en-US\">Muiden ravintoaineiden parempi imeytyminen:<\/span><\/strong><span lang=\"en-US\"> Dekstroosi voi edist\u00e4\u00e4 muiden ravintoaineiden, kuten proteiinien, imeytymist\u00e4, kun niit\u00e4 nautitaan yhdess\u00e4, jolloin niiden hy\u00f6dynt\u00e4minen lihasten korjaamiseen ja kasvuun optimoituu.<\/span><\/li>\n<li><strong><span lang=\"en-US\">Monipuolinen k\u00e4ytt\u00f6:<\/span><\/strong><span lang=\"en-US\"> Dekstroosi voidaan helposti sis\u00e4llytt\u00e4\u00e4 erilaisiin ravintolisiin, juomiin tai energiapatukoihin, ja se tarjoaa k\u00e4tev\u00e4n tavan sis\u00e4llytt\u00e4\u00e4 v\u00e4lit\u00f6nt\u00e4 energiaa p\u00e4ivitt\u00e4iseen ruokavalioon.<\/span><\/li>\n<li><strong><span lang=\"en-US\">Glykeemisen indeksin s\u00e4\u00e4ntely:<\/span><\/strong><span lang=\"en-US\"> Korkeasta glykeemisest\u00e4 indeksist\u00e4\u00e4n huolimatta dekstroosia voidaan k\u00e4ytt\u00e4\u00e4 strategisesti nopean energiapiikin tuottamiseen tarvittaessa, erityisesti korkean intensiteetin harjoitusten aikana.<\/span><\/li>\n<\/ul>\n<p><\/p>\n<p><span lang=\"en-US\">Koska dekstroosi on nopea ja tehokas energianl\u00e4hde, se on saavuttanut merkitt\u00e4v\u00e4n aseman urheiluravitsemuksen alalla, sill\u00e4 se auttaa optimoimaan fyysist\u00e4 suorituskyky\u00e4 ja edist\u00e4m\u00e4\u00e4n lihasten palautumista fyysisen aktiivisuuden j\u00e4lkeen.<\/span>\n<\/p>\n<p><strong><span lang=\"en-US\">Suositeltu k\u00e4ytt\u00f6<\/span><\/strong><\/p>\n<p><span lang=\"en-US\">1 annos ennen harjoituksia ja niiden aikana urheilusuorituksen tukemiseksi<\/span><span lang=\"en-US\">.<\/span><\/p>\n<p><strong>Ilmoitus:<\/strong><\/p>\n<ul>\n<li>Vain aikuisille, eik\u00e4 se korvaa monipuolista, tasapainoista ruokavaliota ja terveellisi\u00e4 el\u00e4m\u00e4ntapoja.<\/li>\n<li>\u00c4l\u00e4 ylit\u00e4 suositeltua annosta.<\/li>\n<li>\u00c4l\u00e4 k\u00e4yt\u00e4 sit\u00e4 imetyksen tai raskauden aikana neuvottelematta l\u00e4\u00e4k\u00e4rin kanssa.<\/li>\n<li>S\u00e4ilyt\u00e4 tuote viile\u00e4ss\u00e4, kuivassa paikassa hyvin suljetussa pakkauksessa alle 3-vuotiaiden lasten ulottumattomissa.<\/li>\n<li>Saattaa sis\u00e4lt\u00e4\u00e4 pieni\u00e4 m\u00e4\u00e4ri\u00e4 maitoa, kauraa, kananmunaa ja soijaa.<\/li>\n<li>Gluteeniton.<\/li>\n<\/ul>","protected":false},"excerpt":{"rendered":"<details>\n<summary>Ravitsemukselliset tiedot<\/summary>\n<table style=\"text-align: center;\">\n<tbody>\n<tr>\n<th>Ravitsemukselliset tiedot<\/th>\n<th>per 100g<\/th>\n<\/tr>\n<tr>\n<td>Energia<\/td>\n<td>360kcal(1505kj)<\/td>\n<\/tr>\n<tr>\n<td>Rasvat<\/td>\n<td>0g<\/td>\n<\/tr>\n<tr>\n<td>joista tyydyttyneit\u00e4<\/td>\n<td>0g<\/td>\n<\/tr>\n<tr>\n<td>Hiilihydraatit<\/td>\n<td>90g<\/td>\n<\/tr>\n<tr>\n<td>joista sokereita<\/td>\n<td>90g<\/td>\n<\/tr>\n<tr>\n<td>Protein<\/td>\n<td>0g<\/td>\n<\/tr>\n<tr>\n<td>Ravintokuidut<\/td>\n<td>0g<\/td>\n<\/tr>\n<tr>\n<td>Suola<\/td>\n<td>0g<\/td>\n<\/tr>\n<tr>\n<td colspan=\"2\"><strong>Ainesosat: <\/strong> dekstroosi (maissi)<\/td>\n<\/tr>\n<\/tbody>\n<\/table>\n<\/details>\n<p>&nbsp;<\/p>","protected":false},"featured_media":549,"template":"","meta":[],"product_cat":[310,217],"product_tag":[315,230],"class_list":{"0":"post-548","1":"product","2":"type-product","3":"status-publish","4":"has-post-thumbnail","6":"product_cat-performance-and-endurance","7":"product_cat-pre-workout-energy","8":"product_tag-performance-and-endurance","9":"product_tag-pre-workout-energy","11":"first","12":"instock","13":"taxable","14":"shipping-taxable","15":"purchasable","16":"product-type-simple"},"aioseo_notices":[],"_links":{"self":[{"href":"https:\/\/www.selfprotein.com\/fi\/wp-json\/wp\/v2\/product\/548"}],"collection":[{"href":"https:\/\/www.selfprotein.com\/fi\/wp-json\/wp\/v2\/product"}],"about":[{"href":"https:\/\/www.selfprotein.com\/fi\/wp-json\/wp\/v2\/types\/product"}],"wp:featuredmedia":[{"embeddable":true,"href":"https:\/\/www.selfprotein.com\/fi\/wp-json\/wp\/v2\/media\/549"}],"wp:attachment":[{"href":"https:\/\/www.selfprotein.com\/fi\/wp-json\/wp\/v2\/media?parent=548"}],"wp:term":[{"taxonomy":"product_cat","embeddable":true,"href":"https:\/\/www.selfprotein.com\/fi\/wp-json\/wp\/v2\/product_cat?post=548"},{"taxonomy":"product_tag","embeddable":true,"href":"https:\/\/www.selfprotein.com\/fi\/wp-json\/wp\/v2\/product_tag?post=548"}],"curies":[{"name":"wp","href":"https:\/\/api.w.org\/{rel}","templated":true}]}}