{"id":551,"date":"2023-11-27T13:18:12","date_gmt":"2023-11-27T12:18:12","guid":{"rendered":"https:\/\/34.88.231.180\/product\/diet-meal\/"},"modified":"2026-04-01T00:00:45","modified_gmt":"2026-03-31T22:00:45","slug":"diet-meal","status":"publish","type":"product","link":"https:\/\/www.selfprotein.com\/fi\/tuote\/diet-meal\/","title":{"rendered":"Diet Meal"},"content":{"rendered":"<p style=\"text-align: left;\" align=\"center\"><strong><span lang=\"en-US\">Diet Meal<\/span><\/strong><\/p>\n<p><span lang=\"en-US\">L\u00f6yd\u00e4 t\u00e4ydellinen ratkaisu kevyeen ja tasapainoiseen ruokavalioon! Esittelyss\u00e4 on laihdutusateria, joka on ihanteellinen vaihtoehto korvaamaan yksi tai kaksi ateriaa p\u00e4iv\u00e4ss\u00e4. Vain 95 kaloria sis\u00e4lt\u00e4v\u00e4 ateria auttaa sinua hallitsemaan kalorien saantia, mutta se on my\u00f6s rikastettu v\u00e4ltt\u00e4m\u00e4tt\u00f6mill\u00e4 vitamiineilla ja kivenn\u00e4isaineilla. Lis\u00e4ksi se on gluteeniton ja laktoositon, mik\u00e4 takaa turvallisen valinnan niille, joilla on erityisruokavaliota.<\/span><\/p>\n<p><span lang=\"en-US\">Ruokavalion edut:<\/span><\/p>\n<ul>\n<li><strong><span lang=\"en-US\">V\u00e4h\u00e4kalorinen sis\u00e4lt\u00f6<\/span><\/strong><span lang=\"en-US\"><strong>:<\/strong> Vain 95 kaloria sis\u00e4lt\u00e4v\u00e4 laihdutusateria sopii erinomaisesti niille, jotka ovat kaloritietoisia ja haluavat s\u00e4ilytt\u00e4\u00e4 tai pudottaa painoaan terveellisesti.<\/span><\/li>\n<li><strong><span lang=\"en-US\">Runsaasti ravintoaineita:<\/span><\/strong><span lang=\"en-US\"> V\u00e4h\u00e4isest\u00e4 kalorim\u00e4\u00e4r\u00e4st\u00e4 huolimatta t\u00e4m\u00e4 ateria tarjoaa t\u00e4rke\u00e4n annoksen v\u00e4ltt\u00e4m\u00e4tt\u00f6mi\u00e4 vitamiineja ja kivenn\u00e4isaineita, jotka pit\u00e4v\u00e4t kehosi terveen\u00e4 ja hyv\u00e4kuntoisena.<\/span><\/li>\n<li><strong><span lang=\"en-US\">Gluteeniton ja laktoositon:<\/span><\/strong><span lang=\"en-US\"> Ruokavalioateria sopii herkk\u00e4vatsaisille ja intoleransseista k\u00e4rsiville, ja se on turvallinen ja maukas valinta ilman gluteenia ja laktoosia.<\/span><\/li>\n<li><strong><span lang=\"en-US\">Ateriankorvike:<\/span><\/strong><span lang=\"en-US\"> Se voidaan nauttia yhden tai kahden aterian sijasta p\u00e4iv\u00e4ss\u00e4, mik\u00e4 on k\u00e4tev\u00e4 ratkaisu niille, jotka ovat aina liikkeell\u00e4 tai joilla on v\u00e4h\u00e4n aikaa valmistaa kokonaisia aterioita.<\/span><\/li>\n<li><strong><span lang=\"en-US\">Erilaisia vaihtoehtoja:<\/span><\/strong><span lang=\"en-US\"> Saatavilla on useita herkullisia makuja, ja ruokavalioaterian avulla on helppo tyydytt\u00e4\u00e4 henkil\u00f6kohtainen makusi ja pit\u00e4\u00e4 samalla huolta terveydest\u00e4si.<\/span><\/li>\n<\/ul>\n<p>&nbsp;<\/p>\n<p><span lang=\"en-US\">Laihdutusruokavalion avulla voit nauttia kevyen, ravitsevan aterian, joka sopii ruokavaliotarpeisiisi mausta tai mukavuudesta tinkim\u00e4tt\u00e4.<\/span><\/p>\n<p><strong><span lang=\"en-US\">Suositeltu k\u00e4ytt\u00f6<\/span><\/strong><\/p>\n<p><span lang=\"en-US\">Painonpudotukseen korvaa 2 ateriaa p\u00e4iv\u00e4ss\u00e4 Diet Mealilla; yll\u00e4pitoon korvaa 1 ateria p\u00e4iv\u00e4ss\u00e4.<\/span><\/p>\n<p><strong>Ilmoitus:<\/strong><\/p>\n<ul>\n<li>Vain aikuisille, eik\u00e4 se korvaa monipuolista, tasapainoista ruokavaliota ja terveellisi\u00e4 el\u00e4m\u00e4ntapoja.<\/li>\n<li>\u00c4l\u00e4 ylit\u00e4 suositeltua annosta.<\/li>\n<li>\u00c4l\u00e4 k\u00e4yt\u00e4 sit\u00e4 imetyksen tai raskauden aikana neuvottelematta l\u00e4\u00e4k\u00e4rin kanssa.<\/li>\n<li>S\u00e4ilyt\u00e4 tuote viile\u00e4ss\u00e4, kuivassa paikassa hyvin suljetussa pakkauksessa alle 3-vuotiaiden lasten ulottumattomissa.<\/li>\n<li>Laktoositon ja Gluteeniton.<\/li>\n<\/ul>","protected":false},"excerpt":{"rendered":"<p>Diet Meal L\u00f6yd\u00e4 t\u00e4ydellinen ratkaisu kevyeen ja tasapainoiseen ruokavalioon! Esittelyss\u00e4 on ruokavalioateria, joka on ihanteellinen vaihtoehto korvaamaan yksi tai kaksi ateriaa p\u00e4iv\u00e4ss\u00e4. Vain 95 kaloria sis\u00e4lt\u00e4v\u00e4 ateria auttaa sinua hallitsemaan kalorien saantia, mutta se on my\u00f6s rikastettu v\u00e4ltt\u00e4m\u00e4tt\u00f6mill\u00e4 vitamiineilla ja kivenn\u00e4isaineilla. Lis\u00e4ksi se on gluteeniton [...]<\/p>","protected":false},"featured_media":552,"template":"","meta":[],"product_cat":[210,309],"product_tag":[223,319],"class_list":{"0":"post-551","1":"product","2":"type-product","3":"status-publish","4":"has-post-thumbnail","6":"product_cat-snacks-meal-solutions","7":"product_cat-weight-management-and-definition","8":"product_tag-snacks-meal-solutions","9":"product_tag-weight-management-and-definition","11":"first","12":"instock","13":"sale","14":"taxable","15":"shipping-taxable","16":"purchasable","17":"product-type-variable"},"aioseo_notices":[],"_links":{"self":[{"href":"https:\/\/www.selfprotein.com\/fi\/wp-json\/wp\/v2\/product\/551"}],"collection":[{"href":"https:\/\/www.selfprotein.com\/fi\/wp-json\/wp\/v2\/product"}],"about":[{"href":"https:\/\/www.selfprotein.com\/fi\/wp-json\/wp\/v2\/types\/product"}],"wp:featuredmedia":[{"embeddable":true,"href":"https:\/\/www.selfprotein.com\/fi\/wp-json\/wp\/v2\/media\/552"}],"wp:attachment":[{"href":"https:\/\/www.selfprotein.com\/fi\/wp-json\/wp\/v2\/media?parent=551"}],"wp:term":[{"taxonomy":"product_cat","embeddable":true,"href":"https:\/\/www.selfprotein.com\/fi\/wp-json\/wp\/v2\/product_cat?post=551"},{"taxonomy":"product_tag","embeddable":true,"href":"https:\/\/www.selfprotein.com\/fi\/wp-json\/wp\/v2\/product_tag?post=551"}],"curies":[{"name":"wp","href":"https:\/\/api.w.org\/{rel}","templated":true}]}}