{"id":554,"date":"2023-11-27T13:18:16","date_gmt":"2023-11-27T12:18:16","guid":{"rendered":"https:\/\/34.88.231.180\/product\/eaa-pro\/"},"modified":"2026-04-01T00:00:45","modified_gmt":"2026-03-31T22:00:45","slug":"eaa-pro","status":"publish","type":"product","link":"https:\/\/www.selfprotein.com\/fi\/tuote\/eaa-pro\/","title":{"rendered":"EAA PRO"},"content":{"rendered":"<p style=\"text-align: left;\" align=\"center\"><strong><span lang=\"en-US\">EAA Pro<\/span><\/strong><\/p>\n<p><span lang=\"en-US\">EAA Pro on ravintolis\u00e4, joka sis\u00e4lt\u00e4\u00e4 v\u00e4ltt\u00e4m\u00e4tt\u00f6mi\u00e4 aminohappoja (EAA), jotka ovat elimist\u00f6n toiminnan kannalta ratkaisevia. EAA:t ovat aminohapporyhm\u00e4, jota ihmiskeho ei pysty syntetisoimaan itsen\u00e4isesti ja joka on siksi saatava ravinnon tai erityisten ravintolisien kautta. T\u00e4m\u00e4 tuote on erityisen suosittu urheilijoiden, kehonrakentajien ja kuntoilijoiden keskuudessa, koska se tukee lihasten kasvua, palautumista ja fyysist\u00e4 suorituskyky\u00e4.<\/span><\/p>\n<p><span lang=\"en-US\">EAA Pro:n edut:<\/span><\/p>\n<ul>\n<li><strong><span lang=\"en-US\">Tukee lihasten kasvua:<\/span><\/strong><span lang=\"en-US\"> V\u00e4ltt\u00e4m\u00e4tt\u00f6m\u00e4t aminohapot ovat v\u00e4ltt\u00e4m\u00e4tt\u00f6mi\u00e4 lihasproteiinisynteesille, mik\u00e4 edist\u00e4\u00e4 lihasmassan kasvua ja yll\u00e4pitoa.<\/span><\/li>\n<li><strong><span lang=\"en-US\">Nopeutettu toipuminen<\/span><\/strong><span lang=\"en-US\"><strong>:<\/strong> EAA:t voivat auttaa lyhent\u00e4m\u00e4\u00e4n lihasten palautumisaikaa intensiivisen harjoittelun j\u00e4lkeen, mik\u00e4 mahdollistaa suuremman harjoittelutiheyden ja optimaalisen palautumisen harjoitusten v\u00e4lill\u00e4.<\/span><\/li>\n<li><strong><span lang=\"en-US\">Suorituskyvyn parantaminen:<\/span><\/strong><span lang=\"en-US\"> EAA:iden lis\u00e4\u00e4minen voi parantaa suorituskyky\u00e4 harjoitusten aikana lis\u00e4\u00e4m\u00e4ll\u00e4 lihasten kest\u00e4vyytt\u00e4 ja voimaa sek\u00e4 parantamalla keskittymist\u00e4 ja henkist\u00e4 kest\u00e4vyytt\u00e4.<\/span><\/li>\n<li><strong><span lang=\"en-US\">Tuki vammoista tai sairauksista toipumisen aikana:<\/span><\/strong><span lang=\"en-US\"> EAA-lis\u00e4ravinteet voivat olla erityisen hy\u00f6dyllisi\u00e4 henkil\u00f6ille, jotka toipuvat vammoista, leikkauksista tai sairauksista, jotka ovat aiheuttaneet lihaskatoa tai tuhlausta, ja ne auttavat nopeuttamaan paranemisprosessia ja lihasten palautumista.<\/span><\/li>\n<\/ul>\n<p>&nbsp;<\/p>\n<p><strong><span lang=\"en-US\">Suositeltu k\u00e4ytt\u00f6<\/span><\/strong><\/p>\n<p><span lang=\"en-US\">Nauti 1 annos p\u00e4iv\u00e4ss\u00e4 ennen fyysist\u00e4 aktiivisuutta, sen aikana tai sen j\u00e4lkeen tai koko p\u00e4iv\u00e4n aikana.<\/span><\/p>\n<p><strong>Ilmoitus:<\/strong><\/p>\n<ul>\n<li>Vain aikuisille, eik\u00e4 se korvaa monipuolista, tasapainoista ruokavaliota ja terveellisi\u00e4 el\u00e4m\u00e4ntapoja.<\/li>\n<li>\u00c4l\u00e4 ylit\u00e4 suositeltua annosta.<\/li>\n<li>\u00c4l\u00e4 k\u00e4yt\u00e4 sit\u00e4 imetyksen tai raskauden aikana neuvottelematta l\u00e4\u00e4k\u00e4rin kanssa.<\/li>\n<li>S\u00e4ilyt\u00e4 tuote viile\u00e4ss\u00e4, kuivassa paikassa hyvin suljetussa pakkauksessa alle 3-vuotiaiden lasten ulottumattomissa.<\/li>\n<li>Saattaa sis\u00e4lt\u00e4\u00e4 pieni\u00e4 m\u00e4\u00e4ri\u00e4 maitoa, kauraa, kananmunaa ja soijaa.<\/li>\n<li>Laktoositon ja Gluteeniton.<\/li>\n<\/ul>","protected":false},"excerpt":{"rendered":"<p>EAA Pro EAA Pro on ravintolis\u00e4, joka sis\u00e4lt\u00e4\u00e4 v\u00e4ltt\u00e4m\u00e4tt\u00f6mi\u00e4 aminohappoja (EAA), jotka ovat elimist\u00f6n toiminnan kannalta ratkaisevan t\u00e4rkeit\u00e4. EAA:t ovat aminohapporyhm\u00e4, jota ihmiskeho ei pysty syntetisoimaan itsen\u00e4isesti ja joka on siksi saatava ravinnon tai erityisten ravintolisien kautta. T\u00e4m\u00e4 tuote on erityisen suosittu urheilijoiden keskuudessa, [...]<\/p>","protected":false},"featured_media":5650,"template":"","meta":[],"product_cat":[151,311],"product_tag":[161,317],"class_list":{"0":"post-554","1":"product","2":"type-product","3":"status-publish","4":"has-post-thumbnail","6":"product_cat-amino-acids-creatine","7":"product_cat-recovery-and-regeneration","8":"product_tag-amino-acids-creatine","9":"product_tag-recovery-and-regeneration","11":"first","12":"instock","13":"sale","14":"taxable","15":"shipping-taxable","16":"purchasable","17":"product-type-variable"},"aioseo_notices":[],"_links":{"self":[{"href":"https:\/\/www.selfprotein.com\/fi\/wp-json\/wp\/v2\/product\/554"}],"collection":[{"href":"https:\/\/www.selfprotein.com\/fi\/wp-json\/wp\/v2\/product"}],"about":[{"href":"https:\/\/www.selfprotein.com\/fi\/wp-json\/wp\/v2\/types\/product"}],"wp:featuredmedia":[{"embeddable":true,"href":"https:\/\/www.selfprotein.com\/fi\/wp-json\/wp\/v2\/media\/5650"}],"wp:attachment":[{"href":"https:\/\/www.selfprotein.com\/fi\/wp-json\/wp\/v2\/media?parent=554"}],"wp:term":[{"taxonomy":"product_cat","embeddable":true,"href":"https:\/\/www.selfprotein.com\/fi\/wp-json\/wp\/v2\/product_cat?post=554"},{"taxonomy":"product_tag","embeddable":true,"href":"https:\/\/www.selfprotein.com\/fi\/wp-json\/wp\/v2\/product_tag?post=554"}],"curies":[{"name":"wp","href":"https:\/\/api.w.org\/{rel}","templated":true}]}}