{"id":564,"date":"2023-11-27T13:18:36","date_gmt":"2023-11-27T12:18:36","guid":{"rendered":"https:\/\/34.88.231.180\/product\/egg-oat-premium\/"},"modified":"2026-04-01T00:00:45","modified_gmt":"2026-03-31T22:00:45","slug":"egg-oat","status":"publish","type":"product","link":"https:\/\/www.selfprotein.com\/fi\/tuote\/egg-oat\/","title":{"rendered":"Egg &amp; Oat"},"content":{"rendered":"<p><strong>Egg &amp; Oat Premium<\/strong><\/p>\n<p>Tehokas yhdistelm\u00e4 puhdasta kananmunan valkuaisproteiinia ja monimutkaisia kaurahiilihydraatteja, joka on suunniteltu niille, jotka haluavat maksimoida lihasten kasvun, optimoida palautumisen ja saada pitk\u00e4kestoista energiaa koko p\u00e4iv\u00e4n ajan. Ihanteellinen t\u00e4ydellisen\u00e4 ateriana tai funktionaalisena v\u00e4lipalana.<\/p>\n<p><strong>Miksi tulet rakastamaan sit\u00e4<\/strong><\/p>\n<ul>\n<li><strong>Lihasten kasvu ja palautuminen<\/strong>: Kananmunan valkuaisen proteiineilla on korkea biologinen arvo, joka on v\u00e4ltt\u00e4m\u00e4t\u00f6n lihasmassan stimuloimiseksi ja yll\u00e4pit\u00e4miseksi.<\/li>\n<li><strong>Pitk\u00e4aikainen energia<\/strong>: Kaura sis\u00e4lt\u00e4\u00e4 monimutkaisia hiilihydraatteja, jotka takaavat hitaasti ja jatkuvasti vapautuvan energian koko p\u00e4iv\u00e4n ajan.<\/li>\n<li><strong>Verensokerin tuki<\/strong>: kuitupitoisuutensa ansiosta kaura auttaa pit\u00e4m\u00e4\u00e4n verensokeritason vakaana, jolloin v\u00e4ltet\u00e4\u00e4n energiavaihtelut.<\/li>\n<li><strong>Kest\u00e4v\u00e4 kyll\u00e4isyys<\/strong>: proteiinin ja kuitujen yhdistelm\u00e4, joka auttaa pit\u00e4m\u00e4\u00e4n ruokahalun kurissa ja tekee jokaisesta ateriasta tyydytt\u00e4v\u00e4mm\u00e4n.<\/li>\n<\/ul>\n<p>&nbsp;<\/p>\n<p><strong>Suositeltu annos<\/strong><\/p>\n<p>Ota <strong>1-3 annosta p\u00e4iv\u00e4ss\u00e4<\/strong>, riippuen ravitsemuksellisista tarpeistasi ja yleisest\u00e4 proteiinitarpeestasi.<\/p>\n<p><strong>Ilmoitus<\/strong><\/p>\n<ul>\n<li>Vain aikuisille.<\/li>\n<li>Ei korvaa tasapainoista ruokavaliota ja terveellisi\u00e4 el\u00e4m\u00e4ntapoja.<\/li>\n<li>\u00c4l\u00e4 ylit\u00e4 suositeltua vuorokausiannosta.<\/li>\n<li>Ota yhteytt\u00e4 l\u00e4\u00e4k\u00e4riin raskauden tai imetyksen aikana.<\/li>\n<li>S\u00e4ilyt\u00e4 viile\u00e4ss\u00e4, kuivassa paikassa, suojattuna suoralta valolta.<\/li>\n<li>Saattaa sis\u00e4lt\u00e4\u00e4 pieni\u00e4 m\u00e4\u00e4ri\u00e4 maitoa ja soijaa.<\/li>\n<li><strong>Laktoositon<\/strong> ja <strong>gluteeniton<\/strong>.<\/li>\n<\/ul>\n<p>&nbsp;<\/p>\n<p><strong>T\u00e4ydellinen: ne, jotka etsiv\u00e4t korkealaatuisten proteiinien ja hitaasti vapautuvien hiilihydraattien yhdistelm\u00e4\u00e4 tukemaan lihasten kasvua ja energiaa koko p\u00e4iv\u00e4n ajan.<\/strong><\/p>","protected":false},"excerpt":{"rendered":"<p>Egg &amp; Oat Premium Tehokas yhdistelm\u00e4 puhdasta kananmunan valkuaisproteiinia ja monimutkaisia kaurahiilihydraatteja, joka on suunniteltu niille, jotka haluavat maksimoida lihasten kasvun, optimoida palautumisen ja saada pitk\u00e4kestoista energiaa koko p\u00e4iv\u00e4n ajan. Ihanteellinen t\u00e4ydellisen\u00e4 ateriana tai funktionaalisena v\u00e4lipalana. Miksi tulet rakastamaan sit\u00e4 Lihasten kasvu ja palautuminen: Kananmunan valkuaisproteiineilla on [...]<\/p>","protected":false},"featured_media":8141,"template":"","meta":[],"product_cat":[313,210],"product_tag":[316,223],"class_list":{"0":"post-564","1":"product","2":"type-product","3":"status-publish","4":"has-post-thumbnail","6":"product_cat-protein-snacks-and-fit-food","7":"product_cat-snacks-meal-solutions","8":"product_tag-protein-snacks-fit-food","9":"product_tag-snacks-meal-solutions","11":"first","12":"instock","13":"taxable","14":"shipping-taxable","15":"purchasable","16":"product-type-variable"},"aioseo_notices":[],"_links":{"self":[{"href":"https:\/\/www.selfprotein.com\/fi\/wp-json\/wp\/v2\/product\/564"}],"collection":[{"href":"https:\/\/www.selfprotein.com\/fi\/wp-json\/wp\/v2\/product"}],"about":[{"href":"https:\/\/www.selfprotein.com\/fi\/wp-json\/wp\/v2\/types\/product"}],"wp:featuredmedia":[{"embeddable":true,"href":"https:\/\/www.selfprotein.com\/fi\/wp-json\/wp\/v2\/media\/8141"}],"wp:attachment":[{"href":"https:\/\/www.selfprotein.com\/fi\/wp-json\/wp\/v2\/media?parent=564"}],"wp:term":[{"taxonomy":"product_cat","embeddable":true,"href":"https:\/\/www.selfprotein.com\/fi\/wp-json\/wp\/v2\/product_cat?post=564"},{"taxonomy":"product_tag","embeddable":true,"href":"https:\/\/www.selfprotein.com\/fi\/wp-json\/wp\/v2\/product_tag?post=564"}],"curies":[{"name":"wp","href":"https:\/\/api.w.org\/{rel}","templated":true}]}}