{"id":567,"date":"2024-02-29T08:43:55","date_gmt":"2024-02-29T07:43:55","guid":{"rendered":"https:\/\/34.88.231.180\/?post_type=product&#038;p=567"},"modified":"2026-05-01T00:23:46","modified_gmt":"2026-04-30T22:23:46","slug":"egg-white-isolate","status":"publish","type":"product","link":"https:\/\/www.selfprotein.com\/fi\/tuote\/egg-white-isolate\/","title":{"rendered":"Egg White Isolate"},"content":{"rendered":"<p style=\"text-align: left;\" align=\"center\"><strong><span lang=\"en-US\">Egg White Isolate<\/span><\/strong><\/p>\n<p><span lang=\"en-US\">Kananmunan valkuaisproteiini toimii t\u00e4ydellisen\u00e4 ja luonnollisena proteiinin l\u00e4hteen\u00e4. T\u00e4m\u00e4 proteiinil\u00e4hde sis\u00e4lt\u00e4\u00e4 runsaasti biologisille prosesseille ja lihasten rakenteelle elint\u00e4rkeit\u00e4 v\u00e4ltt\u00e4m\u00e4tt\u00f6mi\u00e4 aminohappoja, ja sit\u00e4 k\u00e4ytet\u00e4\u00e4n laajalti ravintolis\u00e4n\u00e4. Kananmunan valkuaisproteiini on arvokas vaihtoehto niille, jotka haluavat hy\u00f6ty\u00e4 lihasten kasvulle, painonhallinnalle ja kyll\u00e4isyyden lis\u00e4\u00e4ntymiselle, ja se on my\u00f6s laktoositon ratkaisu niille, joilla on maitoallergia tai -intoleranssi.<\/span><\/p>\n<p><span lang=\"en-US\">Munanvalkuaisisolaatin edut:<\/span><\/p>\n<ul>\n<li><strong><span lang=\"en-US\">T\u00e4ydellinen proteiinil\u00e4hde:<\/span><\/strong><span lang=\"en-US\"> Kananmunan valkuaisproteiini sis\u00e4lt\u00e4\u00e4 kaikki v\u00e4ltt\u00e4m\u00e4tt\u00f6m\u00e4t aminohapot, jotka ovat v\u00e4ltt\u00e4m\u00e4tt\u00f6mi\u00e4 lihasmassan rakentamiseen ja yll\u00e4pit\u00e4miseen, ja se tukee elimist\u00f6n erilaisia elint\u00e4rkeit\u00e4 biologisia prosesseja.<\/span><\/li>\n<li><strong><span lang=\"en-US\">Tukee lihasten kasvua ja korjausta:<\/span><\/strong><span lang=\"en-US\"> Runsaasti aminohappoja sis\u00e4lt\u00e4v\u00e4 kananmunan valkuaisproteiini on arvokas liittolainen urheilijoille ja kuntoilijoille, jotka haluavat edist\u00e4\u00e4 lihasten kasvua ja nopeuttaa harjoittelun j\u00e4lkeist\u00e4 korjausprosessia.<\/span><\/li>\n<li><strong><span lang=\"en-US\">Painonhallinta: <\/span><\/strong><span lang=\"en-US\">Kun t\u00e4t\u00e4 proteiinil\u00e4hdett\u00e4 k\u00e4ytet\u00e4\u00e4n osana tasapainoista ruokavaliota, se voi edist\u00e4\u00e4 painonhallintaa tarjoamalla ravintoaineen l\u00e4hteen, joka auttaa yll\u00e4pit\u00e4m\u00e4\u00e4n v\u00e4h\u00e4rasvaista massaa rasvanpudotuksen aikana.<\/span><\/li>\n<li><strong><span lang=\"en-US\">Pitk\u00e4aikainen kyll\u00e4isyys:<\/span><\/strong><span lang=\"en-US\"> Kananmunan valkuaisproteiini voi auttaa pident\u00e4m\u00e4\u00e4n kyll\u00e4isyyden tunnetta, auttaa ruokahalun hallinnassa ja v\u00e4hent\u00e4\u00e4 turhan napostelun riski\u00e4.<\/span><\/li>\n<li><strong><span lang=\"en-US\">Laktoositon vaihtoehto:<\/span><\/strong><span lang=\"en-US\"> Koska munanvalkuaisproteiini on laktoositon, se on ihanteellinen vaihtoehto niille, joiden on v\u00e4ltett\u00e4v\u00e4 maitotuotteita allergioiden tai intoleranssien vuoksi.<\/span><\/li>\n<\/ul>\n<p>&nbsp;<\/p>\n<p><strong><span lang=\"en-US\">Suositeltu k\u00e4ytt\u00f6<\/span><\/strong><\/p>\n<p><span lang=\"en-US\">1-3 annosta p\u00e4iv\u00e4ss\u00e4 tarpeen mukaan ottaen huomioon ruokavalion muut proteiinil\u00e4hteet.<\/span><\/p>\n<p>&nbsp;<\/p>\n<p><strong>Ilmoitus:<\/strong><\/p>\n<ul>\n<li>Vain aikuisille, eik\u00e4 se korvaa monipuolista, tasapainoista ruokavaliota ja terveellisi\u00e4 el\u00e4m\u00e4ntapoja.<\/li>\n<li>\u00c4l\u00e4 ylit\u00e4 suositeltua annosta.<\/li>\n<li>Suositeltu p\u00e4ivitt\u00e4inen annos: sekoita 1 mittalusikallinen (noin 30 g) 200 ml:aan vett\u00e4 shakerissa.<\/li>\n<li>\u00c4l\u00e4 k\u00e4yt\u00e4 sit\u00e4 imetyksen tai raskauden aikana neuvottelematta l\u00e4\u00e4k\u00e4rin kanssa.<\/li>\n<li>S\u00e4ilyt\u00e4 tuote viile\u00e4ss\u00e4, kuivassa paikassa hyvin suljetussa pakkauksessa alle 3-vuotiaiden lasten ulottumattomissa.<\/li>\n<li>Saattaa sis\u00e4lt\u00e4\u00e4 pieni\u00e4 m\u00e4\u00e4ri\u00e4 maitoa, kauraa, kananmunaa ja soijaa.<\/li>\n<li>Laktoositon ja Gluteeniton.<\/li>\n<\/ul>","protected":false},"excerpt":{"rendered":"<p>Munanvalkuaisisolaatti Munanvalkuaisproteiini toimii t\u00e4ydellisen\u00e4 ja luonnollisena proteiinin l\u00e4hteen\u00e4. T\u00e4m\u00e4 proteiinil\u00e4hde sis\u00e4lt\u00e4\u00e4 runsaasti biologisille prosesseille ja lihasten rakenteelle elint\u00e4rkeit\u00e4 v\u00e4ltt\u00e4m\u00e4tt\u00f6mi\u00e4 aminohappoja, ja sit\u00e4 k\u00e4ytet\u00e4\u00e4n laajalti ravintolis\u00e4n\u00e4. Kananmunan valkuaisproteiini on arvokas vaihtoehto niille, jotka etsiv\u00e4t hy\u00f6ty\u00e4 lihasten kasvulle, painonhallinnalle ja lis\u00e4\u00e4ntyneelle kyll\u00e4isyydelle, [...]<\/p>","protected":false},"featured_media":15166,"template":"","meta":[],"product_cat":[158,308],"product_tag":[18,318],"class_list":{"0":"post-567","1":"product","2":"type-product","3":"status-publish","4":"has-post-thumbnail","6":"product_cat-proteins","7":"product_cat-strength-and-muscle-mass","8":"product_tag-proteins","9":"product_tag-strength-and-muscle-mass","11":"first","12":"instock","13":"taxable","14":"shipping-taxable","15":"purchasable","16":"product-type-variable"},"aioseo_notices":[],"_links":{"self":[{"href":"https:\/\/www.selfprotein.com\/fi\/wp-json\/wp\/v2\/product\/567"}],"collection":[{"href":"https:\/\/www.selfprotein.com\/fi\/wp-json\/wp\/v2\/product"}],"about":[{"href":"https:\/\/www.selfprotein.com\/fi\/wp-json\/wp\/v2\/types\/product"}],"wp:featuredmedia":[{"embeddable":true,"href":"https:\/\/www.selfprotein.com\/fi\/wp-json\/wp\/v2\/media\/15166"}],"wp:attachment":[{"href":"https:\/\/www.selfprotein.com\/fi\/wp-json\/wp\/v2\/media?parent=567"}],"wp:term":[{"taxonomy":"product_cat","embeddable":true,"href":"https:\/\/www.selfprotein.com\/fi\/wp-json\/wp\/v2\/product_cat?post=567"},{"taxonomy":"product_tag","embeddable":true,"href":"https:\/\/www.selfprotein.com\/fi\/wp-json\/wp\/v2\/product_tag?post=567"}],"curies":[{"name":"wp","href":"https:\/\/api.w.org\/{rel}","templated":true}]}}