{"id":586,"date":"2023-11-27T13:19:20","date_gmt":"2023-11-27T12:19:20","guid":{"rendered":"https:\/\/34.88.231.180\/product\/essential-amino-tab\/"},"modified":"2026-05-01T00:23:50","modified_gmt":"2026-04-30T22:23:50","slug":"essential-amino-tabs","status":"publish","type":"product","link":"https:\/\/www.selfprotein.com\/fi\/tuote\/essential-amino-tabs\/","title":{"rendered":"Essential Amino Tabs"},"content":{"rendered":"<p style=\"text-align: left;\" align=\"center\"><strong><span lang=\"en-US\">Essential Amino Tabs<\/span><\/strong><\/p>\n<p><span lang=\"en-US\">V\u00e4ltt\u00e4m\u00e4tt\u00f6m\u00e4t aminohappopillerit (EAA-pillerit) on suunniteltu tarjoamaan aminohappoja, joita ihmiskeho ei pysty syntetisoimaan itsen\u00e4isesti ja jotka on saatava ravinnon kautta. N\u00e4ill\u00e4 aineosilla on ratkaiseva rooli proteiinisynteesiss\u00e4 ja ne ovat v\u00e4ltt\u00e4m\u00e4tt\u00f6mi\u00e4 lihaskudoksen rakentamisessa ja korjaamisessa, joten niist\u00e4 on hy\u00f6ty\u00e4 erityisesti urheilijoille ja urheilun harrastajille.<\/span><\/p>\n<p><span lang=\"en-US\">Pillerien sis\u00e4lt\u00e4mien v\u00e4ltt\u00e4m\u00e4tt\u00f6mien aminohappojen hy\u00f6dyt:<\/span><\/p>\n<ul>\n<li><strong><span lang=\"en-US\">Tukee lihasten kasvua:<\/span><\/strong><span lang=\"en-US\"> EAA:t ovat ratkaisevan t\u00e4rkeit\u00e4 lihasten proteiinisynteesille, ja ne voivat tukea lihasten kasvua ja korjaantumista harjoituksen j\u00e4lkeen.<\/span><\/li>\n<li><strong><span lang=\"en-US\">Tehostettu toipuminen:<\/span><\/strong><span lang=\"en-US\"> EAA:t voivat parantaa palautumista fyysisen aktiivisuuden j\u00e4lkeen v\u00e4hent\u00e4m\u00e4ll\u00e4 lihasvaurioita ja tulehdusta.<\/span><\/li>\n<li><strong><span lang=\"en-US\">Parannettu kest\u00e4vyys<\/span><\/strong><span lang=\"en-US\"><strong>:<\/strong> EAA:t voivat parantaa kest\u00e4vyytt\u00e4 v\u00e4hent\u00e4m\u00e4ll\u00e4 lihaskudoksen kataboliaa harjoituksen aikana ja tukemalla energiantuotantoa.<\/span><\/li>\n<li><strong><span lang=\"en-US\">Immuunitoiminnan tukeminen:<\/span><\/strong><span lang=\"en-US\"> EAA:t ovat t\u00e4rkeit\u00e4 immuunij\u00e4rjestelm\u00e4n toiminnalle, mik\u00e4 voi olla hy\u00f6dyllist\u00e4 urheilijoille, jotka ovat alttiita infektioille korkean fyysisen aktiivisuuden vuoksi.<\/span><\/li>\n<\/ul>\n<p>&nbsp;<\/p>\n<p><strong><span lang=\"en-US\">Suositeltu k\u00e4ytt\u00f6<\/span><\/strong><\/p>\n<p><span lang=\"en-US\">Yksi annos p\u00e4iv\u00e4ss\u00e4 ennen liikuntaa, liikunnan aikana tai sen j\u00e4lkeen tai koko p\u00e4iv\u00e4n aikana.<\/span><\/p>\n<p><strong>Ilmoitus<\/strong><\/p>\n<ul>\n<li>Vain aikuisille, eik\u00e4 se korvaa monipuolista, tasapainoista ruokavaliota ja terveellisi\u00e4 el\u00e4m\u00e4ntapoja.<\/li>\n<li>\u00c4l\u00e4 ylit\u00e4 suositeltua annosta.<\/li>\n<li>\u00c4l\u00e4 k\u00e4yt\u00e4 sit\u00e4 imetyksen tai raskauden aikana neuvottelematta l\u00e4\u00e4k\u00e4rin kanssa.<\/li>\n<li>S\u00e4ilyt\u00e4 tuote viile\u00e4ss\u00e4, kuivassa paikassa hyvin suljetussa pakkauksessa alle 3-vuotiaiden lasten ulottumattomissa.<\/li>\n<li>Saattaa sis\u00e4lt\u00e4\u00e4 pieni\u00e4 m\u00e4\u00e4ri\u00e4 maitoa, kauraa, kananmunaa ja soijaa.<\/li>\n<li>Laktoositon ja Gluteeniton.<\/li>\n<\/ul>","protected":false},"excerpt":{"rendered":"<p>Essential Amino Tabs Essential Amino Acid (EAA) -tabletit on suunniteltu tarjoamaan aminohappoja, joita ihmiskeho ei pysty syntetisoimaan itsen\u00e4isesti ja jotka on saatava ravinnon kautta. N\u00e4ill\u00e4 aineosilla on ratkaiseva rooli proteiinisynteesiss\u00e4 ja ne ovat v\u00e4ltt\u00e4m\u00e4tt\u00f6mi\u00e4 lihaskudoksen rakentamisessa ja korjaamisessa, mik\u00e4 tekee niist\u00e4 erityisen hy\u00f6dyllisi\u00e4 urheilijoille ja [...]<\/p>","protected":false},"featured_media":588,"template":"","meta":[],"product_cat":[151,311],"product_tag":[161,317],"class_list":{"0":"post-586","1":"product","2":"type-product","3":"status-publish","4":"has-post-thumbnail","6":"product_cat-amino-acids-creatine","7":"product_cat-recovery-and-regeneration","8":"product_tag-amino-acids-creatine","9":"product_tag-recovery-and-regeneration","11":"first","12":"instock","13":"sale","14":"taxable","15":"shipping-taxable","16":"purchasable","17":"product-type-variable"},"aioseo_notices":[],"_links":{"self":[{"href":"https:\/\/www.selfprotein.com\/fi\/wp-json\/wp\/v2\/product\/586"}],"collection":[{"href":"https:\/\/www.selfprotein.com\/fi\/wp-json\/wp\/v2\/product"}],"about":[{"href":"https:\/\/www.selfprotein.com\/fi\/wp-json\/wp\/v2\/types\/product"}],"wp:featuredmedia":[{"embeddable":true,"href":"https:\/\/www.selfprotein.com\/fi\/wp-json\/wp\/v2\/media\/588"}],"wp:attachment":[{"href":"https:\/\/www.selfprotein.com\/fi\/wp-json\/wp\/v2\/media?parent=586"}],"wp:term":[{"taxonomy":"product_cat","embeddable":true,"href":"https:\/\/www.selfprotein.com\/fi\/wp-json\/wp\/v2\/product_cat?post=586"},{"taxonomy":"product_tag","embeddable":true,"href":"https:\/\/www.selfprotein.com\/fi\/wp-json\/wp\/v2\/product_tag?post=586"}],"curies":[{"name":"wp","href":"https:\/\/api.w.org\/{rel}","templated":true}]}}