{"id":592,"date":"2023-11-27T13:19:35","date_gmt":"2023-11-27T12:19:35","guid":{"rendered":"https:\/\/34.88.231.180\/product\/essential-bcaa-211\/"},"modified":"2026-04-01T00:00:18","modified_gmt":"2026-03-31T22:00:18","slug":"essential-bcaa-211","status":"publish","type":"product","link":"https:\/\/www.selfprotein.com\/fi\/tuote\/essential-bcaa-211\/","title":{"rendered":"Essential BCAA 2:1:1"},"content":{"rendered":"<p><strong>Tuotteen yleiskatsaus:<\/strong><\/p>\n<p>N\u00e4m\u00e4 aminohapot ovat elint\u00e4rkeit\u00e4 lihasmassan rakentamisessa ja yll\u00e4pit\u00e4misess\u00e4. BCAA:t muodostavat kolmanneksen lihasproteiineista ja koostuvat kolmesta v\u00e4ltt\u00e4m\u00e4tt\u00f6m\u00e4st\u00e4 aminohaposta - leusiinista, isoleusiinista ja valiinista. Ne ovat t\u00e4rkeit\u00e4, koska elimist\u00f6mme ei tuota niit\u00e4 itse, joten ne on nautittava ruoan mukana tai ravintolis\u00e4n\u00e4. N\u00e4ist\u00e4 kolmesta aminohaposta suurin fysiologinen etu proteiinisynteesin kannalta on leusiinilla, kun taas isoleusiini edist\u00e4\u00e4 glukoosin imeytymist\u00e4 soluihin. Valiinia k\u00e4ytet\u00e4\u00e4n l\u00e4hinn\u00e4 lihasten palautumiseen, kudosten korjaamiseen ja typpitasapainoon. T\u00e4m\u00e4 on eritt\u00e4in mielenkiintoinen tuote kaikille urheilijoille, koska BCAA ohittaa maksan ja menee suoraan verenkiertoon imeyty\u00e4kseen v\u00e4litt\u00f6m\u00e4sti lihaksiin. BCAA:n ottaminen voi my\u00f6s alentaa laktaattipitoisuuksia intensiivisen harjoittelun j\u00e4lkeen; se v\u00e4hent\u00e4\u00e4 lihasten v\u00e4symist\u00e4 ja auttaa s\u00e4\u00e4telem\u00e4\u00e4n muiden aminohappojen imeytymist\u00e4. Ne auttavat my\u00f6s elimist\u00f6\u00e4 ker\u00e4\u00e4m\u00e4\u00e4n proteiinia; jonkin n\u00e4ist\u00e4 aminohapoista puute aiheuttaa lihaskatoa.<\/p>\n<p><strong>T\u00e4rkeimm\u00e4t edut:<\/strong><\/p>\n<ul>\n<li>Edist\u00e4\u00e4 lihasten kasvua<\/li>\n<li>Nopeuttaa lihasten palautumista<\/li>\n<li>Lis\u00e4\u00e4 lihasten energiaa<\/li>\n<li>Parantaa proteiinien imeytymist\u00e4<\/li>\n<li>V\u00e4hent\u00e4\u00e4 lihasv\u00e4symyst\u00e4<\/li>\n<li>B6-vitamiini<\/li>\n<\/ul>\n<p>&nbsp;<\/p>\n<p><strong>Ilmoitus:<\/strong><\/p>\n<ul>\n<li>Vain aikuisille, eik\u00e4 se korvaa monipuolista, tasapainoista ruokavaliota ja terveellisi\u00e4 el\u00e4m\u00e4ntapoja.<\/li>\n<li>\u00c4l\u00e4 ylit\u00e4 suositeltua annosta.<\/li>\n<li>Suositeltu p\u00e4iv\u00e4annos: 5 tabl.<\/li>\n<li>\u00c4l\u00e4 k\u00e4yt\u00e4 sit\u00e4 imetyksen tai raskauden aikana neuvottelematta l\u00e4\u00e4k\u00e4rin kanssa.<\/li>\n<li>S\u00e4ilyt\u00e4 tuote viile\u00e4ss\u00e4, kuivassa paikassa hyvin suljetussa pakkauksessa alle 3-vuotiaiden lasten ulottumattomissa.<\/li>\n<li>Saattaa sis\u00e4lt\u00e4\u00e4 pieni\u00e4 m\u00e4\u00e4ri\u00e4 kananmunaa, soijaa, kauraa, maitoa.<\/li>\n<li>Laktoositon ja Gluteeniton.<\/li>\n<\/ul>","protected":false},"excerpt":{"rendered":"<p>Tuotteen yleiskatsaus: N\u00e4m\u00e4 aminohapot ovat elint\u00e4rkeit\u00e4 lihasmassan rakentamisessa ja yll\u00e4pit\u00e4misess\u00e4. BCAA muodostaa kolmanneksen lihasproteiineista ja koostuu kolmesta v\u00e4ltt\u00e4m\u00e4tt\u00f6m\u00e4st\u00e4 aminohaposta - leusiinista, isoleusiinista ja valiinista. N\u00e4m\u00e4 ovat t\u00e4rkeit\u00e4, koska elimist\u00f6mme ei tuota niit\u00e4 itse; siksi ne on nautittava ruoan mukana tai [...]<\/p>","protected":false},"featured_media":594,"template":"","meta":[],"product_cat":[151,311],"product_tag":[161,317],"class_list":{"0":"post-592","1":"product","2":"type-product","3":"status-publish","4":"has-post-thumbnail","6":"product_cat-amino-acids-creatine","7":"product_cat-recovery-and-regeneration","8":"product_tag-amino-acids-creatine","9":"product_tag-recovery-and-regeneration","11":"first","12":"instock","13":"taxable","14":"shipping-taxable","15":"purchasable","16":"product-type-variable"},"aioseo_notices":[],"_links":{"self":[{"href":"https:\/\/www.selfprotein.com\/fi\/wp-json\/wp\/v2\/product\/592"}],"collection":[{"href":"https:\/\/www.selfprotein.com\/fi\/wp-json\/wp\/v2\/product"}],"about":[{"href":"https:\/\/www.selfprotein.com\/fi\/wp-json\/wp\/v2\/types\/product"}],"wp:featuredmedia":[{"embeddable":true,"href":"https:\/\/www.selfprotein.com\/fi\/wp-json\/wp\/v2\/media\/594"}],"wp:attachment":[{"href":"https:\/\/www.selfprotein.com\/fi\/wp-json\/wp\/v2\/media?parent=592"}],"wp:term":[{"taxonomy":"product_cat","embeddable":true,"href":"https:\/\/www.selfprotein.com\/fi\/wp-json\/wp\/v2\/product_cat?post=592"},{"taxonomy":"product_tag","embeddable":true,"href":"https:\/\/www.selfprotein.com\/fi\/wp-json\/wp\/v2\/product_tag?post=592"}],"curies":[{"name":"wp","href":"https:\/\/api.w.org\/{rel}","templated":true}]}}