{"id":598,"date":"2023-11-27T13:19:46","date_gmt":"2023-11-27T12:19:46","guid":{"rendered":"https:\/\/34.88.231.180\/product\/glutamine-peptides\/"},"modified":"2026-04-01T00:00:16","modified_gmt":"2026-03-31T22:00:16","slug":"glutamine-peptide","status":"publish","type":"product","link":"https:\/\/www.selfprotein.com\/fi\/tuote\/glutamine-peptide\/","title":{"rendered":"Glutamine Peptide"},"content":{"rendered":"<p style=\"text-align: left;\" align=\"center\"><strong><span lang=\"en-US\">Glutamiinipeptidit<\/span><\/strong><\/p>\n<p><span lang=\"en-US\">Glutamiinipeptidit edustavat glutamiinin kehittynytt\u00e4 muotoa, jossa aminohappo on sidottu muihin molekyyleihin, yleens\u00e4 peptideihin tai aminohappoihin, sen imeytymisen ja biologisen hy\u00f6tyosuuden optimoimiseksi elimist\u00f6ss\u00e4. Glutamiinilla, joka ei ole v\u00e4ltt\u00e4m\u00e4t\u00f6n aminohappo, on ratkaiseva rooli useissa kehon toiminnoissa, kuten immuunij\u00e4rjestelm\u00e4n tukemisessa, proteiinisynteesiss\u00e4 ja suoliston terveyden yll\u00e4pit\u00e4misess\u00e4.<\/span><\/p>\n<p><span lang=\"en-US\">Glutamiinipeptidien edut:<\/span><\/p>\n<ul>\n<li><strong><span lang=\"en-US\">Parannettu imeytyminen ja biologinen hy\u00f6tyosuus:<\/span><\/strong><span lang=\"en-US\"> Edistyksellisen koostumuksensa ansiosta glutamiinipeptidit mahdollistavat tehokkaamman assimilaation verrattuna tavalliseen glutamiiniin, mik\u00e4 takaa t\u00e4m\u00e4n t\u00e4rke\u00e4n aminohapon paremman saatavuuden elimist\u00f6ss\u00e4.<\/span><\/li>\n<li><strong><span lang=\"en-US\">Tukee lihasten kasvua:<\/span><\/strong><span lang=\"en-US\"> Urheilijat ja kehonrakentajat k\u00e4ytt\u00e4v\u00e4t usein glutamiinipeptidilis\u00e4ravinteita edist\u00e4\u00e4kseen lihasten kasvua ja helpottaakseen palautumista intensiivisen fyysisen harjoittelun j\u00e4lkeen, koska ne voivat optimoida lihasproteiinisynteesin.<\/span><\/li>\n<li><strong><span lang=\"en-US\">Lihasten hajoamisen v\u00e4hent\u00e4minen<\/span><\/strong><span lang=\"en-US\"><strong>:<\/strong> Glutamiinipeptidit voivat v\u00e4hent\u00e4\u00e4 lihasten hajoamista, suojata lihaskudoksia harjoittelun aikana ja helpottaa lihasten parempaa korjaantumista ja palautumista.<\/span><\/li>\n<li><strong><span lang=\"en-US\">Lis\u00e4etuja suoliston terveydelle<\/span><\/strong><span lang=\"en-US\"><strong>:<\/strong> Glutamiiniin kohdistuvan vaikutuksensa ansiosta glutamiinipeptidit voivat edist\u00e4\u00e4 suolen limakalvon terveyden yll\u00e4pit\u00e4mist\u00e4, mik\u00e4 tukee suoliston optimaalista toimintaa ja parantaa yleist\u00e4 terveytt\u00e4.<\/span><\/li>\n<\/ul>\n<p>&nbsp;<\/p>\n<p><strong><span lang=\"en-US\">Suositeltu k\u00e4ytt\u00f6<\/span><\/strong><\/p>\n<p><span lang=\"en-US\">Yksi annos ennen treeni\u00e4, sen aikana tai sen j\u00e4lkeen.<\/span><\/p>\n<p><strong>Ilmoitus:<\/strong><\/p>\n<ul>\n<li>Vain aikuisille, eik\u00e4 se korvaa monipuolista, tasapainoista ruokavaliota ja terveellisi\u00e4 el\u00e4m\u00e4ntapoja.<\/li>\n<li>\u00c4l\u00e4 ylit\u00e4 suositeltua annosta.<\/li>\n<li>\u00c4l\u00e4 k\u00e4yt\u00e4 sit\u00e4 imetyksen tai raskauden aikana neuvottelematta l\u00e4\u00e4k\u00e4rin kanssa.<\/li>\n<li>S\u00e4ilyt\u00e4 tuote viile\u00e4ss\u00e4, kuivassa paikassa hyvin suljetussa pakkauksessa alle 3-vuotiaiden lasten ulottumattomissa.<\/li>\n<li>Saattaa sis\u00e4lt\u00e4\u00e4 pieni\u00e4 m\u00e4\u00e4ri\u00e4 maitoa, kauraa, kananmunaa ja soijaa.<\/li>\n<li>Laktoositon ja Gluteeniton.<\/li>\n<\/ul>","protected":false},"excerpt":{"rendered":"<details>\n<summary>Ainesosat<\/summary>\n<table style=\"text-align: center;\">\n<tbody>\n<tr>\n<th>Ainesosat<\/th>\n<th>annosta kohti 9g<\/th>\n<\/tr>\n<tr>\n<td>Glutamine Peptide<\/td>\n<td>7,65g<\/td>\n<\/tr>\n<tr>\n<td>joista<\/td>\n<td><\/td>\n<\/tr>\n<tr>\n<td>4,65g L-Glutamiinia<\/td>\n<td><\/td>\n<\/tr>\n<tr>\n<td>3g L-alaniinia<\/td>\n<td><\/td>\n<\/tr>\n<tr>\n<td colspan=\"2\"><strong>Muut ainesosat: <\/strong>happamuudens\u00e4\u00e4t\u00f6aine (E296), paakkuuntumisenestoaine (E551), aromi, hapettumisenestoaine (E341), emulgointiaine (E470b), makeutusaine (E955), v\u00e4riaine (E160a).<\/td>\n<\/tr>\n<\/tbody>\n<\/table>\n<\/details>\n<p>&nbsp;<\/p>","protected":false},"featured_media":599,"template":"","meta":[],"product_cat":[151,311],"product_tag":[161,317],"class_list":{"0":"post-598","1":"product","2":"type-product","3":"status-publish","4":"has-post-thumbnail","6":"product_cat-amino-acids-creatine","7":"product_cat-recovery-and-regeneration","8":"product_tag-amino-acids-creatine","9":"product_tag-recovery-and-regeneration","11":"first","12":"instock","13":"taxable","14":"shipping-taxable","15":"purchasable","16":"product-type-simple"},"aioseo_notices":[],"_links":{"self":[{"href":"https:\/\/www.selfprotein.com\/fi\/wp-json\/wp\/v2\/product\/598"}],"collection":[{"href":"https:\/\/www.selfprotein.com\/fi\/wp-json\/wp\/v2\/product"}],"about":[{"href":"https:\/\/www.selfprotein.com\/fi\/wp-json\/wp\/v2\/types\/product"}],"wp:featuredmedia":[{"embeddable":true,"href":"https:\/\/www.selfprotein.com\/fi\/wp-json\/wp\/v2\/media\/599"}],"wp:attachment":[{"href":"https:\/\/www.selfprotein.com\/fi\/wp-json\/wp\/v2\/media?parent=598"}],"wp:term":[{"taxonomy":"product_cat","embeddable":true,"href":"https:\/\/www.selfprotein.com\/fi\/wp-json\/wp\/v2\/product_cat?post=598"},{"taxonomy":"product_tag","embeddable":true,"href":"https:\/\/www.selfprotein.com\/fi\/wp-json\/wp\/v2\/product_tag?post=598"}],"curies":[{"name":"wp","href":"https:\/\/api.w.org\/{rel}","templated":true}]}}