{"id":620,"date":"2023-11-27T13:28:18","date_gmt":"2023-11-27T12:28:18","guid":{"rendered":"https:\/\/34.88.231.180\/product\/hydro-plus\/"},"modified":"2026-04-01T00:00:18","modified_gmt":"2026-03-31T22:00:18","slug":"hydro-plus","status":"publish","type":"product","link":"https:\/\/www.selfprotein.com\/fi\/tuote\/hydro-plus\/","title":{"rendered":"Hydro Plus"},"content":{"rendered":"<p style=\"text-align: left;\" align=\"center\"><strong><span lang=\"en-US\">Hydro Plus<\/span><\/strong><\/p>\n<p><span lang=\"en-US\">Hiilihydraatti- ja elektrolyyttivalmisteista on tullut urheiluravitsemuksen kulmakivi\u00e4, koska ne kykenev\u00e4t antamaan v\u00e4lit\u00f6nt\u00e4 energiaa ja yll\u00e4pit\u00e4m\u00e4\u00e4n kehon nestetasapainoa, mink\u00e4 ansiosta urheilijat ja aktiiviset ihmiset voivat saavuttaa optimaalisen suorituskyvyn ja edist\u00e4\u00e4 nopeaa ja tehokasta palautumista.<\/span><\/p>\n<p><span lang=\"en-US\">Tutustu hiilihydraatti- ja elektrolyyttivalmisteiden tehokkuuteen, sill\u00e4 ne ovat urheiluravitsemuksen olennainen vaihtoehto, jossa hiilihydraatit ja elektrolyytit yhdistyv\u00e4t energian tuottamiseksi ja nesteytyksen yll\u00e4pit\u00e4miseksi fyysisen aktiivisuuden aikana. T\u00e4m\u00e4ntyyppisist\u00e4 tuotteista on tullut suosittu valinta urheilijoiden ja aktiivisten henkil\u00f6iden keskuudessa, jotka haluavat optimoida suorituskykyns\u00e4 ja palautumisensa harjoituksen tai kilpailun aikana.<\/span><\/p>\n<p><span lang=\"en-US\">Hydro Plusin edut:<\/span><\/p>\n<ul>\n<li><strong><span lang=\"en-US\">Energiavarastojen t\u00e4ydent\u00e4minen<\/span><\/strong><span lang=\"en-US\"><strong>:<\/strong> Hiilihydraatti- ja elektrolyyttivalmisteet tarjoavat nopean energianl\u00e4hteen hiilihydraattien avulla, jotka ovat v\u00e4ltt\u00e4m\u00e4tt\u00f6mi\u00e4 korkean intensiteetin ja pitk\u00e4kestoisen fyysisen aktiivisuuden yll\u00e4pit\u00e4miseksi.<\/span><\/li>\n<li><strong><span lang=\"en-US\">Nestehoidon yll\u00e4pito<\/span><\/strong><span lang=\"en-US\"><strong>:<\/strong> N\u00e4iss\u00e4 kaavoissa olevat elektrolyytit, kuten natrium, kalium ja magnesium, auttavat s\u00e4\u00e4telem\u00e4\u00e4n nestetasapainoa elimist\u00f6ss\u00e4, est\u00e4m\u00e4\u00e4n nestehukkaa ja optimoimaan suorituskyky\u00e4.<\/span><\/li>\n<li><strong><span lang=\"en-US\">Suorituskyvyn parantaminen:<\/span><\/strong><span lang=\"en-US\"> Hiilihydraattien ja elektrolyyttien yhdistelm\u00e4n ansiosta n\u00e4m\u00e4 koostumukset voivat auttaa yll\u00e4pit\u00e4m\u00e4\u00e4n tasaista energiatasoa liikunnan aikana, mik\u00e4 parantaa kest\u00e4vyytt\u00e4 ja kyky\u00e4 yll\u00e4pit\u00e4\u00e4 pitk\u00e4kestoista fyysist\u00e4 ponnistelua.<\/span><\/li>\n<li><strong><span lang=\"en-US\">Nopeutettu toipuminen:<\/span><\/strong><span lang=\"en-US\"> K\u00e4ytt\u00e4m\u00e4ll\u00e4 hiilihydraatti- ja elektrolyyttivalmisteita fyysisen aktiivisuuden aikana ja sen j\u00e4lkeen ihmiset voivat nopeuttaa palautumisprosessia t\u00e4ydent\u00e4m\u00e4ll\u00e4 energiavarastoja ja nesteytt\u00e4m\u00e4ll\u00e4 kunnolla.<\/span><\/li>\n<li><strong><span lang=\"en-US\">Mukavuus ja k\u00e4yt\u00e4nn\u00f6llisyys:<\/span><\/strong><span lang=\"en-US\"> Hiilihydraatti- ja elektrolyyttivalmisteet tarjoavat k\u00e4tev\u00e4n ja tehokkaan tavan varmistaa, ett\u00e4 saat oikean m\u00e4\u00e4r\u00e4n energiaa ja nestett\u00e4 liikunnan aikana ilman, ett\u00e4 sinun tarvitsee kuljettaa ja yhdistell\u00e4 erilaisia elintarvikkeita tai ravintolisi\u00e4.<\/span><\/li>\n<\/ul>\n<p>&nbsp;<\/p>\n<p><strong><span lang=\"en-US\">Suositeltu k\u00e4ytt\u00f6<\/span><\/strong><\/p>\n<p><span lang=\"en-US\">1 annos 500 ml:aan vett\u00e4 (vesipullo). Intensiivisen liikunnan aikana suositellaan 500 ml tuotteen nauttimista jokaista tuntia kohden.<\/span><\/p>\n<p><strong>Ilmoitus:<\/strong><\/p>\n<ul>\n<li>Vain aikuisille, eik\u00e4 se korvaa monipuolista, tasapainoista ruokavaliota ja terveellisi\u00e4 el\u00e4m\u00e4ntapoja.<\/li>\n<li>\u00c4l\u00e4 ylit\u00e4 suositeltua annosta.<\/li>\n<li>\u00c4l\u00e4 k\u00e4yt\u00e4 sit\u00e4 imetyksen tai raskauden aikana neuvottelematta l\u00e4\u00e4k\u00e4rin kanssa.<\/li>\n<li>S\u00e4ilyt\u00e4 tuote viile\u00e4ss\u00e4, kuivassa paikassa hyvin suljetussa pakkauksessa alle 3-vuotiaiden lasten ulottumattomissa.<\/li>\n<li>Saattaa sis\u00e4lt\u00e4\u00e4 pieni\u00e4 m\u00e4\u00e4ri\u00e4 maitoa, kauraa, kananmunaa ja soijaa.<\/li>\n<li>Laktoositon ja Gluteeniton.<\/li>\n<\/ul>","protected":false},"excerpt":{"rendered":"<p>Hydro Plus Hiilihydraatti- ja elektrolyyttivalmisteista on tullut urheiluravitsemuksen kulmakivi\u00e4, sill\u00e4 niiden kyky antaa v\u00e4lit\u00f6nt\u00e4 energiaa ja yll\u00e4pit\u00e4\u00e4 elimist\u00f6n nestetasapainoa mahdollistaa urheilijoille ja aktiivisille henkil\u00f6ille optimaalisen suorituskyvyn saavuttamisen sek\u00e4 nopean ja tehokkaan palautumisen. Tutustu hiilihydraatti- ja elektrolyyttivalmisteiden tehokkuuteen, jotka ovat olennainen vaihtoehto urheiluravitsemuksessa [...].<\/p>","protected":false},"featured_media":622,"template":"","meta":[],"product_cat":[310,217],"product_tag":[315,230],"class_list":{"0":"post-620","1":"product","2":"type-product","3":"status-publish","4":"has-post-thumbnail","6":"product_cat-performance-and-endurance","7":"product_cat-pre-workout-energy","8":"product_tag-performance-and-endurance","9":"product_tag-pre-workout-energy","11":"first","12":"instock","13":"taxable","14":"shipping-taxable","15":"purchasable","16":"product-type-variable"},"aioseo_notices":[],"_links":{"self":[{"href":"https:\/\/www.selfprotein.com\/fi\/wp-json\/wp\/v2\/product\/620"}],"collection":[{"href":"https:\/\/www.selfprotein.com\/fi\/wp-json\/wp\/v2\/product"}],"about":[{"href":"https:\/\/www.selfprotein.com\/fi\/wp-json\/wp\/v2\/types\/product"}],"wp:featuredmedia":[{"embeddable":true,"href":"https:\/\/www.selfprotein.com\/fi\/wp-json\/wp\/v2\/media\/622"}],"wp:attachment":[{"href":"https:\/\/www.selfprotein.com\/fi\/wp-json\/wp\/v2\/media?parent=620"}],"wp:term":[{"taxonomy":"product_cat","embeddable":true,"href":"https:\/\/www.selfprotein.com\/fi\/wp-json\/wp\/v2\/product_cat?post=620"},{"taxonomy":"product_tag","embeddable":true,"href":"https:\/\/www.selfprotein.com\/fi\/wp-json\/wp\/v2\/product_tag?post=620"}],"curies":[{"name":"wp","href":"https:\/\/api.w.org\/{rel}","templated":true}]}}