{"id":637,"date":"2023-11-27T13:28:59","date_gmt":"2023-11-27T12:28:59","guid":{"rendered":"https:\/\/34.88.231.180\/product\/inject-pwo\/"},"modified":"2026-05-01T00:23:51","modified_gmt":"2026-04-30T22:23:51","slug":"inject-pwo","status":"publish","type":"product","link":"https:\/\/www.selfprotein.com\/fi\/tuote\/inject-pwo\/","title":{"rendered":"Inject PWO"},"content":{"rendered":"<p style=\"text-align: left;\" align=\"center\"><strong><span lang=\"en-US\">Injektoi Pre-Workout<\/span><\/strong><\/p>\n<p><span lang=\"en-US\">Inject Pre-Workout on lis\u00e4ravinne, joka on suunniteltu otettavaksi ennen harjoittelua fyysisen suorituskyvyn parantamiseksi ja energiatasojen nostamiseksi. T\u00e4m\u00e4ntyyppinen t\u00e4ydennys voi olla erityisen hy\u00f6dyllinen niille, jotka haluavat optimoida suorituskykyns\u00e4 fyysisen aktiivisuuden aikana, mutta on ratkaisevan t\u00e4rke\u00e4\u00e4 k\u00e4ytt\u00e4\u00e4 sit\u00e4 varoen ja noudattaa suositeltuja annoksia.<\/span><\/p>\n<p><span lang=\"en-US\">Inject Pre-Workoutin edut:<\/span><\/p>\n<ul>\n<li><strong><span lang=\"en-US\">Suorituskyvyn parantaminen:<\/span><\/strong><span lang=\"en-US\"> Inject Pre-Workout -valmisteen ottaminen voi auttaa parantamaan suorituskyky\u00e4 harjoittelun aikana. T\u00e4m\u00e4n lis\u00e4ravinteen ainesosat voivat lis\u00e4t\u00e4 kest\u00e4vyytt\u00e4, voimaa ja keskittymiskyky\u00e4, jolloin urheilijat voivat saavuttaa korkeampia suoritustasoja.<\/span><\/li>\n<li><strong><span lang=\"en-US\">Lis\u00e4\u00e4ntyneet energiatasot:<\/span><\/strong><span lang=\"en-US\"> Kohdennetun koostumuksensa ansiosta Inject Pre-Workout voi lis\u00e4t\u00e4 energiatasoja, jolloin yksil\u00f6t voivat l\u00e4hesty\u00e4 harjoituksia entist\u00e4 elinvoimaisemmin ja p\u00e4\u00e4tt\u00e4v\u00e4isemmin. T\u00e4m\u00e4 on erityisen hy\u00f6dyllist\u00e4 niille, joilla on edess\u00e4\u00e4n intensiivisi\u00e4 tai pitkittyneit\u00e4 harjoitusjaksoja.<\/span><\/li>\n<li><strong><span lang=\"en-US\">Tukee keskittymist\u00e4:<\/span><\/strong><span lang=\"en-US\"> Treeni\u00e4 edelt\u00e4v\u00e4t lis\u00e4ravinteet, kuten Inject Pre-Workout, sis\u00e4lt\u00e4v\u00e4t usein ainesosia, jotka on suunniteltu parantamaan henkist\u00e4 keskittymist\u00e4 ja keskittymist\u00e4. T\u00e4m\u00e4 voi auttaa pit\u00e4m\u00e4\u00e4n mielen keskittyneen\u00e4 tavoitteeseen harjoittelun aikana, mik\u00e4 parantaa harjoittelun yleist\u00e4 tehokkuutta.<\/span><\/li>\n<\/ul>\n<p><\/p>\n<p><strong><span lang=\"en-US\">Suositeltu k\u00e4ytt\u00f6<\/span><\/strong><\/p>\n<p><span lang=\"en-US\">Ota 1 annos 30-45 minuuttia ennen harjoitusta.<\/span>\n<\/p>\n<p class=\"xmprfx_MsoNormal\"><b>Ilmoitus:<\/b><\/p>\n<ul>\n<li>Vain aikuisille, eik\u00e4 se korvaa monipuolista, tasapainoista ruokavaliota ja terveellisi\u00e4 el\u00e4m\u00e4ntapoja.<\/li>\n<li>\u00c4l\u00e4 ylit\u00e4 suositeltua annosta.<\/li>\n<li>\u00c4l\u00e4 k\u00e4yt\u00e4 sit\u00e4 imetyksen tai raskauden aikana neuvottelematta l\u00e4\u00e4k\u00e4rin kanssa.<\/li>\n<li>S\u00e4ilyt\u00e4 tuote viile\u00e4ss\u00e4, kuivassa paikassa hyvin suljetussa pakkauksessa alle 3-vuotiaiden lasten ulottumattomissa.<\/li>\n<li>Saattaa sis\u00e4lt\u00e4\u00e4 pieni\u00e4 m\u00e4\u00e4ri\u00e4 maitoa, kauraa, kananmunaa ja soijaa.<\/li>\n<li>Laktoositon ja Gluteeniton.<\/li>\n<\/ul>","protected":false},"excerpt":{"rendered":"<p>Inject Pre-Workout Inject Pre-Workout on lis\u00e4ravinne, joka on suunniteltu otettavaksi ennen harjoittelua fyysisen suorituskyvyn parantamiseksi ja energiatasojen nostamiseksi. T\u00e4m\u00e4ntyyppinen lis\u00e4ravinne voi olla erityisen hy\u00f6dyllinen niille, jotka haluavat optimoida suorituskykyns\u00e4 fyysisen aktiivisuuden aikana, mutta on ratkaisevan t\u00e4rke\u00e4\u00e4 k\u00e4ytt\u00e4\u00e4 sit\u00e4 varoen ja noudattaa suositeltuja annoksia. Edut [...]<\/p>","protected":false},"featured_media":5634,"template":"","meta":[],"product_cat":[310,217],"product_tag":[315,230],"class_list":{"0":"post-637","1":"product","2":"type-product","3":"status-publish","4":"has-post-thumbnail","6":"product_cat-performance-and-endurance","7":"product_cat-pre-workout-energy","8":"product_tag-performance-and-endurance","9":"product_tag-pre-workout-energy","11":"first","12":"instock","13":"taxable","14":"shipping-taxable","15":"purchasable","16":"product-type-variable"},"aioseo_notices":[],"_links":{"self":[{"href":"https:\/\/www.selfprotein.com\/fi\/wp-json\/wp\/v2\/product\/637"}],"collection":[{"href":"https:\/\/www.selfprotein.com\/fi\/wp-json\/wp\/v2\/product"}],"about":[{"href":"https:\/\/www.selfprotein.com\/fi\/wp-json\/wp\/v2\/types\/product"}],"wp:featuredmedia":[{"embeddable":true,"href":"https:\/\/www.selfprotein.com\/fi\/wp-json\/wp\/v2\/media\/5634"}],"wp:attachment":[{"href":"https:\/\/www.selfprotein.com\/fi\/wp-json\/wp\/v2\/media?parent=637"}],"wp:term":[{"taxonomy":"product_cat","embeddable":true,"href":"https:\/\/www.selfprotein.com\/fi\/wp-json\/wp\/v2\/product_cat?post=637"},{"taxonomy":"product_tag","embeddable":true,"href":"https:\/\/www.selfprotein.com\/fi\/wp-json\/wp\/v2\/product_tag?post=637"}],"curies":[{"name":"wp","href":"https:\/\/api.w.org\/{rel}","templated":true}]}}