{"id":645,"date":"2023-11-27T13:29:16","date_gmt":"2023-11-27T12:29:16","guid":{"rendered":"https:\/\/34.88.231.180\/product\/inject-pwo-caffeine-free\/"},"modified":"2026-05-01T00:23:51","modified_gmt":"2026-04-30T22:23:51","slug":"inject-pwo-caffeine-free","status":"publish","type":"product","link":"https:\/\/www.selfprotein.com\/fi\/tuote\/inject-pwo-caffeine-free\/","title":{"rendered":"Inject PWO Caffeine Free"},"content":{"rendered":"<p style=\"text-align: left;\" align=\"center\"><strong><span lang=\"en-US\">Inject PWO Caffeine Free<\/span><\/strong><\/p>\n<p><span lang=\"en-US\">Inject PWO Caffeine Free on treeni\u00e4 edelt\u00e4v\u00e4 lis\u00e4ravinne, joka on suunniteltu parantamaan suorituskyky\u00e4 ja lis\u00e4\u00e4m\u00e4\u00e4n energiatasoa ilman kofeiinia. Ihanteellinen niille, jotka haluavat ottaa kaiken irti harjoituksestaan ilman kofeiinin stimuloivia vaikutuksia, t\u00e4m\u00e4 tuote tarjoaa luotettavaa tukea fyysisen suorituskyvyn optimoimiseksi.<\/span><\/p>\n<p><span lang=\"en-US\">Kofeiinittoman PWO:n edut:<\/span><\/p>\n<ul>\n<li><strong><span lang=\"en-US\">Suorituskyvyn parantaminen:<\/span><\/strong><span lang=\"en-US\"> Inject PWO Caffeine Free on koostettu erityisist\u00e4 ainesosista, jotka tukevat kest\u00e4vyytt\u00e4 ja voimaa harjoittelun aikana, jolloin voit maksimoida suorituskyvyn ja saavuttaa parempia tuloksia.<\/span><\/li>\n<li><strong><span lang=\"en-US\">Energiatasojen nousu:<\/span><\/strong><span lang=\"en-US\"> T\u00e4m\u00e4 lis\u00e4osa tarjoaa kest\u00e4v\u00e4n energial\u00e4hteen ilman kofeiinia, joten voit harjoitella tarmokkaasti ja p\u00e4\u00e4tt\u00e4v\u00e4isesti ilman huolta kofeiiniin liittyvist\u00e4 sivuvaikutuksista.<\/span><\/li>\n<li><strong><span lang=\"en-US\">Tuki kofeiinittomalle harjoittelulle:<\/span><\/strong><span lang=\"en-US\"> Niille, jotka haluavat v\u00e4ltt\u00e4\u00e4 kofeiinia tai rajoittaa sen k\u00e4ytt\u00f6\u00e4, Inject PWO Caffeine Free tarjoaa tehokkaan vaihtoehdon saada treeni\u00e4 edelt\u00e4v\u00e4\u00e4 tukea ilman kofeiinin stimuloivia vaikutuksia.<\/span><\/li>\n<li><strong><span lang=\"en-US\">Valvottu annos:<\/span><\/strong><span lang=\"en-US\"> On t\u00e4rke\u00e4\u00e4 noudattaa huolellisesti suositeltuja annosteluohjeita, jotta varmistetaan maksimaaliset hy\u00f6dyt ilman terveysriskej\u00e4. Inject PWO Caffeine Free tarjoaa tarkan annostelun turvallisen ja tehokkaan t\u00e4ydent\u00e4misen varmistamiseksi.<\/span><\/li>\n<li><strong><span lang=\"en-US\">Mukautuvuus yksil\u00f6llisiin tarpeisiin:<\/span><\/strong><span lang=\"en-US\"> T\u00e4m\u00e4 lis\u00e4osa sopii monenlaisille henkil\u00f6ille, jotka haluavat optimoida harjoittelunsa, ja tarjoaa r\u00e4\u00e4t\u00e4l\u00f6it\u00e4v\u00e4\u00e4 tukea omien tarpeidensa ja kuntotavoitteidensa mukaan.<\/span><\/li>\n<\/ul>\n<p><\/p>\n<p><strong><span lang=\"en-US\">Suositeltu k\u00e4ytt\u00f6<\/span><\/strong><\/p>\n<p><span lang=\"en-US\">1 annos 30-45 minuuttia ennen harjoitusta.<\/span>\n<\/p>\n<p class=\"xmprfx_MsoNormal\"><b>Ilmoitus:<\/b><\/p>\n<ul>\n<li>Vain aikuisille, eik\u00e4 se korvaa monipuolista, tasapainoista ruokavaliota ja terveellisi\u00e4 el\u00e4m\u00e4ntapoja.<\/li>\n<li>\u00c4l\u00e4 ylit\u00e4 suositeltua annosta.<\/li>\n<li>\u00c4l\u00e4 k\u00e4yt\u00e4 sit\u00e4 imetyksen tai raskauden aikana neuvottelematta l\u00e4\u00e4k\u00e4rin kanssa.<\/li>\n<li>S\u00e4ilyt\u00e4 tuote viile\u00e4ss\u00e4, kuivassa paikassa hyvin suljetussa pakkauksessa alle 3-vuotiaiden lasten ulottumattomissa.<\/li>\n<li>Saattaa sis\u00e4lt\u00e4\u00e4 pieni\u00e4 m\u00e4\u00e4ri\u00e4 maitoa, kauraa, kananmunaa ja soijaa.<\/li>\n<li>Laktoositon ja Gluteeniton.<\/li>\n<\/ul>","protected":false},"excerpt":{"rendered":"<p>Inject PWO Caffeine Free Inject PWO Caffeine Free on treeni\u00e4 edelt\u00e4v\u00e4 lis\u00e4ravinne, joka on suunniteltu parantamaan suorituskyky\u00e4 ja lis\u00e4\u00e4m\u00e4\u00e4n energiatasoa ilman kofeiinia. Ihanteellinen niille, jotka haluavat ottaa kaiken irti harjoituksestaan ilman kofeiinin stimuloivia vaikutuksia, t\u00e4m\u00e4 tuote tarjoaa luotettavaa tukea fyysisen suorituskyvyn optimoimiseksi. Kofeiinittoman [...]<\/p>","protected":false},"featured_media":5635,"template":"","meta":[],"product_cat":[310,217],"product_tag":[315,230],"class_list":{"0":"post-645","1":"product","2":"type-product","3":"status-publish","4":"has-post-thumbnail","6":"product_cat-performance-and-endurance","7":"product_cat-pre-workout-energy","8":"product_tag-performance-and-endurance","9":"product_tag-pre-workout-energy","11":"first","12":"instock","13":"taxable","14":"shipping-taxable","15":"purchasable","16":"product-type-variable"},"aioseo_notices":[],"_links":{"self":[{"href":"https:\/\/www.selfprotein.com\/fi\/wp-json\/wp\/v2\/product\/645"}],"collection":[{"href":"https:\/\/www.selfprotein.com\/fi\/wp-json\/wp\/v2\/product"}],"about":[{"href":"https:\/\/www.selfprotein.com\/fi\/wp-json\/wp\/v2\/types\/product"}],"wp:featuredmedia":[{"embeddable":true,"href":"https:\/\/www.selfprotein.com\/fi\/wp-json\/wp\/v2\/media\/5635"}],"wp:attachment":[{"href":"https:\/\/www.selfprotein.com\/fi\/wp-json\/wp\/v2\/media?parent=645"}],"wp:term":[{"taxonomy":"product_cat","embeddable":true,"href":"https:\/\/www.selfprotein.com\/fi\/wp-json\/wp\/v2\/product_cat?post=645"},{"taxonomy":"product_tag","embeddable":true,"href":"https:\/\/www.selfprotein.com\/fi\/wp-json\/wp\/v2\/product_tag?post=645"}],"curies":[{"name":"wp","href":"https:\/\/api.w.org\/{rel}","templated":true}]}}