{"id":651,"date":"2023-11-27T13:29:28","date_gmt":"2023-11-27T12:29:28","guid":{"rendered":"https:\/\/34.88.231.180\/product\/instant-oat\/"},"modified":"2026-05-01T00:24:22","modified_gmt":"2026-04-30T22:24:22","slug":"instant-oat","status":"publish","type":"product","link":"https:\/\/www.selfprotein.com\/fi\/tuote\/instant-oat\/","title":{"rendered":"Instant Oat"},"content":{"rendered":"<p style=\"text-align: left;\" align=\"center\"><span lang=\"en-US\"><strong>Instant Oat<\/strong> <\/span><\/p>\n<p><span lang=\"en-US\">Monimutkaisten hiilihydraattien ja kuitujen ainutlaatuisen yhdistelm\u00e4n ansiosta kaurajauho on saavuttanut maineen monipuolisena ja ravitsevana ravintolis\u00e4n\u00e4, joka sopii monenlaisiin ruokavalio- ja ravitsemuksellisiin tarpeisiin sek\u00e4 urheilijoille ett\u00e4 aktiivista ja terveellist\u00e4 el\u00e4m\u00e4ntapaa tavoitteleville.<\/span><\/p>\n<p><span lang=\"en-US\">Tutustu kaurajauhon tehokkuuteen, sill\u00e4 se on laajalti arvostettu ravintolis\u00e4, joka tarjoaa nopean monimutkaisten hiilihydraattien ja kuitujen l\u00e4hteen. T\u00e4st\u00e4 tuotteesta on tullut suosittu valinta niiden keskuudessa, jotka etsiv\u00e4t terveellist\u00e4 aamiaista tai v\u00e4lipalaa, joka tarjoaa kest\u00e4v\u00e4\u00e4 energiaa ajan mittaan ja edist\u00e4\u00e4 kyll\u00e4isyyden tunnetta kuitupitoisuutensa ansiosta.<\/span><\/p>\n<p><span lang=\"en-US\">Kaurajauhon edut:<\/span><\/p>\n<ul>\n<li><strong><span lang=\"en-US\">Hitaasti vapautuvien hiilihydraattien l\u00e4hde:<\/span><\/strong><span lang=\"en-US\"> Kaurajauho tarjoaa monimutkaisia hiilihydraatteja, jotka vapautuvat v\u00e4hitellen verenkiertoon ja takaavat tasaisen energiansaannin ajan mittaan, mik\u00e4 on ihanteellista fyysisen tai henkisen toiminnan tukemiseen.<\/span><\/li>\n<li><strong><span lang=\"en-US\">Runsaasti kuitua:<\/span><\/strong><span lang=\"en-US\"> Kuitujen ansiosta kaurajauho auttaa yll\u00e4pit\u00e4m\u00e4\u00e4n vakaata verensokeria ja edist\u00e4\u00e4 kyll\u00e4isyyden tunnetta, mik\u00e4 auttaa hallitsemaan ruokahalua ja yll\u00e4pit\u00e4m\u00e4\u00e4n terveellist\u00e4 painoa.<\/span><\/li>\n<li><strong><span lang=\"en-US\">Monipuolinen k\u00e4ytt\u00f6:<\/span><\/strong><span lang=\"en-US\"> Kaurajauhoja voidaan helposti sis\u00e4llytt\u00e4\u00e4 erilaisiin resepteihin, kuten proteiinipirtel\u00f6ihin, energiajuomiin ja kotitekoisiin proteiinipatukoihin, ja ne tarjoavat ravitsevan ja maukkaan vaihtoehdon ruokavalion ja ravitsemuksellisten tarpeiden t\u00e4ytt\u00e4miseksi.<\/span><\/li>\n<li><strong><span lang=\"en-US\">Valmistuksen helppous:<\/span><\/strong><span lang=\"en-US\"> Jos haluat k\u00e4ytt\u00e4\u00e4 kaurajauhoa, sekoita se yksinkertaisesti veteen, maitoon tai muihin nesteisiin, jotta saat aikaan ravitsevan juoman, jossa on runsaasti monimutkaisia hiilihydraatteja ja kuituja, tai lis\u00e4\u00e4 se proteiinipirtel\u00f6ihin tai kaurapohjaisiin resepteihin.<\/span><\/li>\n<li><strong><span lang=\"en-US\">Tuki liikunnan aikana ja sen j\u00e4lkeen:<\/span><\/strong><span lang=\"en-US\"> Koska kaurajauho pystyy tarjoamaan kest\u00e4v\u00e4\u00e4 energiaa ja kuitua, se on erityisen hy\u00f6dyllinen niille, jotka etsiv\u00e4t ravitsemuksellista tukea fyysisen aktiivisuuden aikana tai sen j\u00e4lkeen, sill\u00e4 se auttaa yll\u00e4pit\u00e4m\u00e4\u00e4n korkeaa suorituskyky\u00e4 ja edist\u00e4\u00e4 lihasten palautumista.<\/span><\/li>\n<\/ul>\n<p>&nbsp;<\/p>\n<p><strong><span lang=\"en-US\">Suositeltu k\u00e4ytt\u00f6<\/span><\/strong><\/p>\n<p><span lang=\"en-US\">1 annos aamiaisella, ennen tai j\u00e4lkeen treenin.<\/span><\/p>\n<p class=\"xmprfx_MsoNormal\"><b>Ilmoitus:<\/b><\/p>\n<ul>\n<li>Vain aikuisille, eik\u00e4 se korvaa monipuolista, tasapainoista ruokavaliota ja terveellisi\u00e4 el\u00e4m\u00e4ntapoja.<\/li>\n<li>\u00c4l\u00e4 ylit\u00e4 suositeltua annosta.<\/li>\n<li>\u00c4l\u00e4 k\u00e4yt\u00e4 sit\u00e4 imetyksen tai raskauden aikana neuvottelematta l\u00e4\u00e4k\u00e4rin kanssa.<\/li>\n<li>S\u00e4ilyt\u00e4 tuote viile\u00e4ss\u00e4, kuivassa paikassa hyvin suljetussa pakkauksessa alle 3-vuotiaiden lasten ulottumattomissa.<\/li>\n<li>Saattaa sis\u00e4lt\u00e4\u00e4 pieni\u00e4 m\u00e4\u00e4ri\u00e4 maitoa, kananmunaa ja soijaa.<\/li>\n<li>Laktoositon ja Gluteeniton.<\/li>\n<\/ul>","protected":false},"excerpt":{"rendered":"<p>Pikakaura Kaurajauho on ainutlaatuisella monimutkaisten hiilihydraattien ja kuitujen yhdistelm\u00e4ll\u00e4\u00e4n ansainnut maineen monipuolisena ja ravitsevana ravintolis\u00e4n\u00e4, joka soveltuu monenlaisiin ruokavalio- ja ravitsemuksellisiin tarpeisiin sek\u00e4 urheilijoille ett\u00e4 aktiivista ja terveellist\u00e4 el\u00e4m\u00e4ntapaa tavoitteleville henkil\u00f6ille. Tutustu kaurajauhon tehokkuuteen, joka on laajalti [...]<\/p>","protected":false},"featured_media":6233,"template":"","meta":[],"product_cat":[313,210],"product_tag":[316,223],"class_list":{"0":"post-651","1":"product","2":"type-product","3":"status-publish","4":"has-post-thumbnail","6":"product_cat-protein-snacks-and-fit-food","7":"product_cat-snacks-meal-solutions","8":"product_tag-protein-snacks-fit-food","9":"product_tag-snacks-meal-solutions","11":"first","12":"instock","13":"sale","14":"taxable","15":"shipping-taxable","16":"purchasable","17":"product-type-variable"},"aioseo_notices":[],"_links":{"self":[{"href":"https:\/\/www.selfprotein.com\/fi\/wp-json\/wp\/v2\/product\/651"}],"collection":[{"href":"https:\/\/www.selfprotein.com\/fi\/wp-json\/wp\/v2\/product"}],"about":[{"href":"https:\/\/www.selfprotein.com\/fi\/wp-json\/wp\/v2\/types\/product"}],"wp:featuredmedia":[{"embeddable":true,"href":"https:\/\/www.selfprotein.com\/fi\/wp-json\/wp\/v2\/media\/6233"}],"wp:attachment":[{"href":"https:\/\/www.selfprotein.com\/fi\/wp-json\/wp\/v2\/media?parent=651"}],"wp:term":[{"taxonomy":"product_cat","embeddable":true,"href":"https:\/\/www.selfprotein.com\/fi\/wp-json\/wp\/v2\/product_cat?post=651"},{"taxonomy":"product_tag","embeddable":true,"href":"https:\/\/www.selfprotein.com\/fi\/wp-json\/wp\/v2\/product_tag?post=651"}],"curies":[{"name":"wp","href":"https:\/\/api.w.org\/{rel}","templated":true}]}}