{"id":6994,"date":"2024-06-19T17:32:30","date_gmt":"2024-06-19T15:32:30","guid":{"rendered":"https:\/\/www.selfprotein.com\/?post_type=product&#038;p=6994"},"modified":"2026-04-01T00:00:46","modified_gmt":"2026-03-31T22:00:46","slug":"magnesium-ultra-strenght-444mg","status":"publish","type":"product","link":"https:\/\/www.selfprotein.com\/fi\/tuote\/magnesium-ultra-strenght-444mg\/","title":{"rendered":"Magnesium Ultra Strenght 444mg"},"content":{"rendered":"<p class=\" translation-block\">Magnesium Ultra Strenght 444mg<\/p>\n<p>\u201dMagnesium Ultra Strength\u201d -lis\u00e4ravinne voi olla erityisen hy\u00f6dyllinen urheilijoille, koska magnesiumilla on ratkaiseva rooli monissa kehon toiminnoissa, jotka liittyv\u00e4t urheilulliseen suorituskykyyn, lihasten palautumiseen ja yleiseen terveyteen. L\u00e4hde: magnesiumoksidi, bisglysinaatti ja karbonaatti.<\/p>\n<p>T\u00e4ss\u00e4 kerrotaan, miten korkeapotentiaalinen magnesiumvalmiste voi hy\u00f6dytt\u00e4\u00e4 urheilijoita:<\/p>\n<p><strong>Edut:<\/strong><\/p>\n<p><strong>Lihasten tuki<\/strong><\/p>\n<ul>\n<li>Magnesium on v\u00e4ltt\u00e4m\u00e4t\u00f6nt\u00e4 lihasten supistumiselle ja rentoutumiselle. Riitt\u00e4v\u00e4 lis\u00e4ravinne voi ehk\u00e4ist\u00e4 lihaskramppeja ja kouristuksia, parantaa suorituskyky\u00e4 ja v\u00e4hent\u00e4\u00e4 loukkaantumisriski\u00e4.<\/li>\n<\/ul>\n<p><\/p>\n<p><strong>Lihasten palautuminen<\/strong><\/p>\n<ul>\n<li>Voimakkaan harjoittelun j\u00e4lkeen magnesium auttaa v\u00e4hent\u00e4m\u00e4\u00e4n tulehdusta ja edist\u00e4m\u00e4\u00e4n lihasten palautumista. Se voi my\u00f6s auttaa v\u00e4hent\u00e4m\u00e4\u00e4n maitohapon kertymist\u00e4 lihaksiisi, mik\u00e4 v\u00e4hent\u00e4\u00e4 harjoituksen j\u00e4lkeist\u00e4 lihaskipua.<\/li>\n<\/ul>\n<p><\/p>\n<p><strong>Energiantuotanto<\/strong><\/p>\n<ul>\n<li>Magnesium osallistuu ATP:n (adenosiinitrifosfaatti), solujen p\u00e4\u00e4asiallisen energianl\u00e4hteen, tuotantoon. T\u00e4m\u00e4 tukee kest\u00e4vyytt\u00e4 ja suorituskyky\u00e4 liikunnan aikana.<\/li>\n<\/ul>\n<p><\/p>\n<p><strong>Luun terveys<\/strong><\/p>\n<ul>\n<li>Magnesium edist\u00e4\u00e4 luuston ja hampaiden terveytt\u00e4 ja toimii synergiassa kalsiumin ja D-vitamiinin kanssa. T\u00e4m\u00e4 on t\u00e4rke\u00e4\u00e4 urheilijoille, jotka rasittavat luustorakenteitaan intensiivisell\u00e4 harjoittelulla.<\/li>\n<\/ul>\n<p><\/p>\n<p><strong>Elektrolyyttitasapaino<\/strong><\/p>\n<ul>\n<li>Liikunnan aikana keho menett\u00e4\u00e4 elektrolyyttej\u00e4 hikoilun kautta. Magnesium auttaa yll\u00e4pit\u00e4m\u00e4\u00e4n elektrolyyttitasapainoa, ehk\u00e4isee nestehukkaa ja parantaa lihasten ja hermojen toimintaa.<\/li>\n<\/ul>\n<p><\/p>\n<p><strong>Verensokerin s\u00e4\u00e4tely<\/strong><\/p>\n<ul>\n<li>Magnesium auttaa s\u00e4\u00e4telem\u00e4\u00e4n verensokeritasoja ja insuliiniherkkyytt\u00e4, tarjoaa vakaan energial\u00e4hteen fyysisen aktiivisuuden aikana ja edist\u00e4\u00e4 palautumista liikunnan j\u00e4lkeen.<\/li>\n<\/ul>\n<p><\/p>\n<p><strong>Ilmoitus:<\/strong><\/p>\n<ul>\n<li>Vain aikuisille, ja sit\u00e4 tulisi k\u00e4ytt\u00e4\u00e4 monipuolisen, tasapainoisen ruokavalion ja terveellisten el\u00e4m\u00e4ntapojen yhteydess\u00e4.<\/li>\n<li>\u00c4l\u00e4 ylit\u00e4 suositeltua annosta.<\/li>\n<li>Suositeltu p\u00e4iv\u00e4annos: 2 cps.<\/li>\n<li>\u00c4l\u00e4 k\u00e4yt\u00e4 imetyksen, raskauden, lasten tai pitkien ajanjaksojen aikana ilman l\u00e4\u00e4k\u00e4rin neuvoja.<\/li>\n<li>S\u00e4ilyt\u00e4 tuote viile\u00e4ss\u00e4, kuivassa ja hyvin suljetussa pakkauksessa alle 3-vuotiaiden lasten ulottumattomissa.<\/li>\n<li>Saattaa sis\u00e4lt\u00e4\u00e4 pieni\u00e4 m\u00e4\u00e4ri\u00e4 maitoa, kauraa, kananmunaa ja soijaa.<\/li>\n<li>Laktoositon ja Gluteeniton.<\/li>\n<\/ul>","protected":false},"excerpt":{"rendered":"<details>\n<summary>Ainesosat<\/summary>\n<table style=\"text-align: center;\">\n<tbody>\n<tr>\n<th>Ainesosat<\/th>\n<th>annosta kohti 2 korkkia<\/th>\n<th>%NRV<\/th>\n<\/tr>\n<tr>\n<td>Magnesium (Magnesiumoksidi\/Magnesiumbisglysinaatti<br>\/Magnesiumkarbonaatti)<\/td>\n<td>444mg<\/td>\n<td>118<\/td>\n<\/tr>\n<tr>\n<td colspan=\"3\"><strong> Muut ainesosat: <\/strong>stabilointiaineet (E1400, E470b), vegaaninen kapseli (E1204).<\/td>\n<\/tr>\n<\/tbody>\n<\/table>\n<\/details>\n<p>&nbsp;<\/p>","protected":false},"featured_media":7036,"template":"","meta":[],"product_cat":[311,214],"product_tag":[317,258],"class_list":{"0":"post-6994","1":"product","2":"type-product","3":"status-publish","4":"has-post-thumbnail","6":"product_cat-recovery-and-regeneration","7":"product_cat-vitamins-wellness","8":"product_tag-recovery-and-regeneration","9":"product_tag-vitamins-wellness","11":"first","12":"instock","13":"sale","14":"taxable","15":"shipping-taxable","16":"purchasable","17":"product-type-simple"},"aioseo_notices":[],"_links":{"self":[{"href":"https:\/\/www.selfprotein.com\/fi\/wp-json\/wp\/v2\/product\/6994"}],"collection":[{"href":"https:\/\/www.selfprotein.com\/fi\/wp-json\/wp\/v2\/product"}],"about":[{"href":"https:\/\/www.selfprotein.com\/fi\/wp-json\/wp\/v2\/types\/product"}],"wp:featuredmedia":[{"embeddable":true,"href":"https:\/\/www.selfprotein.com\/fi\/wp-json\/wp\/v2\/media\/7036"}],"wp:attachment":[{"href":"https:\/\/www.selfprotein.com\/fi\/wp-json\/wp\/v2\/media?parent=6994"}],"wp:term":[{"taxonomy":"product_cat","embeddable":true,"href":"https:\/\/www.selfprotein.com\/fi\/wp-json\/wp\/v2\/product_cat?post=6994"},{"taxonomy":"product_tag","embeddable":true,"href":"https:\/\/www.selfprotein.com\/fi\/wp-json\/wp\/v2\/product_tag?post=6994"}],"curies":[{"name":"wp","href":"https:\/\/api.w.org\/{rel}","templated":true}]}}