{"id":6995,"date":"2024-06-19T17:32:18","date_gmt":"2024-06-19T15:32:18","guid":{"rendered":"https:\/\/www.selfprotein.com\/?post_type=product&#038;p=6995"},"modified":"2026-05-01T00:24:24","modified_gmt":"2026-04-30T22:24:24","slug":"super-omega-3-forte","status":"publish","type":"product","link":"https:\/\/www.selfprotein.com\/fi\/tuote\/super-omega-3-forte\/","title":{"rendered":"Super Omega 3 Forte"},"content":{"rendered":"<p><strong>Super Omega 3 Forte<\/strong><\/p>\n<p>Super Omega-3 Forte on ravintolis\u00e4, joka sis\u00e4lt\u00e4\u00e4 runsaasti omega-3-rasvahappoja, tyypillisesti suuria annoksia EPAa (eikosapentaeenihappoa) ja DHA:ta (dokosaheksaeenihappoa). Omega-3-rasvahapot ovat elimist\u00f6lle v\u00e4ltt\u00e4m\u00e4tt\u00f6mi\u00e4 ja tarjoavat lukuisia terveyshy\u00f6tyj\u00e4, jotka ovat erityisen t\u00e4rkeit\u00e4 urheiluun osallistuville. Seuraavassa on katsaus Super Omega-3 Forte -lis\u00e4ravinteen t\u00e4rkeimpiin hy\u00f6tyihin ja n\u00e4k\u00f6kohtiin:<\/p>\n<p><strong>Edut:<\/strong><\/p>\n<p><strong>Syd\u00e4n- ja verisuoniterveys<\/strong><\/p>\n<ul>\n<li>Triglyseridien v\u00e4hent\u00e4minen: Omega-3-rasvahapot v\u00e4hent\u00e4v\u00e4t veren triglyseridipitoisuuksia ja v\u00e4hent\u00e4v\u00e4t n\u00e4in syd\u00e4n- ja verisuonitautien riski\u00e4.<\/li>\n<li>Verenpaine: Ne voivat auttaa alentamaan verenpainetautia sairastavien henkil\u00f6iden verenpainetta.<\/li>\n<li>Endoteelin toiminta: Ne parantavat verisuonia reunustavien solujen toimintaa, mik\u00e4 edist\u00e4\u00e4 verenkiertoa.<\/li>\n<\/ul>\n<p>&nbsp;<\/p>\n<p><strong>Lihasten tuki ja palautuminen<\/strong><\/p>\n<ul>\n<li>V\u00e4hentynyt tulehdus: Omega-3:lla on tulehdusta ehk\u00e4isevi\u00e4 ominaisuuksia, jotka voivat auttaa v\u00e4hent\u00e4m\u00e4\u00e4n lihaskipua ja harjoituksen j\u00e4lkeist\u00e4 tulehdusta.<\/li>\n<li>Toipuminen: Ne voivat nopeuttaa lihasten palautumista raskaan harjoituksen j\u00e4lkeen.<\/li>\n<\/ul>\n<p>&nbsp;<\/p>\n<p><strong>Aivotoiminta ja mielenterveys<\/strong><\/p>\n<ul>\n<li>Kognitiivinen kehitys: DHA on v\u00e4ltt\u00e4m\u00e4t\u00f6nt\u00e4 aivojen terveydelle ja edist\u00e4\u00e4 muistia ja kognitiivisia toimintoja.<\/li>\n<li>Mielenterveys: Omega-3-rasvahapot voivat v\u00e4hent\u00e4\u00e4 masennuksen ja ahdistuksen oireita.<\/li>\n<\/ul>\n<p>&nbsp;<\/p>\n<p><strong>Nivelten terveys<\/strong><\/p>\n<ul>\n<li>Nivelten suojaus: v\u00e4hent\u00e4\u00e4 niveltulehduksen oireita ja parantaa liikkuvuutta.<\/li>\n<\/ul>\n<p>&nbsp;<\/p>\n<p><strong>Immuunituki<\/strong><\/p>\n<ul>\n<li>Immuunij\u00e4rjestelm\u00e4: Omega-3-rasvahapot voivat vahvistaa immuunij\u00e4rjestelm\u00e4\u00e4 ja auttaa elimist\u00f6\u00e4 torjumaan infektioita ja sairauksia.<\/li>\n<\/ul>\n<p>&nbsp;<\/p>\n<p><strong>Ilmoitus:<\/strong><\/p>\n<ul>\n<li>Vain aikuisille, ja sit\u00e4 tulisi k\u00e4ytt\u00e4\u00e4 monipuolisen, tasapainoisen ruokavalion ja terveellisten el\u00e4m\u00e4ntapojen yhteydess\u00e4.<\/li>\n<li>\u00c4l\u00e4 ylit\u00e4 suositeltua annosta.<\/li>\n<li>Suositeltu p\u00e4iv\u00e4annos: 3 cps.<\/li>\n<li>Ei saa k\u00e4ytt\u00e4\u00e4 imetyksen, raskauden tai pitkien ajanjaksojen aikana ilman l\u00e4\u00e4k\u00e4rin konsultaatiota.<\/li>\n<li>S\u00e4ilyt\u00e4 tuote viile\u00e4ss\u00e4, kuivassa ja hyvin suljetussa pakkauksessa alle 3-vuotiaiden lasten ulottumattomissa.<\/li>\n<li>Saattaa sis\u00e4lt\u00e4\u00e4 pieni\u00e4 m\u00e4\u00e4ri\u00e4 maitoa, kauraa, kananmunaa ja soijaa.<\/li>\n<li>Laktoositon ja Gluteeniton.<\/li>\n<\/ul>","protected":false},"excerpt":{"rendered":"<details>\n<summary>Ainesosat<\/summary>\n<table style=\"text-align: center;\">\n<tbody>\n<tr>\n<th>Ainesosat<\/th>\n<th>3 korkkia<\/th>\n<\/tr>\n<tr>\n<td>Tiivistetty kala\u00f6ljy<\/td>\n<td>3000mg<\/td>\n<\/tr>\n<tr>\n<td>joista<\/td>\n<td><\/td>\n<\/tr>\n<tr>\n<td>EPA (eikosapentaeenihappo)<\/td>\n<td>990mg<\/td>\n<\/tr>\n<tr>\n<td>DHA (dokosaheksaeenihappo)<\/td>\n<td>660mg<\/td>\n<\/tr>\n<tr>\n<td colspan=\"2\"><strong> Muut ainesosat: <\/strong>kapseligeelatiini (naudanliha), stabilointiaine (glyseroli).<\/td>\n<\/tr>\n<\/tbody>\n<\/table>\n<\/details>\n<p>&nbsp;<\/p>","protected":false},"featured_media":7038,"template":"","meta":[],"product_cat":[312,214],"product_tag":[314,258],"class_list":{"0":"post-6995","1":"product","2":"type-product","3":"status-publish","4":"has-post-thumbnail","6":"product_cat-health-and-wellness","7":"product_cat-vitamins-wellness","8":"product_tag-health-and-wellness","9":"product_tag-vitamins-wellness","11":"first","12":"instock","13":"taxable","14":"shipping-taxable","15":"purchasable","16":"product-type-simple"},"aioseo_notices":[],"_links":{"self":[{"href":"https:\/\/www.selfprotein.com\/fi\/wp-json\/wp\/v2\/product\/6995"}],"collection":[{"href":"https:\/\/www.selfprotein.com\/fi\/wp-json\/wp\/v2\/product"}],"about":[{"href":"https:\/\/www.selfprotein.com\/fi\/wp-json\/wp\/v2\/types\/product"}],"wp:featuredmedia":[{"embeddable":true,"href":"https:\/\/www.selfprotein.com\/fi\/wp-json\/wp\/v2\/media\/7038"}],"wp:attachment":[{"href":"https:\/\/www.selfprotein.com\/fi\/wp-json\/wp\/v2\/media?parent=6995"}],"wp:term":[{"taxonomy":"product_cat","embeddable":true,"href":"https:\/\/www.selfprotein.com\/fi\/wp-json\/wp\/v2\/product_cat?post=6995"},{"taxonomy":"product_tag","embeddable":true,"href":"https:\/\/www.selfprotein.com\/fi\/wp-json\/wp\/v2\/product_tag?post=6995"}],"curies":[{"name":"wp","href":"https:\/\/api.w.org\/{rel}","templated":true}]}}