{"id":6997,"date":"2024-06-19T17:54:57","date_gmt":"2024-06-19T15:54:57","guid":{"rendered":"https:\/\/www.selfprotein.com\/?post_type=product&#038;p=6997"},"modified":"2026-04-01T00:00:46","modified_gmt":"2026-03-31T22:00:46","slug":"nac-n-acetyl-l-cysteine","status":"publish","type":"product","link":"https:\/\/www.selfprotein.com\/fi\/tuote\/nac-n-acetyl-l-cysteine\/","title":{"rendered":"NAC N-asetyylikysteiini"},"content":{"rendered":"<p><strong>NAC N-Acetyl-L-Cysteine<\/strong><\/p>\n<p>NAC (N-asetyylikysteiini) on lis\u00e4ravinne, joka voi tarjota urheilijoille useita etuja antioksidanttisten ominaisuuksiensa ja hengitystoiminnan parantamisen ja tulehduksen v\u00e4hent\u00e4misen ansiosta.<\/p>\n<p>T\u00e4ss\u00e4 kerrotaan, miten siit\u00e4 voi olla hy\u00f6ty\u00e4 urheilijoille:<\/p>\n<p><strong>Edut:<\/strong><\/p>\n<p><strong>Tehokas antioksidantti<\/strong><\/p>\n<ul>\n<li>NAC auttaa t\u00e4ydent\u00e4m\u00e4\u00e4n glutationitasoja, joka on yksi kehon tehokkaimmista antioksidanteista. Urheilijat ovat usein alttiina korkealle hapetusstressille intensiivisen liikunnan vuoksi, ja NAC voi auttaa v\u00e4hent\u00e4m\u00e4\u00e4n vapaiden radikaalien aiheuttamia soluvaurioita.<\/li>\n<\/ul>\n<p>&nbsp;<\/p>\n<p><strong>Lihasten palautuminen<\/strong><\/p>\n<ul>\n<li>V\u00e4hent\u00e4m\u00e4ll\u00e4 hapetusstressi\u00e4 ja tulehdusta NAC voi helpottaa lihasten palautumista harjoituksen j\u00e4lkeen. T\u00e4m\u00e4 voi johtaa v\u00e4h\u00e4isemp\u00e4\u00e4n lihaskipuun ja nopeampaan palautumiseen harjoittelujaksojen v\u00e4lill\u00e4.<\/li>\n<\/ul>\n<p>&nbsp;<\/p>\n<p><strong>Hengityselinten terveys<\/strong><\/p>\n<ul>\n<li>NAC:lla on limakalvoja muodostavia ominaisuuksia, jotka auttavat ohentamaan limaa ja parantamaan keuhkojen toimintaa. T\u00e4m\u00e4 voi olla erityisen hy\u00f6dyllist\u00e4 urheilijoille, jotka harrastavat kest\u00e4vyysurheilua, kuten juoksua, py\u00f6r\u00e4ily\u00e4 tai uintia, sill\u00e4 se parantaa hengityst\u00e4 ja hapensaantia.<\/li>\n<\/ul>\n<p>&nbsp;<\/p>\n<p><strong>V\u00e4henn\u00e4 v\u00e4symyst\u00e4<\/strong><\/p>\n<ul>\n<li>Joidenkin tutkimusten mukaan NAC voi auttaa v\u00e4hent\u00e4m\u00e4\u00e4n v\u00e4symyst\u00e4 pitk\u00e4kestoisen liikunnan aikana, mik\u00e4 parantaa kest\u00e4vyytt\u00e4 ja urheilusuoritusta.<\/li>\n<\/ul>\n<p>&nbsp;<\/p>\n<p><strong>Suojaus loukkaantumiselta<\/strong><\/p>\n<ul>\n<li>NAC:n anti-inflammatoriset ominaisuudet voivat auttaa v\u00e4hent\u00e4m\u00e4\u00e4n krooniseen tulehdukseen, kuten j\u00e4nnetuppitulehdukseen tai muuhun niveltulehdukseen, liittyvien vammojen riski\u00e4.<\/li>\n<\/ul>\n<p>&nbsp;<\/p>\n<p><strong>Ilmoitus:<\/strong><\/p>\n<ul>\n<li>Vain aikuisille, ja sit\u00e4 tulisi k\u00e4ytt\u00e4\u00e4 monipuolisen, tasapainoisen ruokavalion ja terveellisten el\u00e4m\u00e4ntapojen yhteydess\u00e4.<\/li>\n<li>\u00c4l\u00e4 ylit\u00e4 suositeltua annosta.<\/li>\n<li>Suositeltu p\u00e4iv\u00e4annos: 1 cps.<\/li>\n<li>Ei saa k\u00e4ytt\u00e4\u00e4 imetyksen, raskauden ja pitkittyneiden ajanjaksojen aikana ilman l\u00e4\u00e4k\u00e4rin neuvoja.<\/li>\n<li>S\u00e4ilyt\u00e4 tuote viile\u00e4ss\u00e4, kuivassa ja hyvin suljetussa pakkauksessa alle 3-vuotiaiden lasten ulottumattomissa.<\/li>\n<li>Saattaa sis\u00e4lt\u00e4\u00e4 pieni\u00e4 m\u00e4\u00e4ri\u00e4 maitoa, kauraa, kananmunaa ja soijaa.<\/li>\n<li>Laktoositon ja Gluteeniton.<\/li>\n<\/ul>","protected":false},"excerpt":{"rendered":"<details>\n<summary>Ainesosat<\/summary>\n<table style=\"text-align: center;\">\n<tbody>\n<tr>\n<th>Ainesosat<\/th>\n<th>annosta kohti 1 korkki<\/th>\n<\/tr>\n<tr>\n<td>N-asetyyli-L-kysteiini<\/td>\n<td>600mg<\/td>\n<\/tr>\n<tr>\n<td colspan=\"2\"><strong> Muut ainesosat: <\/strong>stabilointiaineet (E460, E470b, E551), vegaaninen kapseli (E1204).<\/td>\n<\/tr>\n<\/tbody>\n<\/table>\n<\/details>\n<p>&nbsp;<\/p>","protected":false},"featured_media":13936,"template":"","meta":[],"product_cat":[312,214],"product_tag":[314,228],"class_list":{"0":"post-6997","1":"product","2":"type-product","3":"status-publish","4":"has-post-thumbnail","6":"product_cat-health-and-wellness","7":"product_cat-vitamins-wellness","8":"product_tag-health-and-wellness","9":"product_tag-natural-extracts-wellness","11":"first","12":"instock","13":"sale","14":"taxable","15":"shipping-taxable","16":"purchasable","17":"product-type-simple"},"aioseo_notices":[],"_links":{"self":[{"href":"https:\/\/www.selfprotein.com\/fi\/wp-json\/wp\/v2\/product\/6997"}],"collection":[{"href":"https:\/\/www.selfprotein.com\/fi\/wp-json\/wp\/v2\/product"}],"about":[{"href":"https:\/\/www.selfprotein.com\/fi\/wp-json\/wp\/v2\/types\/product"}],"wp:featuredmedia":[{"embeddable":true,"href":"https:\/\/www.selfprotein.com\/fi\/wp-json\/wp\/v2\/media\/13936"}],"wp:attachment":[{"href":"https:\/\/www.selfprotein.com\/fi\/wp-json\/wp\/v2\/media?parent=6997"}],"wp:term":[{"taxonomy":"product_cat","embeddable":true,"href":"https:\/\/www.selfprotein.com\/fi\/wp-json\/wp\/v2\/product_cat?post=6997"},{"taxonomy":"product_tag","embeddable":true,"href":"https:\/\/www.selfprotein.com\/fi\/wp-json\/wp\/v2\/product_tag?post=6997"}],"curies":[{"name":"wp","href":"https:\/\/api.w.org\/{rel}","templated":true}]}}