{"id":7043,"date":"2024-07-05T11:54:35","date_gmt":"2024-07-05T09:54:35","guid":{"rendered":"https:\/\/www.selfprotein.com\/?post_type=product&#038;p=7043"},"modified":"2026-05-01T00:24:24","modified_gmt":"2026-04-30T22:24:24","slug":"slimshaker","status":"publish","type":"product","link":"https:\/\/www.selfprotein.com\/fi\/tuote\/slimshaker\/","title":{"rendered":"SlimShaker"},"content":{"rendered":"<p><strong>SlimShaker<\/strong><\/p>\n<p>400 ml:n slimshaker on suunniteltu tarjoamaan k\u00e4yt\u00e4nn\u00f6llisyytt\u00e4 ja toiminnallisuutta, joten se on t\u00e4ydellinen lis\u00e4varuste ravitsevien juomien valmistamiseen miss\u00e4 ikin\u00e4 oletkin. T\u00e4ydellinen urheilijoille, opiskelijoille ja liikkeell\u00e4 oleville ammattilaisille!<\/p>\n<p><strong>T\u00e4rkeimm\u00e4t ominaisuudet:<\/strong><\/p>\n<ul>\n<li>Tilavuus: 400 ml - ihanteellinen koko pienikokoisille juomille ennen ja j\u00e4lkeen treenin.<\/li>\n<li>Korkealaatuinen materiaali: Valmistettu kest\u00e4v\u00e4st\u00e4, BPA-vapaasta muovista, joka takaa turvallisuuden ja kest\u00e4vyyden.<\/li>\n<li>Sekoitusverkko: Mukana on verkko, joka takaa tasaiset, kokkareettomat juomat.<\/li>\n<li>Jauhe- tai pillerilokero: Varustettu k\u00e4tev\u00e4ll\u00e4 integroidulla lokerolla jauheiden tai pillereiden kuljettamista varten, mik\u00e4 helpottaa juomien valmistamista.<\/li>\n<li>Mitta-asteikko: Helppo ja tarkka mittaaminen ravistimen kyljess\u00e4 olevan painetun asteikon avulla.<\/li>\n<li>Helppo puhdistaa: Helppo ja perusteellinen puhdistus astianpesukoneessa.<\/li>\n<li>Kompakti muotoilu: Helppo kuljettaa, t\u00e4ydellinen k\u00e4ytett\u00e4v\u00e4ksi kuntosalilla, t\u00f6iss\u00e4 tai liikkeell\u00e4.<\/li>\n<\/ul>\n<p>&nbsp;<\/p>\n<p><strong>Kuinka k\u00e4ytt\u00e4\u00e4:<\/strong><\/p>\n<ol>\n<li>Lis\u00e4\u00e4 ainesosat: Kaada vett\u00e4, maitoa tai suosikkijuomasi haluttuun mittaviivaan asti.<\/li>\n<li>Lis\u00e4\u00e4 jauhe tai sekoitus: Aseta proteiinijauhe, lis\u00e4ravinteet tai muut ainesosat niille varattuun lokeroon tai suoraan ravistimeen.<\/li>\n<li>Sekoita: Kierr\u00e4 kansi tiukasti kiinni ja ravista voimakkaasti noin 30 sekunnin ajan. Sekoitusverkko auttaa poistamaan kokkareet.<\/li>\n<li>Nauti juomastasi: Avaa nokka ja nauti t\u00e4ydellisesti valmistetusta smoothiesta tai lis\u00e4ravinteesta.<\/li>\n<\/ol>\n<p>&nbsp;<\/p>\n<p><strong>Hoito-ohjeet:<\/strong><\/p>\n<ul>\n<li>Pese ennen ensimm\u00e4ist\u00e4 k\u00e4ytt\u00f6kertaa.<\/li>\n<li>Pese jokaisen k\u00e4yt\u00f6n j\u00e4lkeen l\u00e4mpim\u00e4ll\u00e4 saippuavedell\u00e4 tai astianpesukoneessa.<\/li>\n<li>S\u00e4ilyt\u00e4 ravistin kuivana ja hyvin tuuletettuna.<\/li>\n<\/ul>\n<p>&nbsp;<\/p>\n<p><strong>Ilmoitus:<\/strong><\/p>\n<ul>\n<li>\u00c4l\u00e4 k\u00e4yt\u00e4 kuumien nesteiden kanssa.<\/li>\n<li>Ei sovellu mikroaaltouuniin eik\u00e4 pakastimeen.<\/li>\n<li>S\u00e4ilytett\u00e4v\u00e4 alle 3-vuotiaiden lasten ulottumattomissa.<\/li>\n<\/ul>","protected":false},"excerpt":{"rendered":"<p>SlimShaker 400 ml:n slimshaker on suunniteltu tarjoamaan k\u00e4yt\u00e4nn\u00f6llisyytt\u00e4 ja toiminnallisuutta, joten se on t\u00e4ydellinen lis\u00e4varuste ravitsevien juomien valmistamiseen miss\u00e4 tahansa oletkin. T\u00e4ydellinen urheilijoille, opiskelijoille ja liikkeell\u00e4 oleville ammattilaisille! Keskeiset ominaisuudet: Kapasiteetti: 400ml - ihanteellinen koko kompakteihin ennen ja j\u00e4lkeen treenin juomiin. Korkealaatuinen materiaali: Valmistettu kest\u00e4v\u00e4st\u00e4, BPA-vapaasta muovista, joka takaa turvallisuuden [...]<\/p>","protected":false},"featured_media":7105,"template":"","meta":[],"product_cat":[219],"product_tag":[114],"class_list":{"0":"post-7043","1":"product","2":"type-product","3":"status-publish","4":"has-post-thumbnail","6":"product_cat-accessories","7":"product_tag-accessories","9":"first","10":"outofstock","11":"taxable","12":"shipping-taxable","13":"purchasable","14":"product-type-simple"},"aioseo_notices":[],"_links":{"self":[{"href":"https:\/\/www.selfprotein.com\/fi\/wp-json\/wp\/v2\/product\/7043"}],"collection":[{"href":"https:\/\/www.selfprotein.com\/fi\/wp-json\/wp\/v2\/product"}],"about":[{"href":"https:\/\/www.selfprotein.com\/fi\/wp-json\/wp\/v2\/types\/product"}],"wp:featuredmedia":[{"embeddable":true,"href":"https:\/\/www.selfprotein.com\/fi\/wp-json\/wp\/v2\/media\/7105"}],"wp:attachment":[{"href":"https:\/\/www.selfprotein.com\/fi\/wp-json\/wp\/v2\/media?parent=7043"}],"wp:term":[{"taxonomy":"product_cat","embeddable":true,"href":"https:\/\/www.selfprotein.com\/fi\/wp-json\/wp\/v2\/product_cat?post=7043"},{"taxonomy":"product_tag","embeddable":true,"href":"https:\/\/www.selfprotein.com\/fi\/wp-json\/wp\/v2\/product_tag?post=7043"}],"curies":[{"name":"wp","href":"https:\/\/api.w.org\/{rel}","templated":true}]}}