{"id":717,"date":"2023-11-27T13:32:01","date_gmt":"2023-11-27T12:32:01","guid":{"rendered":"https:\/\/34.88.231.180\/product\/joint-cartilage\/"},"modified":"2026-05-01T00:23:54","modified_gmt":"2026-04-30T22:23:54","slug":"joint-cartilage","status":"publish","type":"product","link":"https:\/\/www.selfprotein.com\/fi\/tuote\/joint-cartilage\/","title":{"rendered":"Joint Cartilage"},"content":{"rendered":"<p style=\"text-align: left;\" align=\"center\"><strong><span lang=\"en-US\">Joint Cartilage<\/span><\/strong><\/p>\n<p><span lang=\"en-US\">Nivelrusto -lis\u00e4ainekompleksi koostuu MSM:n (metyylisulfonyylimetaani), C-vitamiinin, avokadon, kollageenin, kondroitiinisulfaatin ja boswellia serratan yhdistelm\u00e4st\u00e4, joka on suunniteltu parantamaan nivelten terveytt\u00e4 ja v\u00e4hent\u00e4m\u00e4\u00e4n tulehduksia.<\/span><\/p>\n<p><span lang=\"en-US\">Nivelrusto tarjoaa kokonaisvaltaisen ratkaisun nivelten terveyteen, sill\u00e4 se tarjoaa synergistisen yhdistelm\u00e4n ravintoaineita ja yhdisteit\u00e4, jotka yhdess\u00e4 v\u00e4hent\u00e4v\u00e4t tulehdusta, parantavat joustavuutta ja lievitt\u00e4v\u00e4t nivelkipuja.<\/span><\/p>\n<p><span lang=\"en-US\">Seuraavassa on kunkin komponentin edut:<\/span><\/p>\n<ul>\n<li><strong><span lang=\"en-US\">MSM (metyylisulfonyylimetaani):<\/span><\/strong><span lang=\"en-US\"> MSM on rikkiyhdiste, jolla on osoitettu olevan tulehdusta ehk\u00e4isevi\u00e4 vaikutuksia, jotka v\u00e4hent\u00e4v\u00e4t nivelkipua ja j\u00e4ykkyytt\u00e4.<\/span><\/li>\n<li><strong><span lang=\"en-US\">C-vitamiini:<\/span><\/strong><span lang=\"en-US\"> T\u00e4m\u00e4 antioksidantti tukee kollageenisynteesi\u00e4, joka on v\u00e4ltt\u00e4m\u00e4t\u00f6nt\u00e4 nivelten terveydelle, ja v\u00e4hent\u00e4\u00e4 tulehdusta ja hapetusstressi\u00e4.<\/span><\/li>\n<li><strong><span lang=\"en-US\">Avokado:<\/span><\/strong><span lang=\"en-US\"> Avokado sis\u00e4lt\u00e4\u00e4 terveellisi\u00e4 rasvoja, kuituja, vitamiineja ja kivenn\u00e4isaineita, ja se sis\u00e4lt\u00e4\u00e4 my\u00f6s tulehdusta ehk\u00e4isevi\u00e4 yhdisteit\u00e4, jotka voivat v\u00e4hent\u00e4\u00e4 nivelkipuja ja j\u00e4ykkyytt\u00e4.<\/span><\/li>\n<li><strong><span lang=\"en-US\">Kollageeni:<\/span><\/strong><span lang=\"en-US\"> T\u00e4m\u00e4 rakenneproteiini on ratkaisevan t\u00e4rke\u00e4 nivelten terveyden kannalta, sill\u00e4 se tarjoaa tukea ja pehmustusta. Kollageenilis\u00e4t voivat v\u00e4hent\u00e4\u00e4 kipua ja j\u00e4ykkyytt\u00e4 erityisesti nivelrikkoa sairastavilla.<\/span><\/li>\n<li><strong><span lang=\"en-US\">Kondroitiinisulfaatti:<\/span><\/strong><span lang=\"en-US\"> T\u00e4t\u00e4 glykosaminoglykaania esiintyy luonnostaan rustossa, ja se tukee nivelkudoksen korjaamista ja yll\u00e4pitoa, mik\u00e4 v\u00e4hent\u00e4\u00e4 kipua ja j\u00e4ykkyytt\u00e4.<\/span><\/li>\n<li><strong><span lang=\"en-US\">Boswellia Serrata:<\/span><\/strong><span lang=\"en-US\"> T\u00e4ll\u00e4 kasviuutteella on voimakkaita tulehdusta ehk\u00e4isevi\u00e4 vaikutuksia, jotka auttavat v\u00e4hent\u00e4m\u00e4\u00e4n nivelkipua ja j\u00e4ykkyytt\u00e4, ja sit\u00e4 on k\u00e4ytetty perinteisess\u00e4 l\u00e4\u00e4ketieteess\u00e4 tulehdustilojen hoitoon.<\/span><\/li>\n<\/ul>\n<p>&nbsp;<\/p>\n<p><strong><span lang=\"en-US\">Suositeltu k\u00e4ytt\u00f6<\/span><\/strong><\/p>\n<p><span lang=\"en-US\">Ota 3 kapselia p\u00e4iv\u00e4n aikana.<\/span><\/p>\n<p><b>Ilmoitus:<\/b><\/p>\n<ul>\n<li>Vain aikuisille, eik\u00e4 se korvaa monipuolista, tasapainoista ruokavaliota ja terveellisi\u00e4 el\u00e4m\u00e4ntapoja.<\/li>\n<li>\u00c4l\u00e4 ylit\u00e4 suositeltua annosta.<\/li>\n<li>\u00c4l\u00e4 k\u00e4yt\u00e4 sit\u00e4 imetyksen tai raskauden aikana neuvottelematta l\u00e4\u00e4k\u00e4rin kanssa.<\/li>\n<li>S\u00e4ilyt\u00e4 tuote viile\u00e4ss\u00e4, kuivassa paikassa hyvin suljetussa pakkauksessa alle 3-vuotiaiden lasten ulottumattomissa.<\/li>\n<li>Saattaa sis\u00e4lt\u00e4\u00e4 pieni\u00e4 m\u00e4\u00e4ri\u00e4 kananmunaa, soijaa, kauraa, maitoa.<\/li>\n<li>Laktoositon ja Gluteeniton.<\/li>\n<\/ul>","protected":false},"excerpt":{"rendered":"<details>\n<summary>Ainesosat<\/summary>\n<table style=\"text-align: center;\">\n<tbody>\n<tr>\n<th>Ainesosat<\/th>\n<th>per 3cps (%NRV)<\/th>\n<\/tr>\n<tr>\n<td>MSM (metyylisulfonymetaani)<\/td>\n<td>1200mg<\/td>\n<\/tr>\n<tr>\n<td>C-vitamiini (askorbiinihappo)<\/td>\n<td>240 (300%)<\/td>\n<\/tr>\n<tr>\n<td>Avokado-uute 20:1 (Persea Americana mill. fructus).<\/td>\n<td>195mg<\/td>\n<\/tr>\n<tr>\n<td>Tyypin II kollageeniuute (kollageeni ja rintarusto)<\/td>\n<td>195mg<\/td>\n<\/tr>\n<tr>\n<td>Kondroitiini (sulfaatti)<\/td>\n<td>195mg<\/td>\n<\/tr>\n<tr>\n<td>Boswellia serrata -uute resiina, purukumi (35% boswelliinihapot)<\/td>\n<td>195mg<\/td>\n<\/tr>\n<tr>\n<td>H.A. (hyaluronihappo)<\/td>\n<td>100mg<\/td>\n<\/tr>\n<tr>\n<td colspan=\"2\"><strong>Muut ainesosat: <\/strong>gelatiinikapseli (naudanliha), stabilointiaineet (E953, E470b, E551).<\/td>\n<\/tr>\n<tr>\n<td colspan=\"2\"><strong>*%NRV <\/strong>p\u00e4ivitt\u00e4inen ravintoaineiden viitearvo<\/td>\n<\/tr>\n<\/tbody>\n<\/table>\n<\/details>\n<p>&nbsp;<\/p>","protected":false},"featured_media":13888,"template":"","meta":[],"product_cat":[311,214],"product_tag":[317,258],"class_list":{"0":"post-717","1":"product","2":"type-product","3":"status-publish","4":"has-post-thumbnail","6":"product_cat-recovery-and-regeneration","7":"product_cat-vitamins-wellness","8":"product_tag-recovery-and-regeneration","9":"product_tag-vitamins-wellness","11":"first","12":"instock","13":"sale","14":"taxable","15":"shipping-taxable","16":"purchasable","17":"product-type-simple"},"aioseo_notices":[],"_links":{"self":[{"href":"https:\/\/www.selfprotein.com\/fi\/wp-json\/wp\/v2\/product\/717"}],"collection":[{"href":"https:\/\/www.selfprotein.com\/fi\/wp-json\/wp\/v2\/product"}],"about":[{"href":"https:\/\/www.selfprotein.com\/fi\/wp-json\/wp\/v2\/types\/product"}],"wp:featuredmedia":[{"embeddable":true,"href":"https:\/\/www.selfprotein.com\/fi\/wp-json\/wp\/v2\/media\/13888"}],"wp:attachment":[{"href":"https:\/\/www.selfprotein.com\/fi\/wp-json\/wp\/v2\/media?parent=717"}],"wp:term":[{"taxonomy":"product_cat","embeddable":true,"href":"https:\/\/www.selfprotein.com\/fi\/wp-json\/wp\/v2\/product_cat?post=717"},{"taxonomy":"product_tag","embeddable":true,"href":"https:\/\/www.selfprotein.com\/fi\/wp-json\/wp\/v2\/product_tag?post=717"}],"curies":[{"name":"wp","href":"https:\/\/api.w.org\/{rel}","templated":true}]}}