{"id":723,"date":"2023-11-27T13:42:11","date_gmt":"2023-11-27T12:42:11","guid":{"rendered":"https:\/\/34.88.231.180\/product\/real-glutamine\/"},"modified":"2026-05-01T00:23:57","modified_gmt":"2026-04-30T22:23:57","slug":"l-glutamine","status":"publish","type":"product","link":"https:\/\/www.selfprotein.com\/fi\/tuote\/l-glutamine\/","title":{"rendered":"L-Glutamine"},"content":{"rendered":"<p style=\"text-align: left;\" align=\"center\"><strong><span lang=\"en-US\">L-Glutamine<\/span><\/strong><\/p>\n<p><span lang=\"en-US\">Glutamiini on ravintolis\u00e4, joka sis\u00e4lt\u00e4\u00e4 ihmiskehossa luonnostaan esiintyv\u00e4\u00e4 aminohappoa, jota voidaan saada my\u00f6s ravinnonl\u00e4hteist\u00e4, kuten lihasta, kalasta ja maitotuotteista. Glutamiini luokitellaan ehdollisesti v\u00e4ltt\u00e4m\u00e4tt\u00f6m\u00e4ksi aminohapoksi, koska tietyiss\u00e4 tilanteissa, kuten voimakkaan liikunnan tai sairauden aikana, elimist\u00f6n tarve voi ylitt\u00e4\u00e4 luonnollisen tuotannon, jolloin lis\u00e4ravinteen k\u00e4ytt\u00f6 on v\u00e4ltt\u00e4m\u00e4t\u00f6nt\u00e4.<\/span><\/p>\n<p><span lang=\"en-US\">Glutamiinin edut:<\/span><\/p>\n<ul>\n<li><strong><span lang=\"en-US\">Nopeutettu elpyminen<\/span><\/strong><span lang=\"en-US\"><strong>:<\/strong> Glutamiini voi auttaa nopeuttamaan elpymist\u00e4 intensiivisen liikunnan j\u00e4lkeen tarjoamalla keholle lihasten korjaamiseen ja uudelleenrakentamiseen tarvittavia aminohappoja.<\/span><\/li>\n<li><strong><span lang=\"en-US\">Parempi lihasten kasvu:<\/span><\/strong><span lang=\"en-US\"> Glutamiinin sis\u00e4llytt\u00e4minen ruokavalioon voi edist\u00e4\u00e4 lihasten kasvua tarjoamalla lis\u00e4tukea proteiinisynteesille ja vaurioituneiden lihaskudosten korjaamiselle.<\/span><\/li>\n<li><strong><span lang=\"en-US\">Harjoituksen j\u00e4lkeisen lihaskivun v\u00e4hent\u00e4minen.<\/span><\/strong><span lang=\"en-US\"><strong>:<\/strong> Glutamiinijauhe voi auttaa v\u00e4hent\u00e4m\u00e4\u00e4n lihaskipua ja arkuutta voimakkaan liikunnan j\u00e4lkeen tukemalla lihasten korjaamista ja v\u00e4hent\u00e4m\u00e4ll\u00e4 tulehdusta.<\/span><\/li>\n<li><strong><span lang=\"en-US\">Tukee immuunij\u00e4rjestelm\u00e4\u00e4 ja ruoansulatuskanavaa.<\/span><\/strong><span lang=\"en-US\"><strong>:<\/strong> Glutamiinilla on t\u00e4rke\u00e4 rooli immuunij\u00e4rjestelm\u00e4n ja ruoansulatusj\u00e4rjestelm\u00e4n toiminnan tukemisessa, mik\u00e4 auttaa yll\u00e4pit\u00e4m\u00e4\u00e4n yleist\u00e4 terveytt\u00e4 ja vastustuskyky\u00e4 fyysisen stressin tai sairauden aikana.<\/span><\/li>\n<\/ul>\n<p><\/p>\n<p><strong><span lang=\"en-US\">Suositeltu k\u00e4ytt\u00f6<\/span><\/strong><\/p>\n<p><span lang=\"en-US\">1 annos suoraan harjoittelun j\u00e4lkeen tai p\u00e4iv\u00e4n aikana.<\/span>\n<\/p>\n<p><b>Ilmoitus:<\/b><\/p>\n<ul>\n<li>Vain aikuisille, eik\u00e4 se korvaa monipuolista, tasapainoista ruokavaliota ja terveellisi\u00e4 el\u00e4m\u00e4ntapoja.<\/li>\n<li>\u00c4l\u00e4 ylit\u00e4 suositeltua annosta.<\/li>\n<li>\u00c4l\u00e4 k\u00e4yt\u00e4 sit\u00e4 imetyksen tai raskauden aikana neuvottelematta l\u00e4\u00e4k\u00e4rin kanssa.<\/li>\n<li>S\u00e4ilyt\u00e4 tuote viile\u00e4ss\u00e4, kuivassa paikassa hyvin suljetussa pakkauksessa alle 3-vuotiaiden lasten ulottumattomissa.<\/li>\n<li>Saattaa sis\u00e4lt\u00e4\u00e4 pieni\u00e4 m\u00e4\u00e4ri\u00e4 maitoa, kauraa, kananmunaa ja soijaa.<\/li>\n<li>Laktoositon ja Gluteeniton.<\/li>\n<\/ul>","protected":false},"excerpt":{"rendered":"<p>L-Glutamiini Glutamiini on ravintolis\u00e4, joka sis\u00e4lt\u00e4\u00e4 ihmiskehossa luonnostaan esiintyv\u00e4\u00e4 aminohappoa, jota voidaan saada my\u00f6s ravinnonl\u00e4hteist\u00e4, kuten lihasta, kalasta ja maitotuotteista. Glutamiini luokitellaan ehdollisesti v\u00e4ltt\u00e4m\u00e4tt\u00f6m\u00e4ksi aminohapoksi, koska tietyiss\u00e4 tilanteissa, kuten voimakkaan fyysisen aktiivisuuden tai sairauden aikana, [...]<\/p>","protected":false},"featured_media":11994,"template":"","meta":[],"product_cat":[151,311],"product_tag":[161,317],"class_list":{"0":"post-723","1":"product","2":"type-product","3":"status-publish","4":"has-post-thumbnail","6":"product_cat-amino-acids-creatine","7":"product_cat-recovery-and-regeneration","8":"product_tag-amino-acids-creatine","9":"product_tag-recovery-and-regeneration","11":"first","12":"instock","13":"taxable","14":"shipping-taxable","15":"purchasable","16":"product-type-variable"},"aioseo_notices":[],"_links":{"self":[{"href":"https:\/\/www.selfprotein.com\/fi\/wp-json\/wp\/v2\/product\/723"}],"collection":[{"href":"https:\/\/www.selfprotein.com\/fi\/wp-json\/wp\/v2\/product"}],"about":[{"href":"https:\/\/www.selfprotein.com\/fi\/wp-json\/wp\/v2\/types\/product"}],"wp:featuredmedia":[{"embeddable":true,"href":"https:\/\/www.selfprotein.com\/fi\/wp-json\/wp\/v2\/media\/11994"}],"wp:attachment":[{"href":"https:\/\/www.selfprotein.com\/fi\/wp-json\/wp\/v2\/media?parent=723"}],"wp:term":[{"taxonomy":"product_cat","embeddable":true,"href":"https:\/\/www.selfprotein.com\/fi\/wp-json\/wp\/v2\/product_cat?post=723"},{"taxonomy":"product_tag","embeddable":true,"href":"https:\/\/www.selfprotein.com\/fi\/wp-json\/wp\/v2\/product_tag?post=723"}],"curies":[{"name":"wp","href":"https:\/\/api.w.org\/{rel}","templated":true}]}}