{"id":732,"date":"2023-11-27T13:42:29","date_gmt":"2023-11-27T12:42:29","guid":{"rendered":"https:\/\/34.88.231.180\/product\/light-legs\/"},"modified":"2026-04-01T00:00:21","modified_gmt":"2026-03-31T22:00:21","slug":"light-legs","status":"publish","type":"product","link":"https:\/\/www.selfprotein.com\/fi\/tuote\/light-legs\/","title":{"rendered":"Light Legs"},"content":{"rendered":"<p style=\"text-align: left;\" align=\"center\"><strong><span lang=\"en-US\">Light Legs<\/span><\/strong><\/p>\n<p><span lang=\"en-US\">Light Legs on kaliumilla rikastettu lis\u00e4ravinne, joka on kehitetty torjumaan jalkojen raskauden ja v\u00e4symyksen tunnetta ja joka on kohdennettu ratkaisu verenkierron parantamiseen ja jalkojen hyvinvoinnin edist\u00e4miseen. Sen kohdennettujen ainesosien yhdistelm\u00e4 toimii synergisesti puuttuakseen verenkiertoon ja jalkojen terveyteen liittyviin haasteisiin ja tarjoaa helpotusta niille, jotka k\u00e4rsiv\u00e4t eri tekij\u00f6ist\u00e4 johtuvista raskaista jaloista.<\/span><\/p>\n<p><span lang=\"en-US\">Kevyiden jalkojen edut:<\/span><\/p>\n<ul>\n<li><strong><span lang=\"en-US\">Verenkierron parantaminen jaloissa:<\/span><\/strong><span lang=\"en-US\"> Valitut ainesosat parantavat jalkojen verenkiertoa ja auttavat v\u00e4hent\u00e4m\u00e4\u00e4n raskauden ja v\u00e4symyksen tunnetta.<\/span><\/li>\n<li><strong><span lang=\"en-US\">Jalkojen raskauden ja turvotuksen tunteen v\u00e4heneminen.<\/span><\/strong><span lang=\"en-US\"><strong>:<\/strong> Flavonoidien, kuten diosmiinin ja hesperidiinin, ansiosta ravintolis\u00e4 auttaa v\u00e4hent\u00e4m\u00e4\u00e4n verisuonten l\u00e4p\u00e4isevyytt\u00e4 ja lievitt\u00e4m\u00e4\u00e4n jalkojen turvotuksen ja raskauden tunnetta.<\/span><\/li>\n<li><strong><span lang=\"en-US\">Verisuonten terveyden tukeminen:<\/span><\/strong><span lang=\"en-US\"> Ainesosat, kuten Centella Asiatica sek\u00e4 mustikan ja viiniryp\u00e4leiden siementen uutteet, edist\u00e4v\u00e4t verisuonten terveytt\u00e4 ja auttavat yll\u00e4pit\u00e4m\u00e4\u00e4n niiden eheytt\u00e4 ja toimivuutta.<\/span><\/li>\n<li><strong><span lang=\"en-US\">Elektrolyytti- ja vesitasapainon s\u00e4\u00e4tely kaliumin avulla:<\/span><\/strong><span lang=\"en-US\"> Kalium osallistuu vesitasapainon ja lihasten toiminnan s\u00e4\u00e4telyyn, tukee lihasten supistumista ja rentoutumista ja edist\u00e4\u00e4 jalkojen yleist\u00e4 hyvinvointia.<\/span><\/li>\n<li><strong><span lang=\"en-US\">Antioksidanttien tarjonta suojaa verisuonia hapettumisvaurioilta:<\/span><\/strong><span lang=\"en-US\"> C- ja E-vitamiinit sek\u00e4 muut lis\u00e4ravinteen sis\u00e4lt\u00e4m\u00e4t antioksidanttiyhdisteet auttavat suojaamaan verisuonia hapettumisvaurioilta ja s\u00e4ilytt\u00e4m\u00e4\u00e4n niiden terveyden ja toimivuuden.<\/span><\/li>\n<li><strong><span lang=\"en-US\">Mikroverenkierron parantaminen:<\/span><\/strong><span lang=\"en-US\"> B3-vitamiinin l\u00e4sn\u00e4olo parantaa mikroverenkiertoa, helpottaa veren virtausta pieniss\u00e4 verisuonissa, kuten kapillaareissa, ja varmistaa hapen ja ravinteiden tehokkaamman jakautumisen kudoksiin.<\/span><\/li>\n<\/ul>\n<p>&nbsp;<\/p>\n<p><strong><span lang=\"en-US\">Suositeltu k\u00e4ytt\u00f6<\/span><\/strong><\/p>\n<p><span lang=\"en-US\">Ota 3 kapselia p\u00e4iv\u00e4n aikana.<\/span><\/p>\n<p><b>Ilmoitus:<\/b><\/p>\n<ul>\n<li>Vain aikuisille, eik\u00e4 se korvaa monipuolista, tasapainoista ruokavaliota ja terveellisi\u00e4 el\u00e4m\u00e4ntapoja.<\/li>\n<li>\u00c4l\u00e4 ylit\u00e4 suositeltua annosta.<\/li>\n<li>\u00c4l\u00e4 k\u00e4yt\u00e4 sit\u00e4 imetyksen tai raskauden aikana neuvottelematta l\u00e4\u00e4k\u00e4rin kanssa.<\/li>\n<li>S\u00e4ilyt\u00e4 tuote viile\u00e4ss\u00e4, kuivassa paikassa hyvin suljetussa pakkauksessa alle 3-vuotiaiden lasten ulottumattomissa.<\/li>\n<li>Saattaa sis\u00e4lt\u00e4\u00e4 pieni\u00e4 m\u00e4\u00e4ri\u00e4 maitoa, kauraa, kananmunaa ja soijaa.<\/li>\n<li>Laktoositon ja Gluteeniton.<\/li>\n<\/ul>","protected":false},"excerpt":{"rendered":"<details>\n<summary>Ainesosat<\/summary>\n<table style=\"text-align: center;\">\n<tbody>\n<tr>\n<th>Ainesosat<\/th>\n<th>per 3cps<\/th>\n<th>%NRV*<\/th>\n<\/tr>\n<tr>\n<td>Kalium (kaliumkloridi)<\/td>\n<td>390mg<\/td>\n<td>20<\/td>\n<\/tr>\n<tr>\n<td>Mustikka (Vaccinum corymbosum (L) fructus)<\/td>\n<td>450mg<\/td>\n<td><\/td>\n<\/tr>\n<tr>\n<td>Diosmiini (Citrus aurantium-extrakt-fructuksesta)<\/td>\n<td>400mg<\/td>\n<td><\/td>\n<\/tr>\n<tr>\n<td>Gotu Kola (Centella Asiatica (L.) Urb e.s. folium)<\/td>\n<td>201mg<\/td>\n<td><\/td>\n<\/tr>\n<tr>\n<td>Viiniryp\u00e4leiden siemenet (Vitis vinifera, siemen)<\/td>\n<td>100mg<\/td>\n<td><\/td>\n<\/tr>\n<tr>\n<td>Hesperidiini (Citrus aurantium-extrakt-fructus)<\/td>\n<td>50mg<\/td>\n<td><\/td>\n<\/tr>\n<tr>\n<td>C-vitamiini (L-askorbiinihappo)<\/td>\n<td>80mg<\/td>\n<td>100<\/td>\n<\/tr>\n<tr>\n<td>E-vitamiini (D-alfa-tokoperoli)<\/td>\n<td>12mg<\/td>\n<td>100<\/td>\n<\/tr>\n<tr>\n<td>B3-vitamiini (nikotiiniamidi)<\/td>\n<td>16mg<\/td>\n<td>100<\/td>\n<\/tr>\n<tr>\n<td colspan=\"3\"><strong>Muut ainesosat: <\/strong>maltodekstriini, stabilointiaine (E470b), vegaaninen kapseli (E1204).<\/td>\n<\/tr>\n<tr>\n<td colspan=\"3\"><strong>*%NRV:<\/strong>ravitsemuksellinen viitearvo<\/td>\n<\/tr>\n<\/tbody>\n<\/table>\n<\/details>\n<p>&nbsp;<\/p>","protected":false},"featured_media":733,"template":"","meta":[],"product_cat":[312,214],"product_tag":[314,258],"class_list":{"0":"post-732","1":"product","2":"type-product","3":"status-publish","4":"has-post-thumbnail","6":"product_cat-health-and-wellness","7":"product_cat-vitamins-wellness","8":"product_tag-health-and-wellness","9":"product_tag-vitamins-wellness","11":"first","12":"instock","13":"taxable","14":"shipping-taxable","15":"purchasable","16":"product-type-simple"},"aioseo_notices":[],"_links":{"self":[{"href":"https:\/\/www.selfprotein.com\/fi\/wp-json\/wp\/v2\/product\/732"}],"collection":[{"href":"https:\/\/www.selfprotein.com\/fi\/wp-json\/wp\/v2\/product"}],"about":[{"href":"https:\/\/www.selfprotein.com\/fi\/wp-json\/wp\/v2\/types\/product"}],"wp:featuredmedia":[{"embeddable":true,"href":"https:\/\/www.selfprotein.com\/fi\/wp-json\/wp\/v2\/media\/733"}],"wp:attachment":[{"href":"https:\/\/www.selfprotein.com\/fi\/wp-json\/wp\/v2\/media?parent=732"}],"wp:term":[{"taxonomy":"product_cat","embeddable":true,"href":"https:\/\/www.selfprotein.com\/fi\/wp-json\/wp\/v2\/product_cat?post=732"},{"taxonomy":"product_tag","embeddable":true,"href":"https:\/\/www.selfprotein.com\/fi\/wp-json\/wp\/v2\/product_tag?post=732"}],"curies":[{"name":"wp","href":"https:\/\/api.w.org\/{rel}","templated":true}]}}