{"id":735,"date":"2023-11-27T13:42:33","date_gmt":"2023-11-27T12:42:33","guid":{"rendered":"https:\/\/34.88.231.180\/product\/lipofit-advance\/"},"modified":"2026-05-01T00:23:54","modified_gmt":"2026-04-30T22:23:54","slug":"lipofit-advance","status":"publish","type":"product","link":"https:\/\/www.selfprotein.com\/fi\/tuote\/lipofit-advance\/","title":{"rendered":"Lipofit Advance"},"content":{"rendered":"<p style=\"text-align: left;\" align=\"center\"><strong><span lang=\"en-US\">Lipofit Advanced<\/span><\/strong><\/p>\n<p><span lang=\"en-US\">Lipofit Advanced on ravintolis\u00e4valmiste, joka sis\u00e4lt\u00e4\u00e4 useita ravintoaineita, joiden tarkoituksena on tukea yleist\u00e4 terveytt\u00e4 ja hyvinvointia. Jokainen n\u00e4ist\u00e4 ainesosista on tutkittu mahdollisten terveyshy\u00f6tyjens\u00e4 vuoksi, ja ne tarjoavat monipuolista tukea kehon ja mielen eri osa-alueille.<\/span><\/p>\n<p><span lang=\"en-US\">Lipofit Advancedin edut:<\/span><\/p>\n<ul>\n<li><strong><span lang=\"en-US\">CLA (konjugoitu linolihappo):<\/span><\/strong><span lang=\"en-US\"> CLA:n tiedet\u00e4\u00e4n tukevan painonpudotusta ja parantavan kehon koostumusta, ja joidenkin tutkimusten mukaan se v\u00e4hent\u00e4\u00e4 kehon rasvaa ja lis\u00e4\u00e4 v\u00e4h\u00e4rasvaista massaa.<\/span><\/li>\n<li><strong><span lang=\"en-US\">Wakame: <\/span><\/strong><span lang=\"en-US\">Jodia ja muita ravintoaineita runsaasti sis\u00e4lt\u00e4v\u00e4n wakame-lev\u00e4n lis\u00e4\u00e4minen voi edist\u00e4\u00e4 kilpirauhasen terveytt\u00e4 ja mahdollisesti tukea syd\u00e4n- ja verisuoniterveytt\u00e4 ja laihtumista.<\/span><\/li>\n<li><strong><span lang=\"en-US\">Natriumhyaluronaatti:<\/span><\/strong><span lang=\"en-US\"> T\u00e4m\u00e4 ravintolis\u00e4 on t\u00e4rke\u00e4 nivelten ja ihon terveyden yll\u00e4pit\u00e4miseksi, ja joissakin tutkimuksissa on havaittu, ett\u00e4 nivelkipu on v\u00e4hentynyt, ihon kosteus ja kimmoisuus ovat parantuneet ja nivelkipu on v\u00e4hentynyt.<\/span><\/li>\n<li><strong><span lang=\"en-US\">C-vitamiini:<\/span><\/strong><span lang=\"en-US\"> C-vitamiini on elint\u00e4rke\u00e4 immuunij\u00e4rjestelm\u00e4lle, ihon terveydelle ja haavojen paranemiselle sek\u00e4 toimii antioksidanttina, joka suojaa elimist\u00f6\u00e4 hapettumisstressilt\u00e4.<\/span><\/li>\n<li><strong><span lang=\"en-US\">Acai:<\/span><\/strong><span lang=\"en-US\"> Acai on tunnettu korkeasta antioksidanttipitoisuudestaan, ja sill\u00e4 on potentiaalisia hy\u00f6tyj\u00e4 tulehduksen v\u00e4hent\u00e4misess\u00e4, kolesterolitasojen parantamisessa ja painonpudotuksen tukemisessa.<\/span><\/li>\n<li><strong><span lang=\"en-US\">B3-vitamiini (niasiini):<\/span><\/strong><span lang=\"en-US\"> Niasiini on v\u00e4ltt\u00e4m\u00e4t\u00f6n energiantuotannolle, hermoston terveydelle ja ihon terveydelle, ja se voi my\u00f6s auttaa parantamaan kolesterolitasoja ja v\u00e4hent\u00e4m\u00e4\u00e4n syd\u00e4n- ja verisuoniriski\u00e4.<\/span><\/li>\n<li><strong><span lang=\"en-US\">Biotiini<\/span><\/strong><span lang=\"en-US\"><strong>:<\/strong> T\u00e4m\u00e4 B-vitamiini on t\u00e4rke\u00e4 hiusten, ihon ja kynsien terveydelle, ja se tukee olennaisesti kauneutta ja elinvoimaa.<\/span><\/li>\n<\/ul>\n<p>&nbsp;<\/p>\n<p><strong><span lang=\"en-US\">Suositeltu k\u00e4ytt\u00f6<\/span><\/strong><\/p>\n<p><span lang=\"en-US\">Enint\u00e4\u00e4n 3 kapselia p\u00e4iv\u00e4ss\u00e4.<\/span><\/p>\n<p><b>Ilmoitus:<\/b><\/p>\n<ul>\n<li>Vain aikuisille, eik\u00e4 se korvaa monipuolista, tasapainoista ruokavaliota ja terveellisi\u00e4 el\u00e4m\u00e4ntapoja.<\/li>\n<li>\u00c4l\u00e4 ylit\u00e4 suositeltua annosta.<\/li>\n<li>\u00c4l\u00e4 k\u00e4yt\u00e4 sit\u00e4 imetyksen tai raskauden aikana neuvottelematta l\u00e4\u00e4k\u00e4rin kanssa.<\/li>\n<li>S\u00e4ilyt\u00e4 tuote viile\u00e4ss\u00e4, kuivassa paikassa hyvin suljetussa pakkauksessa alle 3-vuotiaiden lasten ulottumattomissa.<\/li>\n<li>Saattaa sis\u00e4lt\u00e4\u00e4 pieni\u00e4 m\u00e4\u00e4ri\u00e4 maitoa, kauraa, kananmunaa ja soijaa.<\/li>\n<li>Laktoositon ja Gluteeniton.<\/li>\n<\/ul>","protected":false},"excerpt":{"rendered":"<details>\n<summary>Ainesosat<\/summary>\n<table style=\"text-align: center;\">\n<tbody>\n<tr>\n<th>Ainesosat<\/th>\n<th>per 3cps<\/th>\n<th>%NRV*<\/th>\n<\/tr>\n<tr>\n<td>Konjugoitu linolihappo<\/td>\n<td>300mg<\/td>\n<td><\/td>\n<\/tr>\n<tr>\n<td>Wakame e.s (30% Fukoksantiini) (Undaria pinnatifida, talli)<\/td>\n<td>150mg<\/td>\n<td><\/td>\n<\/tr>\n<tr>\n<td>Natriumhyaluronaatti<\/td>\n<td>150mg<\/td>\n<td><\/td>\n<\/tr>\n<tr>\n<td>C-vitamiini (L-askorbiinihappo)<\/td>\n<td>120mg<\/td>\n<td>150<\/td>\n<\/tr>\n<tr>\n<td>Acai (Euterpe olaracea Mart. fructus) e.s.<\/td>\n<td>60mg<\/td>\n<td><\/td>\n<\/tr>\n<tr>\n<td>B3-vitamiini (nikotiinihappo)<\/td>\n<td>10mg<\/td>\n<td>63<\/td>\n<\/tr>\n<tr>\n<td>Biotiini (D-Biotiini)<\/td>\n<td>450\u03bcg<\/td>\n<td>900<\/td>\n<\/tr>\n<tr>\n<td colspan=\"3\"><strong>Muut ainesosat: <\/strong>stabilointiaineet (E470b, E551), vegaaninen kapseli (E1204).<\/td>\n<\/tr>\n<tr>\n<td colspan=\"3\"><strong>*%NRV <\/strong>ravitsemuksellinen viitearvo<\/td>\n<\/tr>\n<\/tbody>\n<\/table>\n<\/details>\n<p>&nbsp;<\/p>","protected":false},"featured_media":736,"template":"","meta":[],"product_cat":[155,309],"product_tag":[163,319],"class_list":{"0":"post-735","1":"product","2":"type-product","3":"status-publish","4":"has-post-thumbnail","6":"product_cat-weight-control-metabolism","7":"product_cat-weight-management-and-definition","8":"product_tag-weight-control-metabolism","9":"product_tag-weight-management-and-definition","11":"first","12":"instock","13":"sale","14":"taxable","15":"shipping-taxable","16":"purchasable","17":"product-type-simple"},"aioseo_notices":[],"_links":{"self":[{"href":"https:\/\/www.selfprotein.com\/fi\/wp-json\/wp\/v2\/product\/735"}],"collection":[{"href":"https:\/\/www.selfprotein.com\/fi\/wp-json\/wp\/v2\/product"}],"about":[{"href":"https:\/\/www.selfprotein.com\/fi\/wp-json\/wp\/v2\/types\/product"}],"wp:featuredmedia":[{"embeddable":true,"href":"https:\/\/www.selfprotein.com\/fi\/wp-json\/wp\/v2\/media\/736"}],"wp:attachment":[{"href":"https:\/\/www.selfprotein.com\/fi\/wp-json\/wp\/v2\/media?parent=735"}],"wp:term":[{"taxonomy":"product_cat","embeddable":true,"href":"https:\/\/www.selfprotein.com\/fi\/wp-json\/wp\/v2\/product_cat?post=735"},{"taxonomy":"product_tag","embeddable":true,"href":"https:\/\/www.selfprotein.com\/fi\/wp-json\/wp\/v2\/product_tag?post=735"}],"curies":[{"name":"wp","href":"https:\/\/api.w.org\/{rel}","templated":true}]}}