{"id":741,"date":"2023-11-27T13:42:41","date_gmt":"2023-11-27T12:42:41","guid":{"rendered":"https:\/\/34.88.231.180\/product\/magnesium\/"},"modified":"2026-05-01T00:23:57","modified_gmt":"2026-04-30T22:23:57","slug":"magnesium","status":"publish","type":"product","link":"https:\/\/www.selfprotein.com\/fi\/tuote\/magnesium\/","title":{"rendered":"Magnesium"},"content":{"rendered":"<p style=\"text-align: left\" align=\"center\"><strong><span lang=\"en-US\">Magnesiumjauhe<\/span><\/strong><\/p>\n<p><span lang=\"en-US\">Magnesiumilla on ratkaiseva merkitys urheilussa, sill\u00e4 se osallistuu useisiin urheilusuorituksen kannalta olennaisiin biologisiin prosesseihin. T\u00e4m\u00e4 mineraali on avainasemassa energiantuotannossa, lihasten toiminnassa, elektrolyyttitasapainossa ja luuston terveydess\u00e4, ja se vaikuttaa suoraan urheilijoiden kest\u00e4vyyteen, voimaan ja lihasten joustavuuteen.<\/span><\/p>\n<p><span lang=\"en-US\">Magnesiumjauheen edut:<\/span><\/p>\n<ul>\n<li><strong><span lang=\"en-US\">Energiantuotanto:<\/span><\/strong><\/li>\n<\/ul>\n<p><span lang=\"en-US\">- Magnesium on v\u00e4ltt\u00e4m\u00e4t\u00f6nt\u00e4 ATP:n tuotannolle, joka on lihassupistuksen ensisijainen energianl\u00e4hde.<\/span><br \/>\n<span lang=\"en-US\">- Riitt\u00e4v\u00e4 magnesiumpitoisuus on ratkaisevan t\u00e4rke\u00e4\u00e4 v\u00e4symyksen ehk\u00e4isemiseksi ja riitt\u00e4v\u00e4n kest\u00e4vyyden varmistamiseksi liikunnan aikana.<\/span><\/p>\n<ul>\n<li><strong><span lang=\"en-US\">Lihasten toiminta:<\/span><\/strong><\/li>\n<\/ul>\n<p><span lang=\"en-US\">- Se edist\u00e4\u00e4 lihassupistusten ja -rentoutumisen s\u00e4\u00e4tely\u00e4, mik\u00e4 on v\u00e4ltt\u00e4m\u00e4t\u00f6nt\u00e4 lihasvoiman ja -jouston yll\u00e4pit\u00e4miseksi.<\/span><br \/>\n<span lang=\"en-US\">- Magnesium voi auttaa urheilijoita parantamaan suorituskyky\u00e4\u00e4n ja ehk\u00e4isem\u00e4\u00e4n lihasvammoja.<\/span><\/p>\n<ul>\n<li><strong><span lang=\"en-US\">Elektrolyyttitasapaino:<\/span><\/strong><\/li>\n<\/ul>\n<p><span lang=\"en-US\">- Magnesium toimii elektrolyyttin\u00e4 ja tukee nesteiden ja kivenn\u00e4isaineiden tasapainon yll\u00e4pit\u00e4mist\u00e4 elimist\u00f6ss\u00e4.<\/span><br \/>\n<span lang=\"en-US\">- Se on erityisen t\u00e4rke\u00e4\u00e4 urheilijoille, jotka menett\u00e4v\u00e4t nesteit\u00e4 ja elektrolyyttej\u00e4 hikoilemalla harjoituksen aikana, mik\u00e4 auttaa ehk\u00e4isem\u00e4\u00e4n nestehukkaa ja elektrolyyttitasapainon h\u00e4iri\u00f6it\u00e4.<\/span><\/p>\n<ul>\n<li><strong><span lang=\"en-US\">Luun terveys:<\/span><\/strong><\/li>\n<\/ul>\n<p><span lang=\"en-US\">- Magnesium on elint\u00e4rke\u00e4\u00e4 luuston ja hampaiden terveydelle, mik\u00e4 v\u00e4hent\u00e4\u00e4 rasitusmurtumien ja muiden luuvammojen riski\u00e4 urheilijoilla.<\/span><br \/>\n<span lang=\"en-US\">- Optimaalisen magnesiumpitoisuuden yll\u00e4pit\u00e4minen voi auttaa varmistamaan luuston vankan ja joustavan rakenteen, joka on v\u00e4ltt\u00e4m\u00e4t\u00f6n intensiivisen ja pitk\u00e4aikaisen fyysisen aktiivisuuden tukemiseksi.<\/span><\/p>\n<p><strong><span lang=\"en-US\">Suositeltu k\u00e4ytt\u00f6<\/span><\/strong><\/p>\n<p><span lang=\"en-US\">1 annos p\u00e4iv\u00e4ss\u00e4.<\/span><\/p>\n<p><b>Ilmoitus:<\/b><\/p>\n<ul>\n<li>Vain aikuisille, eik\u00e4 se korvaa monipuolista, tasapainoista ruokavaliota ja terveellisi\u00e4 el\u00e4m\u00e4ntapoja.<\/li>\n<li>\u00c4l\u00e4 ylit\u00e4 suositeltua annosta.<\/li>\n<li>\u00c4l\u00e4 k\u00e4yt\u00e4 sit\u00e4 imetyksen tai raskauden aikana neuvottelematta l\u00e4\u00e4k\u00e4rin kanssa.<\/li>\n<li>S\u00e4ilyt\u00e4 tuote viile\u00e4ss\u00e4, kuivassa paikassa hyvin suljetussa pakkauksessa alle 3-vuotiaiden lasten ulottumattomissa.<\/li>\n<li>Saattaa sis\u00e4lt\u00e4\u00e4 pieni\u00e4 m\u00e4\u00e4ri\u00e4 maitoa, kauraa, kananmunaa ja soijaa.<\/li>\n<li>Laktoositon ja Gluteeniton.<\/li>\n<\/ul>","protected":false},"excerpt":{"rendered":"<p>Magnesiumjauhe Magnesiumilla on ratkaiseva rooli urheilussa, sill\u00e4 se on mukana useissa biologisissa perusprosesseissa, jotka vaikuttavat urheilusuoritukseen. T\u00e4m\u00e4 mineraali on avainasemassa energiantuotannossa, lihasten toiminnassa, elektrolyyttitasapainossa ja luuston terveydess\u00e4, mik\u00e4 vaikuttaa suoraan urheilijoiden kest\u00e4vyyteen, voimaan ja lihasten joustavuuteen. Magnesiumjauheen hy\u00f6dyt: Energiantuotanto: - Magnesium on v\u00e4ltt\u00e4m\u00e4t\u00f6n [...]<\/p>","protected":false},"featured_media":12757,"template":"","meta":[],"product_cat":[311,214],"product_tag":[317,258],"class_list":{"0":"post-741","1":"product","2":"type-product","3":"status-publish","4":"has-post-thumbnail","6":"product_cat-recovery-and-regeneration","7":"product_cat-vitamins-wellness","8":"product_tag-recovery-and-regeneration","9":"product_tag-vitamins-wellness","11":"first","12":"instock","13":"taxable","14":"shipping-taxable","15":"purchasable","16":"product-type-variable"},"aioseo_notices":[],"_links":{"self":[{"href":"https:\/\/www.selfprotein.com\/fi\/wp-json\/wp\/v2\/product\/741"}],"collection":[{"href":"https:\/\/www.selfprotein.com\/fi\/wp-json\/wp\/v2\/product"}],"about":[{"href":"https:\/\/www.selfprotein.com\/fi\/wp-json\/wp\/v2\/types\/product"}],"wp:featuredmedia":[{"embeddable":true,"href":"https:\/\/www.selfprotein.com\/fi\/wp-json\/wp\/v2\/media\/12757"}],"wp:attachment":[{"href":"https:\/\/www.selfprotein.com\/fi\/wp-json\/wp\/v2\/media?parent=741"}],"wp:term":[{"taxonomy":"product_cat","embeddable":true,"href":"https:\/\/www.selfprotein.com\/fi\/wp-json\/wp\/v2\/product_cat?post=741"},{"taxonomy":"product_tag","embeddable":true,"href":"https:\/\/www.selfprotein.com\/fi\/wp-json\/wp\/v2\/product_tag?post=741"}],"curies":[{"name":"wp","href":"https:\/\/api.w.org\/{rel}","templated":true}]}}