{"id":747,"date":"2023-11-27T13:42:58","date_gmt":"2023-11-27T12:42:58","guid":{"rendered":"https:\/\/34.88.231.180\/product\/maltodextrin\/"},"modified":"2026-05-01T00:23:57","modified_gmt":"2026-04-30T22:23:57","slug":"maltodextrin","status":"publish","type":"product","link":"https:\/\/www.selfprotein.com\/fi\/tuote\/maltodextrin\/","title":{"rendered":"Maltodextrin"},"content":{"rendered":"<p style=\"text-align: left;\" align=\"center\"><strong><span lang=\"en-US\">Maltodextrin<\/span><\/strong><\/p>\n<p><span lang=\"en-US\">Maltodekstriinit ovat laajalti k\u00e4ytettyj\u00e4 lis\u00e4ravinteita, jotka varmistavat nopean energiant\u00e4ydennyksen, koska ne koostuvat toisiinsa yhdistetyist\u00e4 yksinkertaisista sokereista, jotka mahdollistavat nopean assimilaation elimist\u00f6ss\u00e4. Ne ovat erityisen suosittuja urheilijoiden ja intensiivist\u00e4 liikuntaa harrastavien keskuudessa, sill\u00e4 ne tarjoavat useita keskeisi\u00e4 etuja:<\/span><\/p>\n<p><span lang=\"en-US\">Maltodekstriinien edut:<\/span><\/p>\n<ul>\n<li><strong><span lang=\"en-US\">Nopea energian t\u00e4ydennys:<\/span><\/strong><span lang=\"en-US\"> Maltodekstriinit tarjoavat v\u00e4litt\u00f6m\u00e4n energianl\u00e4hteen intensiivisen tai pitk\u00e4kestoisen liikunnan aikana, mik\u00e4 auttaa yll\u00e4pit\u00e4m\u00e4\u00e4n optimaalista suorituskyky\u00e4 ja ehk\u00e4isem\u00e4\u00e4n varhaista v\u00e4symist\u00e4.<\/span><\/li>\n<li><strong><span lang=\"en-US\">Tukee lihasten palautumista:<\/span><\/strong><span lang=\"en-US\"> Intensiivisen harjoittelun j\u00e4lkeen maltodekstriinivalmisteita voidaan k\u00e4ytt\u00e4\u00e4 proteiinien tai muiden ravintoaineiden ohella lihasten palautumisen edist\u00e4miseksi, sill\u00e4 ne auttavat t\u00e4ydent\u00e4m\u00e4\u00e4n tyhjentyneit\u00e4 glykogeenivarastoja ja edist\u00e4v\u00e4t kudosten uudelleenrakentamista.<\/span><\/li>\n<li><strong><span lang=\"en-US\">Lis\u00e4\u00e4ntynyt kalorien saanti:<\/span><\/strong><span lang=\"en-US\"> Maltodekstriinit ovat tehokas tapa lis\u00e4t\u00e4 p\u00e4ivitt\u00e4ist\u00e4 kalorien saantia, joten ne ovat hy\u00f6dyllisi\u00e4 niille, joilla on suuri energiantarve tai jotka haluavat lihoa terveellisesti ja hallitusti.<\/span><\/li>\n<li><strong><span lang=\"en-US\">Kulutuksen helppous:<\/span><\/strong><span lang=\"en-US\"> Maltodekstriinilis\u00e4t ovat saatavilla eri muodoissa, kuten jauheina ja juomina, ja ne voidaan helposti sis\u00e4llytt\u00e4\u00e4 p\u00e4ivitt\u00e4iseen ruokavalioon, mik\u00e4 mahdollistaa k\u00e4tev\u00e4n ja k\u00e4yt\u00e4nn\u00f6llisen kulutuksen.<\/span><\/li>\n<li><strong><span lang=\"en-US\">Monipuolinen k\u00e4ytt\u00f6:<\/span><\/strong><span lang=\"en-US\"> Maltodekstriinej\u00e4 voidaan nauttia yksin\u00e4\u00e4n tai yhdistettyn\u00e4 muihin ravintolisiin tai elintarvikkeisiin kunkin yksil\u00f6n erityistarpeiden mukaan, mik\u00e4 tarjoaa joustavuutta ravitsemukseen ja lis\u00e4ravinteisiin.<\/span><\/li>\n<\/ul>\n<p><\/p>\n<p><span lang=\"en-US\">Maltodekstriineist\u00e4 on tullut suosittu vaihtoehto urheilijoille ja aktiivisille henkil\u00f6ille, jotka haluavat maksimoida suorituskykyns\u00e4 ja edist\u00e4\u00e4 lihasten nopeaa uusiutumista, koska ne pystyv\u00e4t antamaan v\u00e4lit\u00f6nt\u00e4 energiaa ja tukemaan lihasten palautumista.<\/span><\/p>\n<p><strong><span lang=\"en-US\">Suositeltu k\u00e4ytt\u00f6<\/span><\/strong><\/p>\n<p><span lang=\"en-US\">1 annos ennen harjoituksia ja niiden aikana urheilusuorituksen tukemiseksi. Suoraan fyysisen aktiivisuuden j\u00e4lkeen lihasten glykogeenivarastojen palauttamiseksi.<\/span><\/p>\n<p><b>Ilmoitus:<\/b><\/p>\n<ul>\n<li>Vain aikuisille, eik\u00e4 se korvaa monipuolista, tasapainoista ruokavaliota ja terveellisi\u00e4 el\u00e4m\u00e4ntapoja.<\/li>\n<li>\u00c4l\u00e4 ylit\u00e4 suositeltua annosta.<\/li>\n<li>\u00c4l\u00e4 k\u00e4yt\u00e4 sit\u00e4 imetyksen tai raskauden aikana neuvottelematta l\u00e4\u00e4k\u00e4rin kanssa.<\/li>\n<li>S\u00e4ilyt\u00e4 tuote viile\u00e4ss\u00e4, kuivassa paikassa hyvin suljetussa pakkauksessa.<\/li>\n<li>Saattaa sis\u00e4lt\u00e4\u00e4 pieni\u00e4 m\u00e4\u00e4ri\u00e4 maitoa, kauraa, kananmunaa ja soijaa.<\/li>\n<li>Laktoositon ja Gluteeniton.<\/li>\n<\/ul>","protected":false},"excerpt":{"rendered":"<p>Maltodekstriini Maltodekstriini on laajalti k\u00e4ytetty lis\u00e4ravinne, joka takaa nopean energiant\u00e4ydennyksen, koska se koostuu toisiinsa yhdistetyist\u00e4 yksinkertaisista sokereista, jotka mahdollistavat nopean assimilaation elimist\u00f6ss\u00e4. Ne ovat erityisen suosittuja urheilijoiden ja intensiivist\u00e4 liikuntaa harrastavien keskuudessa, sill\u00e4 ne tarjoavat useita keskeisi\u00e4 etuja: Maltodekstriinien edut: Nopea energian t\u00e4ydennys: Maltodekstriinit [...]<\/p>","protected":false},"featured_media":6229,"template":"","meta":[],"product_cat":[310,217],"product_tag":[315,230],"class_list":{"0":"post-747","1":"product","2":"type-product","3":"status-publish","4":"has-post-thumbnail","6":"product_cat-performance-and-endurance","7":"product_cat-pre-workout-energy","8":"product_tag-performance-and-endurance","9":"product_tag-pre-workout-energy","11":"first","12":"instock","13":"taxable","14":"shipping-taxable","15":"purchasable","16":"product-type-variable"},"aioseo_notices":[],"_links":{"self":[{"href":"https:\/\/www.selfprotein.com\/fi\/wp-json\/wp\/v2\/product\/747"}],"collection":[{"href":"https:\/\/www.selfprotein.com\/fi\/wp-json\/wp\/v2\/product"}],"about":[{"href":"https:\/\/www.selfprotein.com\/fi\/wp-json\/wp\/v2\/types\/product"}],"wp:featuredmedia":[{"embeddable":true,"href":"https:\/\/www.selfprotein.com\/fi\/wp-json\/wp\/v2\/media\/6229"}],"wp:attachment":[{"href":"https:\/\/www.selfprotein.com\/fi\/wp-json\/wp\/v2\/media?parent=747"}],"wp:term":[{"taxonomy":"product_cat","embeddable":true,"href":"https:\/\/www.selfprotein.com\/fi\/wp-json\/wp\/v2\/product_cat?post=747"},{"taxonomy":"product_tag","embeddable":true,"href":"https:\/\/www.selfprotein.com\/fi\/wp-json\/wp\/v2\/product_tag?post=747"}],"curies":[{"name":"wp","href":"https:\/\/api.w.org\/{rel}","templated":true}]}}