{"id":753,"date":"2023-11-27T13:43:10","date_gmt":"2023-11-27T12:43:10","guid":{"rendered":"https:\/\/34.88.231.180\/product\/mass-active-gainer\/"},"modified":"2026-04-01T16:50:52","modified_gmt":"2026-04-01T14:50:52","slug":"mass-active-gainer","status":"publish","type":"product","link":"https:\/\/www.selfprotein.com\/fi\/tuote\/mass-active-gainer\/","title":{"rendered":"Mass Active Gainer"},"content":{"rendered":"<p style=\"text-align: left;\" align=\"center\"><strong><span lang=\"en-US\">Mass Active Gainer<\/span><\/strong><\/p>\n<p><span lang=\"en-US\">Mass Active Gainer on ravintolis\u00e4, joka on erityisesti suunniteltu tukemaan niit\u00e4, jotka kamppailevat painon tai lihasmassan kasvattamisesta. Proteiinien, hiilihydraattien, rasvojen, vitamiinien ja kivenn\u00e4isaineiden tasapainoisella yhdistelm\u00e4ll\u00e4 t\u00e4m\u00e4 tuote pyrkii tarjoamaan kattavaa tukea lihasten kasvulle ja palautumiselle. Sen heraproteiinista per\u00e4isin oleva proteiinipohja tarjoaa nopean imeytymisen edist\u00e4\u00e4kseen lihasproteiinisynteesi\u00e4.<\/span><\/p>\n<p><span lang=\"en-US\">Mass Active Gainerin edut:<\/span><\/p>\n<ul>\n<li><strong><span lang=\"en-US\">Laadukkaat proteiinit lihassynteesi\u00e4 varten:<\/span><\/strong><span lang=\"en-US\"> Heraproteiinin l\u00e4sn\u00e4olo edist\u00e4\u00e4 nopeaa lihasproteiinisynteesi\u00e4, mik\u00e4 edist\u00e4\u00e4 lihasten kasvua ja palautumista.<\/span><\/li>\n<li><strong><span lang=\"en-US\">Nopeasti sulavia hiilihydraatteja energiaa varten:<\/span><\/strong><span lang=\"en-US\"> Maltodekstriineist\u00e4 per\u00e4isin olevat hiilihydraatit takaavat nopean sulatuksen, t\u00e4ydent\u00e4v\u00e4t tehokkaasti glykogeenivarastoja ja antavat t\u00e4rke\u00e4\u00e4 energiaa intensiiviseen harjoitteluun.<\/span><\/li>\n<li><strong><span lang=\"en-US\">Ravintoaineiden optimaalinen tasapaino: <\/span><\/strong><span lang=\"en-US\">Mass Active Whey Gainer tarjoaa tasapainoisen yhdistelm\u00e4n proteiineja, hiilihydraatteja ja rasvoja, jotka tukevat kokonaisvaltaisesti terveellist\u00e4 painonnousua.<\/span><\/li>\n<li><strong><span lang=\"en-US\">V\u00e4ltt\u00e4m\u00e4tt\u00f6mien vitamiinien ja kivenn\u00e4isaineiden integrointi:<\/span><\/strong><span lang=\"en-US\"> Makroravintoaineiden lis\u00e4ksi t\u00e4m\u00e4 ravintolis\u00e4 sis\u00e4lt\u00e4\u00e4 C- ja E-vitamiineja, B-vitamiineja ja sinkki\u00e4, jotka edist\u00e4v\u00e4t yleist\u00e4 terveytt\u00e4 ja hyvinvointia.<\/span><\/li>\n<li><strong><span lang=\"en-US\">Tukee lihasten palautumista:<\/span><\/strong><span lang=\"en-US\"> T\u00e4rkeimpien ravintoaineiden l\u00e4sn\u00e4olo edist\u00e4\u00e4 lihasten palautumista harjoituksen j\u00e4lkeen, v\u00e4hent\u00e4\u00e4 v\u00e4symyksen riski\u00e4 ja parantaa kyky\u00e4 selviyty\u00e4 seuraavista harjoitusjaksoista.<\/span><\/li>\n<\/ul>\n<p>&nbsp;<\/p>\n<p><strong><span lang=\"en-US\">Suositeltu k\u00e4ytt\u00f6<\/span><\/strong><\/p>\n<p><span lang=\"en-US\">Yksi annos suoraan urheilusuorituksen j\u00e4lkeen tai 1-2 annosta p\u00e4iv\u00e4n aikana niille, jotka kamppailevat lihomisesta.<\/span><\/p>\n<p><b>Ilmoitus:<\/b><\/p>\n<ul>\n<li>Vain aikuisille, eik\u00e4 se korvaa monipuolista, tasapainoista ruokavaliota ja terveellisi\u00e4 el\u00e4m\u00e4ntapoja.<\/li>\n<li>\u00c4l\u00e4 ylit\u00e4 suositeltua annosta.<\/li>\n<li>\u00c4l\u00e4 k\u00e4yt\u00e4 sit\u00e4 imetyksen tai raskauden aikana neuvottelematta l\u00e4\u00e4k\u00e4rin kanssa.<\/li>\n<li>S\u00e4ilyt\u00e4 tuote viile\u00e4ss\u00e4, kuivassa paikassa hyvin suljetussa pakkauksessa alle 3-vuotiaiden lasten ulottumattomissa.<\/li>\n<li>Saattaa sis\u00e4lt\u00e4\u00e4 pieni\u00e4 m\u00e4\u00e4ri\u00e4 kauraa, kananmunaa ja soijaa.<\/li>\n<li>Gluteeniton.<\/li>\n<\/ul>","protected":false},"excerpt":{"rendered":"<p>Mass Active Gainer Mass Active Gainer on ravintolis\u00e4, joka on erityisesti suunniteltu tukemaan niit\u00e4, jotka kamppailevat painon tai lihasmassan kasvattamiseksi. Proteiinien, hiilihydraattien, rasvojen, vitamiinien ja kivenn\u00e4isaineiden tasapainoisella yhdistelm\u00e4ll\u00e4 t\u00e4m\u00e4 tuote pyrkii tarjoamaan kattavaa tukea lihasten kasvulle ja palautumiselle. Sen heraproteiinista per\u00e4isin oleva proteiinipohja tarjoaa nopean imeytymisen [...]<\/p>","protected":false},"featured_media":755,"template":"","meta":[],"product_cat":[154,308],"product_tag":[162,318],"class_list":{"0":"post-753","1":"product","2":"type-product","3":"status-publish","4":"has-post-thumbnail","6":"product_cat-gain-performance","7":"product_cat-strength-and-muscle-mass","8":"product_tag-gain-performance","9":"product_tag-strength-and-muscle-mass","11":"first","12":"instock","13":"taxable","14":"shipping-taxable","15":"purchasable","16":"product-type-variable"},"aioseo_notices":[],"_links":{"self":[{"href":"https:\/\/www.selfprotein.com\/fi\/wp-json\/wp\/v2\/product\/753"}],"collection":[{"href":"https:\/\/www.selfprotein.com\/fi\/wp-json\/wp\/v2\/product"}],"about":[{"href":"https:\/\/www.selfprotein.com\/fi\/wp-json\/wp\/v2\/types\/product"}],"wp:featuredmedia":[{"embeddable":true,"href":"https:\/\/www.selfprotein.com\/fi\/wp-json\/wp\/v2\/media\/755"}],"wp:attachment":[{"href":"https:\/\/www.selfprotein.com\/fi\/wp-json\/wp\/v2\/media?parent=753"}],"wp:term":[{"taxonomy":"product_cat","embeddable":true,"href":"https:\/\/www.selfprotein.com\/fi\/wp-json\/wp\/v2\/product_cat?post=753"},{"taxonomy":"product_tag","embeddable":true,"href":"https:\/\/www.selfprotein.com\/fi\/wp-json\/wp\/v2\/product_tag?post=753"}],"curies":[{"name":"wp","href":"https:\/\/api.w.org\/{rel}","templated":true}]}}