{"id":771,"date":"2023-11-27T13:44:03","date_gmt":"2023-11-27T12:44:03","guid":{"rendered":"https:\/\/34.88.231.180\/product\/mct-oil\/"},"modified":"2026-04-01T00:00:24","modified_gmt":"2026-03-31T22:00:24","slug":"mct-oil","status":"publish","type":"product","link":"https:\/\/www.selfprotein.com\/fi\/tuote\/mct-oil\/","title":{"rendered":"MCT Oil"},"content":{"rendered":"<p style=\"text-align: left;\" align=\"center\"><strong><span lang=\"en-US\">MCT Oil<\/span><\/strong><\/p>\n<p><span lang=\"en-US\">Keskipitk\u00e4ketjuisista triglyserideist\u00e4 (MCT) saatu MCT-\u00f6ljy on monipuolinen ja hy\u00f6dyllinen ruokavalio, jota voidaan k\u00e4ytt\u00e4\u00e4 moniin eri tarkoituksiin. MCT-\u00f6ljy\u00e4 saadaan p\u00e4\u00e4asiassa kookos\u00f6ljyst\u00e4 ja muista luonnollisista l\u00e4hteist\u00e4, ja se on tunnettu nopeasta aineenvaihdunnastaan elimist\u00f6ss\u00e4 ja kyvyst\u00e4\u00e4n antaa v\u00e4lit\u00f6nt\u00e4 energiaa, mik\u00e4 tekee siit\u00e4 arvokkaan lis\u00e4ravinteen monissa ruokavaliok\u00e4yt\u00e4nn\u00f6iss\u00e4 ja yleisen hyvinvoinnin kannalta.<\/span><\/p>\n<p><span lang=\"en-US\">MCT-\u00f6ljyn edut:<\/span><\/p>\n<ul>\n<li><strong><span lang=\"en-US\">Nopea aineenvaihdunta:<\/span><\/strong><\/li>\n<\/ul>\n<p><span lang=\"en-US\">- Keskipitk\u00e4ketjuisen rakenteensa ansiosta MCT:t metaboloituvat elimist\u00f6ss\u00e4 nopeasti, mik\u00e4 antaa v\u00e4litt\u00f6m\u00e4sti energiaa ja tukee aineenvaihduntaa.<\/span><\/p>\n<ul>\n<li><strong><span lang=\"en-US\">Ketogeenisen ruokavalion energianl\u00e4hde:<\/span><\/strong><\/li>\n<\/ul>\n<p><span lang=\"en-US\">- Ketogeenisess\u00e4 ruokavaliossa MCT-\u00f6ljy\u00e4 k\u00e4ytet\u00e4\u00e4n laajalti, sill\u00e4 keskipitk\u00e4ketjuiset triglyseridit muuttuvat nopeasti ketoneiksi, jotka toimivat elimist\u00f6n vaihtoehtoisena energianl\u00e4hteen\u00e4.<\/span><\/p>\n<ul>\n<li><strong><span lang=\"en-US\">Monipuolinen k\u00e4ytt\u00f6:<\/span><\/strong><\/li>\n<\/ul>\n<p><span lang=\"en-US\">- MCT-\u00f6ljy\u00e4 voidaan k\u00e4ytt\u00e4\u00e4 monin tavoin, kuten paisto\u00f6ljyn\u00e4 tai lis\u00e4t\u00e4 juomiin, kuten kahviin, smoothieihin ja teehen, energian lis\u00e4\u00e4miseksi ja kyll\u00e4isyyden lis\u00e4\u00e4miseksi.<\/span><\/p>\n<ul>\n<li><strong><span lang=\"en-US\">Painonhallinta:<\/span><\/strong><\/li>\n<\/ul>\n<p><span lang=\"en-US\">- MCT-\u00f6ljy voi edist\u00e4\u00e4 pitk\u00e4kestoista kyll\u00e4isyyden tunnetta, auttaa hallitsemaan ruokahalua ja tukee painonpudotusta, kun se sis\u00e4llytet\u00e4\u00e4n tasapainoiseen ruokavalioon.<\/span><\/p>\n<p><strong><span lang=\"en-US\">Suositeltu k\u00e4ytt\u00f6<\/span><\/strong><\/p>\n<p><span lang=\"en-US\">Yksi annos (15 ml) p\u00e4iv\u00e4ss\u00e4.<\/span><\/p>\n<p><b>Ilmoitus:<\/b><\/p>\n<ul>\n<li>\u00a0Vain aikuisille, eik\u00e4 se korvaa monipuolista, tasapainoista ruokavaliota ja terveellisi\u00e4 el\u00e4m\u00e4ntapoja.<\/li>\n<li>\u00a0\u00c4l\u00e4 ylit\u00e4 suositeltua annosta.<\/li>\n<li>\u00a0\u00c4l\u00e4 k\u00e4yt\u00e4 sit\u00e4 imetyksen tai raskauden aikana neuvottelematta l\u00e4\u00e4k\u00e4rin kanssa.<\/li>\n<li>\u00a0S\u00e4ilyt\u00e4 tuote viile\u00e4ss\u00e4, kuivassa paikassa hyvin suljetussa pakkauksessa.<\/li>\n<li>Laktoositon ja Gluteeniton.<\/li>\n<\/ul>","protected":false},"excerpt":{"rendered":"<details>\n<summary>Ravitsemukselliset tiedot<\/summary>\n<table style=\"text-align: center;\">\n<tbody>\n<tr>\n<th>Ravitsemukselliset tiedot<\/th>\n<th>100ML<\/th>\n<th>15ml<\/th>\n<\/tr>\n<tr>\n<td>Energia<\/td>\n<td>900kcal\/3762kj<\/td>\n<td>135kcal\/546kj<\/td>\n<\/tr>\n<tr>\n<td>Rasvat<\/td>\n<td>100g<\/td>\n<td>15g<\/td>\n<\/tr>\n<tr>\n<td>joista tyydyttyneit\u00e4<\/td>\n<td>100g<\/td>\n<td>15g<\/td>\n<\/tr>\n<tr>\n<td>Hiilihydraatit<\/td>\n<td>0g<\/td>\n<td>0g<\/td>\n<\/tr>\n<tr>\n<td>joista sokereita<\/td>\n<td>0g<\/td>\n<td>0g<\/td>\n<\/tr>\n<tr>\n<td>Protein<\/td>\n<td>0g<\/td>\n<td>0g<\/td>\n<\/tr>\n<tr>\n<td>Suola<\/td>\n<td>0g<\/td>\n<td>0g<\/td>\n<\/tr>\n<tr>\n<td>Rasvahappojakauma 100 grammaa kohti:<br \/>\nTyydyttyneit\u00e4 rasvahappoja yhteens\u00e4 (mct):100g<\/td>\n<td colspan=\"2\">joista kapryylihappoa (C8:0): 50-65g<br \/>\njosta kapriinihappoa (C10:0): 30-45g<br \/>\njoista kapronihappoa (C6:0): 2g<br \/>\njosta lauriinihappoa (C12:0): 2g<br \/>\njoista myristiinihappoa (C14:0): 1g<br \/>\njoista palmitiinihappoa (C16:0): 1g<\/td>\n<\/tr>\n<\/tbody>\n<\/table>\n<\/details>\n<p>&nbsp;<\/p>\n<details>\n<summary>Ainesosat<\/summary>\n<table style=\"text-align: center;\">\n<tbody>\n<tr>\n<td><strong>Ainesosat: <\/strong>100% kasvikookos\u00f6ljy (keskipitk\u00e4ketjuiset triglyseridit, mct)<\/td>\n<\/tr>\n<\/tbody>\n<\/table>\n<\/details>\n<p>&nbsp;<\/p>","protected":false},"featured_media":772,"template":"","meta":[],"product_cat":[155,309],"product_tag":[163,319],"class_list":{"0":"post-771","1":"product","2":"type-product","3":"status-publish","4":"has-post-thumbnail","6":"product_cat-weight-control-metabolism","7":"product_cat-weight-management-and-definition","8":"product_tag-weight-control-metabolism","9":"product_tag-weight-management-and-definition","11":"first","12":"instock","13":"taxable","14":"shipping-taxable","15":"purchasable","16":"product-type-simple"},"aioseo_notices":[],"_links":{"self":[{"href":"https:\/\/www.selfprotein.com\/fi\/wp-json\/wp\/v2\/product\/771"}],"collection":[{"href":"https:\/\/www.selfprotein.com\/fi\/wp-json\/wp\/v2\/product"}],"about":[{"href":"https:\/\/www.selfprotein.com\/fi\/wp-json\/wp\/v2\/types\/product"}],"wp:featuredmedia":[{"embeddable":true,"href":"https:\/\/www.selfprotein.com\/fi\/wp-json\/wp\/v2\/media\/772"}],"wp:attachment":[{"href":"https:\/\/www.selfprotein.com\/fi\/wp-json\/wp\/v2\/media?parent=771"}],"wp:term":[{"taxonomy":"product_cat","embeddable":true,"href":"https:\/\/www.selfprotein.com\/fi\/wp-json\/wp\/v2\/product_cat?post=771"},{"taxonomy":"product_tag","embeddable":true,"href":"https:\/\/www.selfprotein.com\/fi\/wp-json\/wp\/v2\/product_tag?post=771"}],"curies":[{"name":"wp","href":"https:\/\/api.w.org\/{rel}","templated":true}]}}