{"id":774,"date":"2023-11-27T13:44:07","date_gmt":"2023-11-27T12:44:07","guid":{"rendered":"https:\/\/34.88.231.180\/product\/mega-tribulus\/"},"modified":"2026-05-01T00:23:59","modified_gmt":"2026-04-30T22:23:59","slug":"tribulus-terrestris","status":"publish","type":"product","link":"https:\/\/www.selfprotein.com\/fi\/tuote\/tribulus-terrestris\/","title":{"rendered":"Tribulus Terrestris"},"content":{"rendered":"<p style=\"text-align: left\" align=\"center\"><strong><span lang=\"en-US\">Tribulus Terrestris<\/span><\/strong><\/p>\n<p><span lang=\"en-US\">Tribulus terrestris on kasvi, jota on k\u00e4ytetty vuosisatojen ajan perinteisess\u00e4 l\u00e4\u00e4ketieteess\u00e4, kuten ayurveda ja perinteinen kiinalainen l\u00e4\u00e4ketiede, monenlaisten terveyshy\u00f6tyjen vuoksi.<\/span><\/p>\n<p><span lang=\"en-US\">Tribulus terrestris -lis\u00e4ravinteiden k\u00e4yt\u00f6n harkitseminen voi olla valinta niille, jotka haluavat parantaa seksuaaliterveytt\u00e4\u00e4n, lis\u00e4t\u00e4 energiatasojaan ja parantaa fyysist\u00e4 suorituskyky\u00e4, mutta on t\u00e4rke\u00e4\u00e4 aina neuvotella terveydenhuollon ammattilaisen kanssa ennen mink\u00e4\u00e4n lis\u00e4ravinteiden k\u00e4yt\u00f6n aloittamista.<\/span><\/p>\n<p><span lang=\"en-US\">T\u00e4ss\u00e4 on muutamia Tribulus terrestrikseen liittyvi\u00e4 etuja:<\/span><\/p>\n<ul>\n<li><strong><span lang=\"en-US\">Lis\u00e4\u00e4ntynyt testosteronitaso:<\/span><\/strong><span lang=\"en-US\"> Tribulus terrestris -lis\u00e4ravinteita mainostetaan usein luonnollisina testosteronin vahvistajina kasvissa olevien saponiinien vuoksi, joiden uskotaan stimuloivan t\u00e4m\u00e4n v\u00e4ltt\u00e4m\u00e4tt\u00f6m\u00e4n hormonin tuotantoa.<\/span><\/li>\n<li><strong><span lang=\"en-US\">Parannettu urheilullinen suorituskyky:<\/span><\/strong><span lang=\"en-US\"> Tutkimukset ovat osoittaneet, ett\u00e4 Tribulus terrestris saattaa parantaa fyysist\u00e4 suorituskyky\u00e4 v\u00e4hent\u00e4m\u00e4ll\u00e4 v\u00e4symyst\u00e4 ja lis\u00e4\u00e4m\u00e4ll\u00e4 kest\u00e4vyytt\u00e4 liikunnan aikana, mik\u00e4 voisi olla erityisen hy\u00f6dyllist\u00e4 urheilijoille ja urheilun harrastajille.<\/span><\/li>\n<li><strong><span lang=\"en-US\">Parempi seksuaalinen toiminta:<\/span><\/strong><span lang=\"en-US\"> Tribulus terrestris on joissakin tutkimuksissa yhdistetty parempaan seksuaaliseen toimintaan ja libidoon, mik\u00e4 tarjoaa potentiaalisia etuja niille, jotka haluavat parantaa seksuaalista terveytt\u00e4\u00e4n ja yleist\u00e4 hyvinvointiaan.<\/span><\/li>\n<li><strong><span lang=\"en-US\">Yleisen terveyden tukeminen:<\/span><\/strong><span lang=\"en-US\"> Sen lis\u00e4ksi, ett\u00e4 Tribulus terrestris vaikuttaa testosteroniin, se voi tarjota my\u00f6s muita terveyshy\u00f6tyj\u00e4 antioksidanttisten ja anti-inflammatoristen ominaisuuksiensa ansiosta, jotka voivat edist\u00e4\u00e4 yleist\u00e4 hyvinvointia.<\/span><\/li>\n<\/ul>\n<p><\/p>\n<p><strong><span lang=\"en-US\">Suositeltu k\u00e4ytt\u00f6<\/span><\/strong><\/p>\n<p><span lang=\"en-US\">Ota 3 tablettia ennen nukkumaanmenoa tai 30-45 minuuttia ennen liikuntaa.<\/span><\/p>\n<p class=\"xmprfx_MsoNormal\"><b>Ilmoitus:<\/b><\/p>\n<ul>\n<li>\u00a0Vain aikuisille, eik\u00e4 se korvaa monipuolista, tasapainoista ruokavaliota ja terveellisi\u00e4 el\u00e4m\u00e4ntapoja.<\/li>\n<li>\u00a0\u00c4l\u00e4 ylit\u00e4 suositeltua annosta.<\/li>\n<li>\u00a0\u00c4l\u00e4 k\u00e4yt\u00e4 sit\u00e4 imetyksen tai raskauden aikana neuvottelematta l\u00e4\u00e4k\u00e4rin kanssa.<\/li>\n<li>\u00a0S\u00e4ilyt\u00e4 tuote viile\u00e4ss\u00e4, kuivassa paikassa hyvin suljetussa pakkauksessa alle 3-vuotiaiden lasten ulottumattomissa.<\/li>\n<li>Saattaa sis\u00e4lt\u00e4\u00e4 pieni\u00e4 m\u00e4\u00e4ri\u00e4 maitoa, kauraa, kananmunaa ja soijaa.<\/li>\n<li>Laktoositon ja Gluteeniton.<\/li>\n<\/ul>","protected":false},"excerpt":{"rendered":"<details>\n<summary>Ainesosat<\/summary>\n<table style=\"text-align: center\">\n<tbody>\n<tr>\n<th>Ainesosat<\/th>\n<th>annosta kohti 3tabs<\/th>\n<\/tr>\n<tr>\n<td>Tribulus Terrestris e.s. fructus (90% Saponiinit)<\/td>\n<td>2400mg<\/td>\n<\/tr>\n<tr>\n<td colspan=\"2\"><strong>Muut ainesosat: <\/strong>stabilointiaineet (E460, E470b, E551)<\/td>\n<\/tr>\n<\/tbody>\n<\/table>\n<\/details>\n<p>&nbsp;<\/p>","protected":false},"featured_media":13894,"template":"","meta":[],"product_cat":[154,308],"product_tag":[162,318],"class_list":{"0":"post-774","1":"product","2":"type-product","3":"status-publish","4":"has-post-thumbnail","6":"product_cat-gain-performance","7":"product_cat-strength-and-muscle-mass","8":"product_tag-gain-performance","9":"product_tag-strength-and-muscle-mass","11":"first","12":"instock","13":"taxable","14":"shipping-taxable","15":"purchasable","16":"product-type-simple"},"aioseo_notices":[],"_links":{"self":[{"href":"https:\/\/www.selfprotein.com\/fi\/wp-json\/wp\/v2\/product\/774"}],"collection":[{"href":"https:\/\/www.selfprotein.com\/fi\/wp-json\/wp\/v2\/product"}],"about":[{"href":"https:\/\/www.selfprotein.com\/fi\/wp-json\/wp\/v2\/types\/product"}],"wp:featuredmedia":[{"embeddable":true,"href":"https:\/\/www.selfprotein.com\/fi\/wp-json\/wp\/v2\/media\/13894"}],"wp:attachment":[{"href":"https:\/\/www.selfprotein.com\/fi\/wp-json\/wp\/v2\/media?parent=774"}],"wp:term":[{"taxonomy":"product_cat","embeddable":true,"href":"https:\/\/www.selfprotein.com\/fi\/wp-json\/wp\/v2\/product_cat?post=774"},{"taxonomy":"product_tag","embeddable":true,"href":"https:\/\/www.selfprotein.com\/fi\/wp-json\/wp\/v2\/product_tag?post=774"}],"curies":[{"name":"wp","href":"https:\/\/api.w.org\/{rel}","templated":true}]}}