{"id":822,"date":"2023-11-27T13:45:44","date_gmt":"2023-11-27T12:45:44","guid":{"rendered":"https:\/\/34.88.231.180\/product\/mind-focus\/"},"modified":"2026-05-01T00:23:59","modified_gmt":"2026-04-30T22:23:59","slug":"mind-focus","status":"publish","type":"product","link":"https:\/\/www.selfprotein.com\/fi\/tuote\/mind-focus\/","title":{"rendered":"Mind Focus"},"content":{"rendered":"<p style=\"text-align: left\" align=\"center\"><strong><span lang=\"en-US\">Mind Focus<\/span><\/strong><\/p>\n<p><span lang=\"en-US\">Mind Focus Booster edustaa harppausta eteenp\u00e4in sellaisten lis\u00e4ravinteiden alalla, jotka on suunniteltu optimoimaan henkist\u00e4 selkeytt\u00e4, keskittymist\u00e4 ja keskittymist\u00e4. T\u00e4m\u00e4 edistyksellinen lis\u00e4osa palvelee monenlaisia yksil\u00f6it\u00e4, kuten opiskelijoita, ammattilaisia, urheilijoita ja kaikkia, jotka haluavat parantaa kognitiivisia kykyj\u00e4\u00e4n maksimoidakseen henkisen tuottavuuden.<\/span><\/p>\n<p><span lang=\"en-US\">Mind Focus Boosterin edut:<\/span><\/p>\n<ul>\n<li><strong><span lang=\"en-US\">Parempi keskittyminen ja henkinen selkeys:<\/span><\/strong><span lang=\"en-US\"> Sen ainutlaatuinen kaava, joka on rikastettu nootrooppisilla ainesosilla, edist\u00e4\u00e4 korkeaa henkist\u00e4 keskittymist\u00e4 ja ylivoimaista ajatuksen selkeytt\u00e4.<\/span><\/li>\n<li><strong><span lang=\"en-US\">Parannettu muisti ja kognitiivinen toiminta:<\/span><\/strong><span lang=\"en-US\"> Bacopa Monnieri on tunnettu kasvi, jota k\u00e4ytet\u00e4\u00e4n muistin parantamiseen, joten tuote tukee merkitt\u00e4v\u00e4sti kognitiivisia toimintoja.<\/span><\/li>\n<li><strong><span lang=\"en-US\">Stressin ja henkisen v\u00e4symyksen v\u00e4hent\u00e4minen:<\/span><\/strong><span lang=\"en-US\"> L-teaniini rentouttaa, v\u00e4hent\u00e4\u00e4 stressi\u00e4 ja edist\u00e4\u00e4 rauhallisempaa ja joustavampaa mielt\u00e4.<\/span><\/li>\n<li><strong><span lang=\"en-US\">Lis\u00e4\u00e4ntynyt henkinen valppaus ja valppaus:<\/span><\/strong><span lang=\"en-US\"> Guaranan stimuloivien vaikutusten ansiosta Mind Focus Booster parantaa henkist\u00e4 vireystilaa, lis\u00e4\u00e4 tarkkaavaisuutta ja reagointikyky\u00e4.<\/span><\/li>\n<li><strong><span lang=\"en-US\">Pitk\u00e4aikainen tuki aivojen terveydelle:<\/span><\/strong><span lang=\"en-US\"> V\u00e4ltt\u00e4m\u00e4tt\u00f6m\u00e4t lis\u00e4ravinteet, kuten B6-, B9- (foolihappo) ja B12-vitamiinit, edist\u00e4v\u00e4t hermoston terveytt\u00e4 ja tukevat kognitiivisia toimintoja pitk\u00e4ll\u00e4 aikav\u00e4lill\u00e4.<\/span><\/li>\n<\/ul>\n<p>&nbsp;<\/p>\n<p><strong><span lang=\"en-US\">Suositeltu k\u00e4ytt\u00f6<\/span><\/strong><\/p>\n<p><span lang=\"en-US\">On suositeltavaa ottaa 2 kapselia henkisen v\u00e4symyksen aikana.<\/span><\/p>\n<p><strong>Ilmoitus:<\/strong><\/p>\n<ul>\n<li>Vain aikuisille, eik\u00e4 se korvaa monipuolista, tasapainoista ruokavaliota ja terveellisi\u00e4 el\u00e4m\u00e4ntapoja.<\/li>\n<li>\u00c4l\u00e4 ylit\u00e4 suositeltua annosta.<\/li>\n<li>\u00c4l\u00e4 k\u00e4yt\u00e4 sit\u00e4 imetyksen tai raskauden aikana neuvottelematta l\u00e4\u00e4k\u00e4rin kanssa.<\/li>\n<li>S\u00e4ilyt\u00e4 tuote viile\u00e4ss\u00e4, kuivassa paikassa hyvin suljetussa pakkauksessa alle 3-vuotiaiden lasten ulottumattomissa.<\/li>\n<li>Saattaa sis\u00e4lt\u00e4\u00e4 pieni\u00e4 m\u00e4\u00e4ri\u00e4 maitoa, kauraa, kananmunaa ja soijaa.<\/li>\n<li>Laktoositon ja Gluteeniton.<\/li>\n<\/ul>","protected":false},"excerpt":{"rendered":"<details>\n<summary>Ainesosat<\/summary>\n<table style=\"text-align: center\">\n<tbody>\n<tr>\n<th>Ravitsemukselliset tiedot<\/th>\n<th>per 2 cps<\/th>\n<th>%NRV*<\/th>\n<\/tr>\n<tr>\n<td>Guaran\u00e0 (Paullinia Cupana Kunth) siemen e.s tit 22% kofeiini<\/td>\n<td>400mg<\/td>\n<td><\/td>\n<\/tr>\n<tr>\n<td>josta kofeiinia<\/td>\n<td>88mg<\/td>\n<td><\/td>\n<\/tr>\n<tr>\n<td>L-teaniini<\/td>\n<td>300mg<\/td>\n<td><\/td>\n<\/tr>\n<tr>\n<td>Rhodiola Rosea, L. radix) e.s. tit 3% In rosavin<\/td>\n<td>300mg<\/td>\n<td><\/td>\n<\/tr>\n<tr>\n<td>joista Rosavin<\/td>\n<td>9g<\/td>\n<td><\/td>\n<\/tr>\n<tr>\n<td>Bacopa Monnieri (L.) Pennel herba e.s tit 55% Bacoside<\/td>\n<td>200g<\/td>\n<td><\/td>\n<\/tr>\n<tr>\n<td>joista batsosidi<\/td>\n<td>110mg<\/td>\n<td><\/td>\n<\/tr>\n<tr>\n<td>B6-vitamiini (Pyridoxine Hcl)<\/td>\n<td>1,4mg<\/td>\n<td>100<\/td>\n<\/tr>\n<tr>\n<td>Foolihappo<\/td>\n<td>200\u03bcg<\/td>\n<td>100<\/td>\n<\/tr>\n<tr>\n<td>B12-vitamiini (mekobalamiini)<\/td>\n<td>2,5\u03bcg<\/td>\n<td>100<\/td>\n<\/tr>\n<tr>\n<td colspan=\"3\"><strong>Muut ainesosat: <\/strong>maltodekstriini, stabilointiaine E470b, vegaaninen kapseli (E1204).<\/td>\n<\/tr>\n<tr>\n<td colspan=\"3\"><strong>*%NRV: <\/strong>ravitsemuksellinen viitearvo<\/td>\n<\/tr>\n<\/tbody>\n<\/table>\n<\/details>\n<p>&nbsp;<\/p>","protected":false},"featured_media":15302,"template":"","meta":[],"product_cat":[312,214],"product_tag":[314,258],"class_list":{"0":"post-822","1":"product","2":"type-product","3":"status-publish","4":"has-post-thumbnail","6":"product_cat-health-and-wellness","7":"product_cat-vitamins-wellness","8":"product_tag-health-and-wellness","9":"product_tag-vitamins-wellness","11":"first","12":"instock","13":"taxable","14":"shipping-taxable","15":"purchasable","16":"product-type-simple"},"aioseo_notices":[],"_links":{"self":[{"href":"https:\/\/www.selfprotein.com\/fi\/wp-json\/wp\/v2\/product\/822"}],"collection":[{"href":"https:\/\/www.selfprotein.com\/fi\/wp-json\/wp\/v2\/product"}],"about":[{"href":"https:\/\/www.selfprotein.com\/fi\/wp-json\/wp\/v2\/types\/product"}],"wp:featuredmedia":[{"embeddable":true,"href":"https:\/\/www.selfprotein.com\/fi\/wp-json\/wp\/v2\/media\/15302"}],"wp:attachment":[{"href":"https:\/\/www.selfprotein.com\/fi\/wp-json\/wp\/v2\/media?parent=822"}],"wp:term":[{"taxonomy":"product_cat","embeddable":true,"href":"https:\/\/www.selfprotein.com\/fi\/wp-json\/wp\/v2\/product_cat?post=822"},{"taxonomy":"product_tag","embeddable":true,"href":"https:\/\/www.selfprotein.com\/fi\/wp-json\/wp\/v2\/product_tag?post=822"}],"curies":[{"name":"wp","href":"https:\/\/api.w.org\/{rel}","templated":true}]}}