{"id":825,"date":"2023-11-27T13:45:48","date_gmt":"2023-11-27T12:45:48","guid":{"rendered":"https:\/\/34.88.231.180\/product\/multivitamin\/"},"modified":"2026-04-01T00:00:27","modified_gmt":"2026-03-31T22:00:27","slug":"multivitamin-pro","status":"publish","type":"product","link":"https:\/\/www.selfprotein.com\/fi\/tuote\/multivitamin-pro\/","title":{"rendered":"Multivitamin Pro"},"content":{"rendered":"<p><strong>Tuotteen yleiskatsaus:<\/strong><\/p>\n<p>MULTIVITAMIN PRO sis\u00e4lt\u00e4\u00e4 vitamiineja ja kivenn\u00e4isaineita, joita elimist\u00f6si tarvitsee optimaaliseen toimintaan, aivan kuten nimikin kertoo. T\u00e4ydellinen henkil\u00f6ille, joiden kalorim\u00e4\u00e4r\u00e4\u00e4 on v\u00e4hennetty tai joiden n\u00e4iden ravintoaineiden tarve on lis\u00e4\u00e4ntynyt. Eritt\u00e4in hy\u00f6dyllinen fyysisen ja henkisen v\u00e4symyksen aikana, joka johtuu lis\u00e4\u00e4ntyneest\u00e4 harjoituskuormituksesta, stressaavasta liikunnasta, kuumeesta tai \u00e4\u00e4rimm\u00e4isest\u00e4 kuumuudesta.<\/p>\n<p><strong>T\u00e4rkeimm\u00e4t edut:<\/strong><\/p>\n<ul>\n<li>Varmistaa vitamiinien ja kivenn\u00e4isaineiden suositellun p\u00e4ivitt\u00e4isen annostuksen.<\/li>\n<li>Tukee immuunipuolustusta<\/li>\n<li>Edist\u00e4\u00e4 energian normaalia vaihtuvuutta<\/li>\n<li>Suojaa soluja hapettumisstressilt\u00e4<\/li>\n<\/ul>\n<p>&nbsp;<\/p>\n<p><b>Ilmoitus:<\/b><\/p>\n<ul>\n<li>Vain aikuisille, eik\u00e4 se korvaa monipuolista, tasapainoista ruokavaliota ja terveellisi\u00e4 el\u00e4m\u00e4ntapoja.<\/li>\n<li>\u00c4l\u00e4 ylit\u00e4 suositeltua annosta.<\/li>\n<li>Suositeltu annos : 1 kapseli p\u00e4iv\u00e4ss\u00e4.<\/li>\n<li>\u00c4l\u00e4 k\u00e4yt\u00e4 sit\u00e4 imetyksen tai raskauden aikana neuvottelematta l\u00e4\u00e4k\u00e4rin kanssa.<\/li>\n<li>S\u00e4ilyt\u00e4 tuote viile\u00e4ss\u00e4, kuivassa paikassa hyvin suljetussa pakkauksessa alle 3-vuotiaiden lasten ulottumattomissa.<\/li>\n<li>Saattaa sis\u00e4lt\u00e4\u00e4 pieni\u00e4 m\u00e4\u00e4ri\u00e4 maitoa, kauraa, kananmunaa ja soijaa.<\/li>\n<li>Laktoositon ja Gluteeniton.<\/li>\n<\/ul>","protected":false},"excerpt":{"rendered":"<p>Tuotteen yleiskatsaus: MULTIVITAMIN PRO sis\u00e4lt\u00e4\u00e4 vitamiineja ja kivenn\u00e4isaineita, joita elimist\u00f6si tarvitsee optimaaliseen toimintaan, aivan kuten nimikin kertoo. T\u00e4ydellinen henkil\u00f6ille, joiden kalorim\u00e4\u00e4r\u00e4\u00e4 on v\u00e4hennetty tai joiden n\u00e4iden ravintoaineiden tarve on lis\u00e4\u00e4ntynyt. Eritt\u00e4in hy\u00f6dyllinen fyysisen ja henkisen v\u00e4symyksen aikana, joka johtuu lis\u00e4\u00e4ntyneest\u00e4 harjoituskuormituksesta, stressaavasta liikunnasta, kuumeesta tai \u00e4\u00e4rimm\u00e4isest\u00e4 kuumuudesta. Keskeiset hy\u00f6dyt: [...]<\/p>","protected":false},"featured_media":13881,"template":"","meta":[],"product_cat":[312,214],"product_tag":[314,258],"class_list":{"0":"post-825","1":"product","2":"type-product","3":"status-publish","4":"has-post-thumbnail","6":"product_cat-health-and-wellness","7":"product_cat-vitamins-wellness","8":"product_tag-health-and-wellness","9":"product_tag-vitamins-wellness","11":"first","12":"instock","13":"taxable","14":"shipping-taxable","15":"purchasable","16":"product-type-variable"},"aioseo_notices":[],"_links":{"self":[{"href":"https:\/\/www.selfprotein.com\/fi\/wp-json\/wp\/v2\/product\/825"}],"collection":[{"href":"https:\/\/www.selfprotein.com\/fi\/wp-json\/wp\/v2\/product"}],"about":[{"href":"https:\/\/www.selfprotein.com\/fi\/wp-json\/wp\/v2\/types\/product"}],"wp:featuredmedia":[{"embeddable":true,"href":"https:\/\/www.selfprotein.com\/fi\/wp-json\/wp\/v2\/media\/13881"}],"wp:attachment":[{"href":"https:\/\/www.selfprotein.com\/fi\/wp-json\/wp\/v2\/media?parent=825"}],"wp:term":[{"taxonomy":"product_cat","embeddable":true,"href":"https:\/\/www.selfprotein.com\/fi\/wp-json\/wp\/v2\/product_cat?post=825"},{"taxonomy":"product_tag","embeddable":true,"href":"https:\/\/www.selfprotein.com\/fi\/wp-json\/wp\/v2\/product_tag?post=825"}],"curies":[{"name":"wp","href":"https:\/\/api.w.org\/{rel}","templated":true}]}}