{"id":831,"date":"2023-11-27T13:47:49","date_gmt":"2023-11-27T12:47:49","guid":{"rendered":"https:\/\/34.88.231.180\/product\/multivitamin-liquid\/"},"modified":"2026-04-01T00:00:25","modified_gmt":"2026-03-31T22:00:25","slug":"multivitamin-liquid","status":"publish","type":"product","link":"https:\/\/www.selfprotein.com\/fi\/tuote\/multivitamin-liquid\/","title":{"rendered":"Multivitamin Liquid"},"content":{"rendered":"<p style=\"text-align: left\" align=\"center\"><strong><span lang=\"en-US\">Multivitamin Liquid<\/span><\/strong><\/p>\n<p><span lang=\"en-US\">Multivitamin Liquid on ravintolis\u00e4, joka sis\u00e4lt\u00e4\u00e4 yhdistelm\u00e4n v\u00e4ltt\u00e4m\u00e4tt\u00f6mi\u00e4 vitamiineja ja kivenn\u00e4isaineita. T\u00e4m\u00e4 tuote on suunniteltu t\u00e4ydent\u00e4m\u00e4\u00e4n henkil\u00f6n ruokavaliota, auttamaan t\u00e4ytt\u00e4m\u00e4\u00e4n mahdolliset ravitsemukselliset puutteet ja varmistamaan terveyden kannalta t\u00e4rkeiden ravintoaineiden riitt\u00e4v\u00e4 saanti.<\/span><\/p>\n<p><span lang=\"en-US\">Monivitamiininesteen edut:<\/span><\/p>\n<ul>\n<li><strong><span lang=\"en-US\">Ravitsemuksellisten puutteiden t\u00e4ytt\u00e4minen:<\/span><\/strong><span lang=\"en-US\"> Monivitamiinineste tarjoaa k\u00e4tev\u00e4n tavan varmistaa, ett\u00e4 saat kaikki elimist\u00f6si tarvitsemat vitamiinit ja kivenn\u00e4isaineet, ja auttaa t\u00e4ytt\u00e4m\u00e4\u00e4n p\u00e4ivitt\u00e4isen ruokavalion puutteet.<\/span><\/li>\n<li><strong><span lang=\"en-US\">V\u00e4ltt\u00e4m\u00e4tt\u00f6mien ravintoaineiden saanti:<\/span><\/strong><span lang=\"en-US\"> T\u00e4m\u00e4 ravintolis\u00e4 sis\u00e4lt\u00e4\u00e4 laajan valikoiman vitamiineja, kuten A-, C-, D-, E- ja B-ryhm\u00e4n vitamiineja, sek\u00e4 kivenn\u00e4isaineita, kuten kalsiumia, rautaa ja sinkki\u00e4, jotka ovat elimist\u00f6n asianmukaisen toiminnan kannalta ratkaisevia.<\/span><\/li>\n<li><strong><span lang=\"en-US\">Yleisen terveyden tukeminen:<\/span><\/strong><span lang=\"en-US\"> Multivitamin Liquidin sis\u00e4lt\u00e4m\u00e4t vitamiinit ja kivenn\u00e4isaineet tukevat monia elint\u00e4rkeit\u00e4 elintoimintoja immuunij\u00e4rjestelm\u00e4st\u00e4 luuston ja ihon terveyteen sek\u00e4 syd\u00e4men terveydest\u00e4 yleiseen hyvinvointiin.<\/span><\/li>\n<li><strong><span lang=\"en-US\">Kulutuksen mukavuus:<\/span><\/strong><span lang=\"en-US\"> Monivitamiinin nestem\u00e4inen muoto tarjoaa helpon ja nopean kulutustavan, joka on ihanteellinen niille, jotka haluavat v\u00e4ltt\u00e4\u00e4 pillereit\u00e4 tai joilla on vaikeuksia niell\u00e4 niit\u00e4.<\/span><\/li>\n<\/ul>\n<p>&nbsp;<\/p>\n<p><span lang=\"en-US\">On t\u00e4rke\u00e4\u00e4 muistaa, ett\u00e4 nestem\u00e4inen monivitamiinivalmiste ei korvaa tasapainoista ja monipuolista ruokavaliota. On ratkaisevan t\u00e4rke\u00e4\u00e4 jatkaa runsaasti hedelmi\u00e4, vihanneksia, proteiineja ja t\u00e4ysjyv\u00e4viljaa sis\u00e4lt\u00e4v\u00e4n ruokavalion noudattamista, jotta voidaan varmistaa ravintoaineiden riitt\u00e4v\u00e4 saanti ja edist\u00e4\u00e4 terveytt\u00e4 pitk\u00e4ll\u00e4 aikav\u00e4lill\u00e4.<\/span><\/p>\n<p><strong><span lang=\"en-US\">Suositeltu k\u00e4ytt\u00f6<\/span><\/strong><\/p>\n<p><span lang=\"en-US\">1 annos (15 ml) p\u00e4iv\u00e4ss\u00e4.<\/span><\/p>\n<p class=\"xmprfx_MsoNormal\"><b>Ilmoitus:<\/b><\/p>\n<ul>\n<li>Vain aikuisille, eik\u00e4 se korvaa monipuolista, tasapainoista ruokavaliota ja terveellisi\u00e4 el\u00e4m\u00e4ntapoja.<\/li>\n<li>\u00c4l\u00e4 ylit\u00e4 suositeltua annosta.<\/li>\n<li>\u00c4l\u00e4 k\u00e4yt\u00e4 sit\u00e4 imetyksen tai raskauden aikana neuvottelematta l\u00e4\u00e4k\u00e4rin kanssa.<\/li>\n<li>S\u00e4ilyt\u00e4 tuote viile\u00e4ss\u00e4, kuivassa paikassa hyvin suljetussa pakkauksessa alle 3-vuotiaiden lasten ulottumattomissa.<\/li>\n<li>Saattaa sis\u00e4lt\u00e4\u00e4 pieni\u00e4 m\u00e4\u00e4ri\u00e4 maitoa, kauraa, kananmunaa ja soijaa.<\/li>\n<li>Laktoositon ja Gluteeniton.<\/li>\n<\/ul>","protected":false},"excerpt":{"rendered":"<details>\n<summary>Ainesosat<\/summary>\n<table style=\"text-align: center\">\n<tbody>\n<tr>\n<th>Ainesosat<\/th>\n<th>per 100ml<\/th>\n<th>annosta kohti 15ml<\/th>\n<th>NRV* annosta kohti<\/th>\n<\/tr>\n<tr>\n<td>A-vitamiini (retinyyliasetaatti)<\/td>\n<td>5328\u03bcg<\/td>\n<td>800\u03bcg<\/td>\n<td>100<\/td>\n<\/tr>\n<tr>\n<td>D-vitamiini (kolekalsiferoli)<\/td>\n<td>33,3\u03bcg<\/td>\n<td>5\u03bcg<\/td>\n<td>100<\/td>\n<\/tr>\n<tr>\n<td>E-vitamiini (D-alfatokoferoli)<\/td>\n<td>79,92mg<\/td>\n<td>12mg<\/td>\n<td>100<\/td>\n<\/tr>\n<tr>\n<td>C-vitamiini (askorbiinihappo)<\/td>\n<td>532,8mg<\/td>\n<td>80mg<\/td>\n<td>100<\/td>\n<\/tr>\n<tr>\n<td>B1-vitamiini (Tiamiini Hcl)<\/td>\n<td>7,33mg<\/td>\n<td>1,1mg<\/td>\n<td>100<\/td>\n<\/tr>\n<tr>\n<td>B2-vitamiini (riboflaviini)<\/td>\n<td>9,32mg<\/td>\n<td>1,4mg<\/td>\n<td>100<\/td>\n<\/tr>\n<tr>\n<td>B3-vitamiini (nikotiiniamidi)<\/td>\n<td>105,6mg<\/td>\n<td>16mg<\/td>\n<td>100<\/td>\n<\/tr>\n<tr>\n<td>B6-vitamiini (Pyridoxine Hcl)<\/td>\n<td>9,32mg<\/td>\n<td>1,4mg<\/td>\n<td>100<\/td>\n<\/tr>\n<tr>\n<td>Foolihappo<\/td>\n<td>1320\u03bcg<\/td>\n<td>200\u03bcg<\/td>\n<td>100<\/td>\n<\/tr>\n<tr>\n<td>B12-vitamiini (mekobalamiini)<\/td>\n<td>16,65\u03bcg<\/td>\n<td>2,5\u03bcg<\/td>\n<td>100<\/td>\n<\/tr>\n<tr>\n<td>Biotiini (D-Biotiini)<\/td>\n<td>333\u03bcg<\/td>\n<td>50\u03bcg<\/td>\n<td>100<\/td>\n<\/tr>\n<tr>\n<td>Pantoteenihappo (kalsium-D-pantotenaatti)<\/td>\n<td>39,96mg<\/td>\n<td>6mg<\/td>\n<td>100<\/td>\n<\/tr>\n<tr>\n<td>Rauta (fumaraattirauta)<\/td>\n<td>92,4mg<\/td>\n<td>14mg<\/td>\n<td>100<\/td>\n<\/tr>\n<tr>\n<td>Sinkki (sinkkiglukonaatti)<\/td>\n<td>66,6mg<\/td>\n<td>10mg<\/td>\n<td>100<\/td>\n<\/tr>\n<tr>\n<td>Kupari (kupariglukonaatti)<\/td>\n<td>6,6mg<\/td>\n<td>1mg<\/td>\n<td>100<\/td>\n<\/tr>\n<tr>\n<td>Mangaani (mangaaniglukonaatti)<\/td>\n<td>13,32mg<\/td>\n<td>2mg<\/td>\n<td>100<\/td>\n<\/tr>\n<tr>\n<td>Seleeni (natriumselenaatti)<\/td>\n<td>366,3\u03bcg<\/td>\n<td>55\u03bcg<\/td>\n<td>100<\/td>\n<\/tr>\n<tr>\n<td>Kromi (kromikloridi)<\/td>\n<td>266,4\u03bcg<\/td>\n<td>40\u03bcg<\/td>\n<td>100<\/td>\n<\/tr>\n<tr>\n<td>Jodi (kaliumjodaatti)<\/td>\n<td>999\u03bcg<\/td>\n<td>150\u03bcg<\/td>\n<td>100<\/td>\n<\/tr>\n<tr>\n<td colspan=\"4\"><strong>Muut ainesosat: <\/strong>vesi, happamuudens\u00e4\u00e4t\u00f6aine (E296), s\u00e4il\u00f6nt\u00e4aineet (E211,E202), aromit, makeutusaine (E955).<\/td>\n<\/tr>\n<tr>\n<td colspan=\"4\"><strong>*%NRV: <\/strong>ravitsemuksellinen viitearvo<\/td>\n<\/tr>\n<\/tbody>\n<\/table>\n<\/details>\n<p>&nbsp;<\/p>","protected":false},"featured_media":832,"template":"","meta":[],"product_cat":[214],"product_tag":[258],"class_list":{"0":"post-831","1":"product","2":"type-product","3":"status-publish","4":"has-post-thumbnail","6":"product_cat-vitamins-wellness","7":"product_tag-vitamins-wellness","9":"first","10":"instock","11":"taxable","12":"shipping-taxable","13":"purchasable","14":"product-type-simple"},"aioseo_notices":[],"_links":{"self":[{"href":"https:\/\/www.selfprotein.com\/fi\/wp-json\/wp\/v2\/product\/831"}],"collection":[{"href":"https:\/\/www.selfprotein.com\/fi\/wp-json\/wp\/v2\/product"}],"about":[{"href":"https:\/\/www.selfprotein.com\/fi\/wp-json\/wp\/v2\/types\/product"}],"wp:featuredmedia":[{"embeddable":true,"href":"https:\/\/www.selfprotein.com\/fi\/wp-json\/wp\/v2\/media\/832"}],"wp:attachment":[{"href":"https:\/\/www.selfprotein.com\/fi\/wp-json\/wp\/v2\/media?parent=831"}],"wp:term":[{"taxonomy":"product_cat","embeddable":true,"href":"https:\/\/www.selfprotein.com\/fi\/wp-json\/wp\/v2\/product_cat?post=831"},{"taxonomy":"product_tag","embeddable":true,"href":"https:\/\/www.selfprotein.com\/fi\/wp-json\/wp\/v2\/product_tag?post=831"}],"curies":[{"name":"wp","href":"https:\/\/api.w.org\/{rel}","templated":true}]}}